{"id":31955,"date":"2025-07-02T03:28:58","date_gmt":"2025-07-02T03:28:58","guid":{"rendered":"https:\/\/volovape.com\/?post_type=product&#038;p=31955"},"modified":"2026-04-14T06:07:29","modified_gmt":"2026-04-14T06:07:29","slug":"fihp-60k-dreifach-3-in-1","status":"publish","type":"product","link":"https:\/\/volovape.com\/de\/product\/fihp-60k-triple-3-in-1\/","title":{"rendered":"FIHP 60K Triple 3-in-1 | 60000 Z\u00fcge dreifachen Geschmack bulk Einweg vape"},"content":{"rendered":"<h4>\ud83d\ude80 FIHP 60000 Triple: 3-in-1 Vape f\u00fcr ultimativen Geschmack &amp; Wert! \ud83c\udf2c\ufe0f<\/h4>\n<p>Perfekt f\u00fcr Geschmacksliebhaber und Wolkenj\u00e4ger, aber auch eine unschlagbare Wahl f\u00fcr den Gro\u00dfhandel!<\/p>\n<h3>\u2728 Warum Sie das FIHP 60000 Triple ben\u00f6tigen:<\/h3>\n<ul>\n<li><strong>Dreifacher Geschmacks-Spa\u00df:<\/strong> Wechseln Sie jederzeit zwischen 3\ufe0f\u20e3 verschiedenen Geschmacksrichtungen.<\/li>\n<li><strong>Massive Puffanzahl:<\/strong> Erhalten Sie eine unglaubliche <strong>60.000 Z\u00fcge<\/strong> f\u00fcr ein l\u00e4ngeres Vergn\u00fcgen.<\/li>\n<li><strong>\u00dcberlegener Geschmack und Wolken:<\/strong> Ausgestattet mit leistungsstarken <strong>Doppelmaschenspulen (0,9\u03a9)<\/strong> f\u00fcr reichhaltige, zufriedenstellende D\u00e4mpfe.<\/li>\n<li><strong>Intelligent und bequem:<\/strong> Bleiben Sie informiert mit dem <strong>Intelligenter LED-Bildschirm<\/strong> f\u00fcr Batterie- und E-Liquid-F\u00fcllstand.<\/li>\n<li><strong>Schnelles Laden:<\/strong> Schnelles Aufladen \u00fcber die zuverl\u00e4ssige <strong>Typ-C-Anschluss<\/strong>.<\/li>\n<li><strong>Gro\u00dfhandel bereit:<\/strong> Ein ideales Produkt mit hohem Volumen f\u00fcr Vape-Shops, die ihre Kunden beeindrucken wollen! \ud83d\udcc8<\/li>\n<\/ul>\n<h3>\ud83d\udd25 Wichtige Spezifikationen:<\/h3>\n<ul>\n<li><strong>Zugkapazit\u00e4t:<\/strong> 60.000 Puffs<\/li>\n<li><strong>E-Liquid Kapazit\u00e4t:<\/strong> 54mL insgesamt (Dreifach-Geschmackskammern)<\/li>\n<li><strong>Batterie:<\/strong> 850mAh Wiederaufladbar (Typ-C)<\/li>\n<li><strong>Spulen:<\/strong> Doppelte Masche 0,9\u03a9<\/li>\n<li><strong>Nikotinst\u00e4rke:<\/strong> 2% \/ 5%<\/li>\n<li><strong>Anzeige:<\/strong> LED-Smart-Bildschirm<\/li>\n<li><strong>Abmessungen:<\/strong> 42\u00d742\u00d7110mm<\/li>\n<\/ul>\n<h3>\ud83c\udf6d Entdecken Sie die Geschmacksrotationen:<\/h3>\n<table border=\"1\" cellpadding=\"5\">\n<thead>\n<tr>\n<th>Kammer A<\/th>\n<th>Kammer B<\/th>\n<th>Kammer C<\/th>\n<\/tr>\n<\/thead>\n<tbody>\n<tr>\n<td>Wassermeloneneis<\/td>\n<td>Red Bull<\/td>\n<td>Erdbeer-Kiwi<\/td>\n<\/tr>\n<tr>\n<td>Zitrone Limette<\/td>\n<td>Erdbeere Wassermelone<\/td>\n<td>Blaubeereis<\/td>\n<\/tr>\n<tr>\n<td>Erdbeere Banane<\/td>\n<td>Doppelter Apfel<\/td>\n<td>Himbeer-Wassermelone<\/td>\n<\/tr>\n<tr>\n<td>Erdbeer-Kiwi<\/td>\n<td>Saure Mango-Ananas<\/td>\n<td>Red Bull<\/td>\n<\/tr>\n<tr>\n<td>Tropische Fr\u00fcchte<\/td>\n<td>Erdbeere Wassermelone<\/td>\n<td>Zitrone Pfirsich<\/td>\n<\/tr>\n<tr>\n<td>Ananas Kokosnuss<\/td>\n<td>Blaue Himbeere<\/td>\n<td>Erdbeere Banane<\/td>\n<\/tr>\n<tr>\n<td>Erdbeere Himbeere<\/td>\n<td>Dreifache Melone<\/td>\n<td>Saure Mango-Ananas<\/td>\n<\/tr>\n<tr>\n<td>Beerenmischung<\/td>\n<td>Himbeer-Wassermelone<\/td>\n<td>Mango-Pfirsich<\/td>\n<\/tr>\n<tr>\n<td>Heidelbeere Himbeere<\/td>\n<td>Erdbeer-Vanille-Cola<\/td>\n<td>Zitrone Limette<\/td>\n<\/tr>\n<tr>\n<td>Wassermeloneneis<\/td>\n<td>Pfirsichbeere<\/td>\n<td>Dreifache Melone<\/td>\n<\/tr>\n<\/tbody>\n<\/table>","protected":false},"excerpt":{"rendered":"<p>Erleben Sie das ultimative Dampfen mit dem FIHP 60000 Triple 3-in-1! Dieses innovative Ger\u00e4t bietet erstaunliche 60.000 Z\u00fcge und l\u00e4sst Sie bei Bedarf zwischen drei unglaublichen Geschmacksrichtungen wechseln.<\/p>","protected":false},"featured_media":32219,"comment_status":"open","ping_status":"closed","template":"","meta":[],"product_brand":[238],"product_cat":[18,231,21,39,20,23,24,22,25,26,27,28,29,30,31,32,33,34,35,46,230,40],"product_tag":[],"class_list":{"0":"post-31955","1":"product","2":"type-product","3":"status-publish","4":"has-post-thumbnail","6":"product_brand-fihp","7":"product_cat-different-puffs-of-disposable-vapes","8":"product_cat-60000-puffs-disposable-vape","9":"product_cat-big-puffs-vapes","10":"product_cat-digital-box-vapes","11":"product_cat-disposable-vape-types","12":"product_cat-disposable-vapes-in-austria","13":"product_cat-disposable-vapes-in-belgium","14":"product_cat-disposable-vapes-in-europe","15":"product_cat-disposable-vapes-in-france","16":"product_cat-disposable-vapes-in-germany","17":"product_cat-disposable-vapes-in-hungary","18":"product_cat-disposable-vapes-in-ltaly","19":"product_cat-disposable-vapes-in-netherlands","20":"product_cat-disposable-vapes-in-norway","21":"product_cat-disposable-vapes-in-poland","22":"product_cat-disposable-vapes-in-portugal","23":"product_cat-disposable-vapes-in-spain","24":"product_cat-disposable-vapes-in-sweden","25":"product_cat-disposable-vapes-in-switzerland","26":"product_cat-fihp","27":"product_cat-new","28":"product_cat-smart-screen-vapes","30":"first","31":"instock","32":"shipping-taxable","33":"purchasable","34":"product-type-variable","35":"has-default-attributes"},"jetpack_sharing_enabled":true,"tiered_pricing_type":"fixed","tiered_pricing_fixed_rules":{"30":8.17999999999999971578290569595992565155029296875,"50":7.78000000000000024868995751603506505489349365234375,"100":7.28000000000000024868995751603506505489349365234375,"200":6.6699999999999999289457264239899814128875732421875,"400":6.36000000000000031974423109204508364200592041015625},"tiered_pricing_product_settings":{"layout":"default","base_unit_name":{"singular":null,"plural":null},"default_variation":null},"tiered_pricing_minimum_quantity":10,"tiered_pricing_roles_data":[],"tiered_pricing_percentage_rules":[],"tiered_pricing_maximum_quantity":null,"tiered_pricing_quantity_step":"10","_links":{"self":[{"href":"https:\/\/volovape.com\/de\/wp-json\/wp\/v2\/product\/31955","targetHints":{"allow":["GET"]}}],"collection":[{"href":"https:\/\/volovape.com\/de\/wp-json\/wp\/v2\/product"}],"about":[{"href":"https:\/\/volovape.com\/de\/wp-json\/wp\/v2\/types\/product"}],"replies":[{"embeddable":true,"href":"https:\/\/volovape.com\/de\/wp-json\/wp\/v2\/comments?post=31955"}],"wp:featuredmedia":[{"embeddable":true,"href":"https:\/\/volovape.com\/de\/wp-json\/wp\/v2\/media\/32219"}],"wp:attachment":[{"href":"https:\/\/volovape.com\/de\/wp-json\/wp\/v2\/media?parent=31955"}],"wp:term":[{"taxonomy":"product_brand","embeddable":true,"href":"https:\/\/volovape.com\/de\/wp-json\/wp\/v2\/product_brand?post=31955"},{"taxonomy":"product_cat","embeddable":true,"href":"https:\/\/volovape.com\/de\/wp-json\/wp\/v2\/product_cat?post=31955"},{"taxonomy":"product_tag","embeddable":true,"href":"https:\/\/volovape.com\/de\/wp-json\/wp\/v2\/product_tag?post=31955"}],"curies":[{"name":"wp","href":"https:\/\/api.w.org\/{rel}","templated":true}]}}