{"id":31954,"date":"2025-07-02T03:28:58","date_gmt":"2025-07-02T03:28:58","guid":{"rendered":"https:\/\/volovape.com\/?post_type=product&#038;p=31954"},"modified":"2025-08-06T11:48:33","modified_gmt":"2025-08-06T11:48:33","slug":"fumot-randm-tornado-30000-puffs","status":"publish","type":"product","link":"https:\/\/volovape.com\/de\/product\/fumot-randm-tornado-30000-puffs\/","title":{"rendered":"Fumot RandM Tornado 30000 | Musik-reaktive Lichter, Netz Spule, Einweg vape Gro\u00dfhandel"},"content":{"rendered":"<h2>Fumot RandM Tornado 30000 | Musik-Reaktiv Einweg-Vape<\/h2>\n<h3>Warum den Fumot RandM Tornado 30000 w\u00e4hlen \ud83d\ude80?<\/h3>\n<p>Erh\u00f6hen Sie Ihr Dampferlebnis mit dem <strong>Fumot RandM Tornado 30000<\/strong>! Dies ist nicht nur ein Vape, sondern eine Party in Ihrer Tasche. Genie\u00dfen Sie eine erstaunliche <strong>30.000 Z\u00fcge<\/strong> von reichen Geschmack, angetrieben durch eine massive 30mL e-Fl\u00fcssigkeit Kapazit\u00e4t und eine erweiterte 1.0\u03a9 Mesh-Spule f\u00fcr konsequent glatt zieht. Was ihn wirklich auszeichnet? Seine einzigartige <strong>musikabh\u00e4ngige LED-Lichter<\/strong> \ud83c\udfb6 die sich mit deinen Beats synchronisieren und jede Session in eine lebendige Lichtshow verwandeln! Und mit dem zuverl\u00e4ssigen 600mAh-Akku und dem Typ-C-Ladeanschluss haben Sie endlosen Genuss mit weniger Abfall. Perfekt f\u00fcr Verdampfer, die Leistung, Spa\u00df und Komfort suchen. \u2728<\/p>\n<h3>Hauptmerkmale und Spezifikationen \ud83d\udccb<\/h3>\n<ul>\n<li><strong>Anzahl der Z\u00fcge:<\/strong> 30.000 Z\u00fcge (massiv und langanhaltend)<\/li>\n<li><strong>E-Liquid Kapazit\u00e4t:<\/strong> 30mL (Vorgef\u00fcllt)<\/li>\n<li><strong>Nikotinoptionen:<\/strong> 2% und 5% (Nik-Salz)<\/li>\n<li><strong>Spulentyp:<\/strong> 1.0\u03a9 Mesh Coil (Erh\u00f6hter Geschmack &amp; Dampf)<\/li>\n<li><strong>Batterie:<\/strong> 600mAh wiederaufladbar (Typ-C Aufladung)<\/li>\n<li><strong>Besonderes Merkmal:<\/strong> Musikreaktive LED-Lichter (dynamisch und lustig)<\/li>\n<li><strong>Produkttyp:<\/strong> Disposable Vape (Gro\u00dfhandel verf\u00fcgbar)<\/li>\n<\/ul>\n<h3>Entdecke 30+ unwiderstehliche Geschmacksrichtungen! \ud83c\udf53\ud83e\udd6d\ud83e\uddca<\/h3>\n<p>Entdecken Sie Ihren n\u00e4chsten Lieblingsdampf aus unserer umfangreichen Auswahl von \u00fcber 30 beliebten Geschmacksrichtungen. Egal, ob Sie sich nach etwas Fruchtigem, Eisigem oder S\u00fc\u00dfem sehnen, der Fumot RandM Tornado 30000 hat einen Geschmack f\u00fcr jede Stimmung! \ud83c\udf08<\/p>\n<p><em>Beliebte Geschmacksrichtungen sind unter anderem:<\/em><\/p>\n<ul>\n<li>Blaues Razz-Eis \ud83d\udd35\u2744\ufe0f<\/li>\n<li>Pfirsich, Mango und Ananas \ud83c\udf51\ud83e\udd6d\ud83c\udf4d<\/li>\n<li>Lush Ice \ud83c\udf49\u2744\ufe0f<\/li>\n<li>Erdbeer-Wassermelone \ud83c\udf53\ud83c\udf49<\/li>\n<li>Und viele mehr!<\/li>\n<\/ul>\n<p><strong>Machen Sie sich bereit, das ultimative Vape-Abenteuer zu erleben! Holen Sie sich Ihren Fumot RandM Tornado 30000 noch heute!<\/strong> \ud83d\udd25<\/p>","protected":false},"excerpt":{"rendered":"<p>Erh\u00f6hen Sie Ihr Dampferlebnis mit dem Fumot RandM Tornado 30000! Dies ist nicht nur ein Verdampfer; es ist eine Party in Ihrer Tasche.<\/p>","protected":false},"featured_media":32209,"comment_status":"open","ping_status":"closed","template":"","meta":[],"product_brand":[237],"product_cat":[63,230,52],"product_tag":[],"class_list":{"0":"post-31954","1":"product","2":"type-product","3":"status-publish","4":"has-post-thumbnail","6":"product_brand-randm","7":"product_cat-30000-puffs-disposable-vape","8":"product_cat-new","9":"product_cat-randm","11":"first","12":"instock","13":"featured","14":"shipping-taxable","15":"purchasable","16":"product-type-variable","17":"has-default-attributes"},"jetpack_sharing_enabled":true,"tiered_pricing_type":"fixed","tiered_pricing_fixed_rules":{"2000":5.9900000000000002131628207280300557613372802734375},"tiered_pricing_product_settings":{"layout":"default","base_unit_name":{"singular":null,"plural":null},"default_variation":null},"tiered_pricing_minimum_quantity":1000,"tiered_pricing_roles_data":[],"tiered_pricing_percentage_rules":[],"tiered_pricing_maximum_quantity":null,"tiered_pricing_quantity_step":"10","_links":{"self":[{"href":"https:\/\/volovape.com\/de\/wp-json\/wp\/v2\/product\/31954","targetHints":{"allow":["GET"]}}],"collection":[{"href":"https:\/\/volovape.com\/de\/wp-json\/wp\/v2\/product"}],"about":[{"href":"https:\/\/volovape.com\/de\/wp-json\/wp\/v2\/types\/product"}],"replies":[{"embeddable":true,"href":"https:\/\/volovape.com\/de\/wp-json\/wp\/v2\/comments?post=31954"}],"wp:featuredmedia":[{"embeddable":true,"href":"https:\/\/volovape.com\/de\/wp-json\/wp\/v2\/media\/32209"}],"wp:attachment":[{"href":"https:\/\/volovape.com\/de\/wp-json\/wp\/v2\/media?parent=31954"}],"wp:term":[{"taxonomy":"product_brand","embeddable":true,"href":"https:\/\/volovape.com\/de\/wp-json\/wp\/v2\/product_brand?post=31954"},{"taxonomy":"product_cat","embeddable":true,"href":"https:\/\/volovape.com\/de\/wp-json\/wp\/v2\/product_cat?post=31954"},{"taxonomy":"product_tag","embeddable":true,"href":"https:\/\/volovape.com\/de\/wp-json\/wp\/v2\/product_tag?post=31954"}],"curies":[{"name":"wp","href":"https:\/\/api.w.org\/{rel}","templated":true}]}}