{"id":31953,"date":"2025-07-02T03:28:57","date_gmt":"2025-07-02T03:28:57","guid":{"rendered":"https:\/\/volovape.com\/?post_type=product&#038;p=31953"},"modified":"2026-04-14T06:13:29","modified_gmt":"2026-04-14T06:13:29","slug":"bang-leader-80k-puffs","status":"publish","type":"product","link":"https:\/\/volovape.com\/de\/product\/bang-leader-80k-puffs\/","title":{"rendered":"Bang F\u00fchrer 80K Puffs | Dreifach-Geschmack Dual Mesh Bulk Einweg vape"},"content":{"rendered":"<h2>Bang Leader 80K Puffs | Triple Flavor Disposable Vape \ud83d\ude80<\/h2>\n<p>Erleben Sie den ultimativen Komfort und die Vielfalt des Vaporisierens mit dem <b>Bang Anf\u00fchrer 80K Puffs<\/b> Einweg-Dampfger\u00e4t! Genie\u00dfen Sie erstaunliche 80.000 Z\u00fcge und ein intelligentes 3-in-1-Aromasystem, mit dem Sie im Handumdrehen zwischen verschiedenen Geschmacksrichtungen wechseln k\u00f6nnen. Entwickelt f\u00fcr Dampfer, die massive Kapazit\u00e4t, k\u00fchne Aromen und un\u00fcbertroffenen Komfort verlangen.<\/p>\n<p>Angetrieben von einem langlebigen 850mAh-Akku mit Typ-C-Ladung und einer Premium-Dual-Mesh-Spule ist jeder Zug dicht, glatt und befriedigend. Verabschieden Sie sich von Geschmacksm\u00fcdigkeit und halten Sie Ihre Sitzungen frisch und aufregend! \u2728<\/p>\n<h2>Hauptmerkmale:<\/h2>\n<ul>\n<li>\ud83d\udd25 <b>Bis zu 80.000 Puffs:<\/b> Lang anhaltendes Rauchvergn\u00fcgen.<\/li>\n<li>\ud83d\udd04 <b>3-in-1-Geschmacksrotationssystem:<\/b> Sofortiger Geschmackswechsel.<\/li>\n<li>\ud83c\udf2c\ufe0f <b>Dual-Mesh-Spule:<\/b> F\u00fcr eine reichhaltige, sanfte Dampferzeugung.<\/li>\n<li>\u26a1 <b>Wiederaufladbarer 850mAh-Akku:<\/b> Mit schneller Typ-C-Ladung.<\/li>\n<li>\ud83e\uddea <b>Nikotinst\u00e4rken:<\/b> Erh\u00e4ltlich in 0%, 2%, 3%, 5%.<\/li>\n<li>\ud83d\udce6 <b>Massentauglich:<\/b> Verpackt zu 10 St\u00fcck pro Karton.<\/li>\n<\/ul>\n<h2>Geschmackskombinationen:<\/h2>\n<ul>\n<li>\ud83c\udf49\ud83e\uddca\ud83c\udf53\ud83e\udd6d\ud83c\udf4c Wassermeloneneis + Erdbeer-Mango + Banane<\/li>\n<li>\ud83e\uded0\ud83e\uddca\ud83c\udf53\ud83c\udf4c\ud83c\udf47 Heidelbeereis + Erdbeer-Banane + gemischte Beeren<\/li>\n<li>\ud83e\udd64\ud83e\uddca\ud83e\uded0\ud83c\udf53\ud83c\udf51\ud83e\udd6d Wassermelone Cola Ice + Heidelbeere Himbeere + Pfirsich Mango Wassermelone<\/li>\n<li>\u044d\u043d\u0435\u0440\u0433\u0438\u0438 \ud83c\udf49\ud83c\udf4e\ud83c\udf50 Red Bull + Heidelbeere Wassermelone + Apfel-Birne<\/li>\n<li>...und viele weitere spannende Kombinationen! \ud83c\udf08<\/li>\n<\/ul>\n<p>Sind Sie bereit, Ihr Dampferlebnis zu verbessern? Der Bang Leader 80K mit seiner dreifachen Geschmackspower und der enormen Puffanzahl ist Ihr n\u00e4chster Favorit! Holen Sie sich Ihre in der Masse und halten Sie die Geschmacks-Party gehen! \ud83c\udf89<\/p>","protected":false},"excerpt":{"rendered":"<p>\ud83d\udd25 <strong>Lernen Sie Ihren neuen Geschmacksverst\u00e4rker kennen - den Bang Leader 80K!<\/strong> Dieses Kraftpaket f\u00fcr den Einmalgebrauch liefert eine verbl\u00fcffende <strong>80.000 Z\u00fcge<\/strong> plus eine <em>intelligentes 3-in-1-Aromasystem, das einen Versuch wert ist.<\/em><\/p>","protected":false},"featured_media":32197,"comment_status":"open","ping_status":"closed","template":"","meta":[],"product_brand":[227],"product_cat":[231,61,230],"product_tag":[],"class_list":{"0":"post-31953","1":"product","2":"type-product","3":"status-publish","4":"has-post-thumbnail","6":"product_brand-bang","7":"product_cat-60000-puffs-disposable-vape","8":"product_cat-bang","9":"product_cat-new","11":"first","12":"instock","13":"featured","14":"shipping-taxable","15":"purchasable","16":"product-type-variable","17":"has-default-attributes"},"jetpack_sharing_enabled":true,"tiered_pricing_type":"fixed","tiered_pricing_fixed_rules":{"30":7.37999999999999989341858963598497211933135986328125,"50":6.910000000000000142108547152020037174224853515625,"100":6.04999999999999982236431605997495353221893310546875,"200":5.67999999999999971578290569595992565155029296875,"400":5.12000000000000010658141036401502788066864013671875},"tiered_pricing_product_settings":{"layout":"default","base_unit_name":{"singular":null,"plural":null},"default_variation":null},"tiered_pricing_minimum_quantity":10,"tiered_pricing_roles_data":[],"tiered_pricing_percentage_rules":[],"tiered_pricing_maximum_quantity":null,"tiered_pricing_quantity_step":"10","_links":{"self":[{"href":"https:\/\/volovape.com\/de\/wp-json\/wp\/v2\/product\/31953","targetHints":{"allow":["GET"]}}],"collection":[{"href":"https:\/\/volovape.com\/de\/wp-json\/wp\/v2\/product"}],"about":[{"href":"https:\/\/volovape.com\/de\/wp-json\/wp\/v2\/types\/product"}],"replies":[{"embeddable":true,"href":"https:\/\/volovape.com\/de\/wp-json\/wp\/v2\/comments?post=31953"}],"wp:featuredmedia":[{"embeddable":true,"href":"https:\/\/volovape.com\/de\/wp-json\/wp\/v2\/media\/32197"}],"wp:attachment":[{"href":"https:\/\/volovape.com\/de\/wp-json\/wp\/v2\/media?parent=31953"}],"wp:term":[{"taxonomy":"product_brand","embeddable":true,"href":"https:\/\/volovape.com\/de\/wp-json\/wp\/v2\/product_brand?post=31953"},{"taxonomy":"product_cat","embeddable":true,"href":"https:\/\/volovape.com\/de\/wp-json\/wp\/v2\/product_cat?post=31953"},{"taxonomy":"product_tag","embeddable":true,"href":"https:\/\/volovape.com\/de\/wp-json\/wp\/v2\/product_tag?post=31953"}],"curies":[{"name":"wp","href":"https:\/\/api.w.org\/{rel}","templated":true}]}}