{"id":31952,"date":"2025-07-02T03:28:57","date_gmt":"2025-07-02T03:28:57","guid":{"rendered":"https:\/\/volovape.com\/?post_type=product&#038;p=31952"},"modified":"2026-04-14T06:12:15","modified_gmt":"2026-04-14T06:12:15","slug":"bang-blaze-40k-40000-puffs","status":"publish","type":"product","link":"https:\/\/volovape.com\/de\/product\/bang-blaze-40k-40000-puffs\/","title":{"rendered":"Bang Blaze 40K 40000 Puffs | dual flavor wiederaufladbare Masse Einweg vape"},"content":{"rendered":"<p>\ud83d\udd25\ud83d\udca8 Machen Sie sich bereit f\u00fcr das ultimative Dampferlebnis mit dem <b>Bang Blaze 40K Einweg Vape<\/b>! \ud83d\udca8\ud83d\udd25<\/p>\n<p>Dieses leistungsstarke Ger\u00e4t definiert Komfort und Geschmack neu und bietet eine erstaunliche <b>40.000 Z\u00fcge<\/b> und eine massive <b>40mL vorgef\u00fcllte e-Fl\u00fcssigkeit Kapazit\u00e4t<\/b>. Niemals langweilig werden mit <b>Dual-Flavour-Schaltung<\/b>so dass Sie sofort zwischen zwei k\u00f6stlichen Geschmacksrichtungen wechseln k\u00f6nnen! \ud83e\udd29<\/p>\n<h3>\ud83d\ude80 Warum Bang Blaze 40K w\u00e4hlen?<\/h3>\n<ul>\n<li><b>Un\u00fcbertroffene Puffanzahl:<\/b> Genie\u00dfen Sie bis zu 40.000 zufriedenstellende Z\u00fcge - wochenlanges Dampfen ohne Ersatz!<\/li>\n<li><b>Dual Flavor System:<\/b> Wechseln Sie mit einem einfachen Schieber zwischen zwei fantastischen Geschmacksrichtungen.<\/li>\n<li><b>Riesige E-Fl\u00fcssigkeitskapazit\u00e4t:<\/b> Vorgef\u00fcllt mit 40 ml Premium-E-Liquid f\u00fcr l\u00e4ngeren Genuss.<\/li>\n<li><b>Anpassbares Nikotin:<\/b> W\u00e4hlen Sie Ihre ideale St\u00e4rke von 0% bis 5% Nikotin.<\/li>\n<li><b>Sanftes &amp; geschmackvolles Vaping:<\/b> Die fortschrittliche Dual Mesh 1.2\u03a9 Spule sorgt f\u00fcr gleichm\u00e4\u00dfigen, seidig weichen Dampf.<\/li>\n<li><b>Schnelles Laden:<\/b> Schnelles Aufladen per USB-C h\u00e4lt dich mit Strom versorgt.<\/li>\n<li><b>Tragbares Design:<\/b> Taschenfreundlich f\u00fcr das Dampfen unterwegs.<\/li>\n<\/ul>\n<h3>\u2728 Technische Daten:<\/h3>\n<ul>\n<li><b>Puffs:<\/b> Bis zu 40.000<\/li>\n<li><b>E-Liquid Kapazit\u00e4t:<\/b> 40mL (Vorgef\u00fcllt)<\/li>\n<li><b>Nikotinoptionen:<\/b> 0%, 2%, 3%, 5% (bis zu 5%)<\/li>\n<li><b>Spule:<\/b> Doppelte Masche 1.2\u03a9<\/li>\n<li><b>Batterie:<\/b> 650mAh (wiederaufladbar)<\/li>\n<li><b>Aufladen:<\/b> USB-C<\/li>\n<li><b>Geschmacksrichtungen:<\/b> 32 Duale Geschmackskombinationen<\/li>\n<\/ul>\n<h3>\ud83c\udf53 Geschmackliche Highlights (32 Optionen verf\u00fcgbar!):<\/h3>\n<ul>\n<li>Wassermelone\/Erdbeere Wassermelone<\/li>\n<li>Blaubeereis \/ Blaubeere-Himbeere<\/li>\n<li>Mango-Eis \/ Erdbeer-Mango<\/li>\n<li>Pfirsich-Eis \/ Mango-Pfirsich<\/li>\n<li>Schwarzer Drache Eis \/ Red Bull<\/li>\n<li>Und viele, viele mehr!<\/li>\n<\/ul>","protected":false},"excerpt":{"rendered":"<p>\ud83d\udd25 Verabschieden Sie sich von geschmacklicher Langeweile mit dem <strong>Bang Blaze 40K, <\/strong>ein wiederaufladbarer, leistungsstarker Einwegdampfer f\u00fcr Geschmacksliebhaber.<\/p>","protected":false},"featured_media":32185,"comment_status":"open","ping_status":"closed","template":"","meta":[],"product_brand":[227],"product_cat":[74,61,230],"product_tag":[],"class_list":{"0":"post-31952","1":"product","2":"type-product","3":"status-publish","4":"has-post-thumbnail","6":"product_brand-bang","7":"product_cat-40000-puffs-disposable-vape","8":"product_cat-bang","9":"product_cat-new","11":"first","12":"instock","13":"shipping-taxable","14":"purchasable","15":"product-type-variable","16":"has-default-attributes"},"jetpack_sharing_enabled":true,"tiered_pricing_type":"fixed","tiered_pricing_fixed_rules":{"30":6.82000000000000028421709430404007434844970703125,"50":6.29999999999999982236431605997495353221893310546875,"100":5.42999999999999971578290569595992565155029296875,"200":5.05999999999999960920149533194489777088165283203125,"400":4.5099999999999997868371792719699442386627197265625},"tiered_pricing_product_settings":{"layout":"default","base_unit_name":{"singular":null,"plural":null},"default_variation":null},"tiered_pricing_minimum_quantity":10,"tiered_pricing_roles_data":[],"tiered_pricing_percentage_rules":[],"tiered_pricing_maximum_quantity":null,"tiered_pricing_quantity_step":"10","_links":{"self":[{"href":"https:\/\/volovape.com\/de\/wp-json\/wp\/v2\/product\/31952","targetHints":{"allow":["GET"]}}],"collection":[{"href":"https:\/\/volovape.com\/de\/wp-json\/wp\/v2\/product"}],"about":[{"href":"https:\/\/volovape.com\/de\/wp-json\/wp\/v2\/types\/product"}],"replies":[{"embeddable":true,"href":"https:\/\/volovape.com\/de\/wp-json\/wp\/v2\/comments?post=31952"}],"wp:featuredmedia":[{"embeddable":true,"href":"https:\/\/volovape.com\/de\/wp-json\/wp\/v2\/media\/32185"}],"wp:attachment":[{"href":"https:\/\/volovape.com\/de\/wp-json\/wp\/v2\/media?parent=31952"}],"wp:term":[{"taxonomy":"product_brand","embeddable":true,"href":"https:\/\/volovape.com\/de\/wp-json\/wp\/v2\/product_brand?post=31952"},{"taxonomy":"product_cat","embeddable":true,"href":"https:\/\/volovape.com\/de\/wp-json\/wp\/v2\/product_cat?post=31952"},{"taxonomy":"product_tag","embeddable":true,"href":"https:\/\/volovape.com\/de\/wp-json\/wp\/v2\/product_tag?post=31952"}],"curies":[{"name":"wp","href":"https:\/\/api.w.org\/{rel}","templated":true}]}}