{"id":31950,"date":"2025-07-02T03:28:57","date_gmt":"2025-07-02T03:28:57","guid":{"rendered":"https:\/\/volovape.com\/?post_type=product&#038;p=31950"},"modified":"2026-04-14T06:10:42","modified_gmt":"2026-04-14T06:10:42","slug":"vopk-ultra-40000-puffs","status":"publish","type":"product","link":"https:\/\/volovape.com\/de\/product\/vopk-ultra-40000-puffs\/","title":{"rendered":"VOPK Ultra 40000 Puffs | dualen Geschmack einstellbare Leistung Einweg vape"},"content":{"rendered":"<h2>VOPK Ultra 40000 Puffs | Dual Flavor Adjustable Power Disposable Vape \ud83d\ude80<\/h2>\n<p>Erleben Sie das Nonplusultra des Dampfens mit dem <b>VOPK Ultra 40000 Puffs<\/b>! Dieser fortschrittliche Einwegdampfer bietet eine unvergleichliche Kombination aus Innovation und Geschmack. Mit <b>zweifach einstellbare Geschmacksrichtungen<\/b>, eine massive <b>40.000 Puffs Kapazit\u00e4t<\/b>, Und <b>Intelligente Echtzeit-Anzeigen<\/b>erhalten Sie jedes Mal einen gleichbleibend befriedigenden Zug. Perfekt f\u00fcr Aroma-Enthusiasten und Heavy Vaper, bietet der VOPK Ultra Leistung, Sicherheit und unschlagbare Vielfalt. \ud83d\udcaf<\/p>\n<h3>Hauptmerkmale:<\/h3>\n<ul>\n<li>\ud83d\udd0b <b>Wiederaufladbarer 850mAh-Akku:<\/b> Lang anhaltende Leistung f\u00fcr ausgedehnte Vaping-Sessions.<\/li>\n<li>\ud83c\udf08 <b>Dual Flavor Pods:<\/b> Wechseln Sie im Handumdrehen zwischen zwei k\u00f6stlichen Geschmacksrichtungen oder kombinieren Sie sie.<\/li>\n<li>\u26a1 <b>Einstellbare Leistungsmodi:<\/b> Passen Sie Ihre Dampfproduktion von mild bis intensiv an.<\/li>\n<li>\ud83d\udee1\ufe0f <b>Sicherheit der Kindersicherung:<\/b> Genie\u00dfen Sie den Seelenfrieden mit zus\u00e4tzlicher Sicherheit.<\/li>\n<li>\ud83d\udcca <b>LED-Bildschirm:<\/b> Einfaches \u00dcberwachen des Fl\u00fcssigkeits- und Batteriestands in Echtzeit.<\/li>\n<li>\ud83d\udca8 <b>36mL E-Fl\u00fcssigkeit Kapazit\u00e4t:<\/b> Vorgef\u00fcllt f\u00fcr Bequemlichkeit und l\u00e4ngeren Gebrauch.<\/li>\n<li>\ud83c\udf2c\ufe0f <b>Viermaschiges Spulensystem:<\/b> Sorgt f\u00fcr einen weichen, kr\u00e4ftigen und gleichm\u00e4\u00dfigen Geschmack.<\/li>\n<li>Nikotin-Optionen von <b>0%-5%<\/b><\/li>\n<\/ul>\n<h3>Beliebte Doppelgeschmackskombinationen: \ud83c\udf53\ud83c\udf47<\/h3>\n<ul>\n<li>Erdbeere Wassermelone \/ Kiwi Passionsfrucht Guave<\/li>\n<li>Heidelbeere Himbeere \/ Mango Pfirsich Wassermelone<\/li>\n<li>Blue Razz Gummib\u00e4rchen \/ Erdbeer-Kiwi<\/li>\n<li>Blauer Razz Kirsche\/Erdbeere Himbeere<\/li>\n<li>Fizzy Zitrone &amp; Limette \/ Wassermelone Frische Minze<\/li>\n<li>Blauer Razz Ananas \/ Dreifach-Mango<\/li>\n<li>Traube-Beere-Burst \/ Birne-Apfel-Himbeere<\/li>\n<li>Erdbeere-Cranberry-Kirsche \/ Ananas-Passion-Limette<\/li>\n<li>Heidelbeer-Erdbeer-Menthol \/ Heidelbeer-Himbeer-Menthol<\/li>\n<\/ul>\n<p>F\u00fcr den Gro\u00dfhandel in praktischen 10er-Packungen erh\u00e4ltlich. Erh\u00f6hen Sie Ihr Dampferlebnis mit VOPK Ultra! \u2728<\/p>","protected":false},"excerpt":{"rendered":"<p>\ud83d\ude80 <strong>Erleben Sie unaufhaltsame Geschmacksfreiheit mit dem VOPK Ultra 40000 Puffs<\/strong> - ein Kraftpaket mit zwei Geschmacksrichtungen f\u00fcr alle, die sich nicht zufrieden geben wollen.<\/p>","protected":false},"featured_media":32160,"comment_status":"open","ping_status":"closed","template":"","meta":[],"product_brand":[233],"product_cat":[74,230,65],"product_tag":[],"class_list":{"0":"post-31950","1":"product","2":"type-product","3":"status-publish","4":"has-post-thumbnail","6":"product_brand-okso","7":"product_cat-40000-puffs-disposable-vape","8":"product_cat-new","9":"product_cat-vopk","11":"first","12":"instock","13":"shipping-taxable","14":"purchasable","15":"product-type-variable","16":"has-default-attributes"},"jetpack_sharing_enabled":true,"tiered_pricing_type":"fixed","tiered_pricing_fixed_rules":{"30":7.839999999999999857891452847979962825775146484375,"50":6.79000000000000003552713678800500929355621337890625,"100":6.1699999999999999289457264239899814128875732421875,"200":5.79999999999999982236431605997495353221893310546875,"400":5.37000000000000010658141036401502788066864013671875},"tiered_pricing_product_settings":{"layout":"default","base_unit_name":{"singular":null,"plural":null},"default_variation":null},"tiered_pricing_minimum_quantity":10,"tiered_pricing_roles_data":[],"tiered_pricing_percentage_rules":[],"tiered_pricing_maximum_quantity":null,"tiered_pricing_quantity_step":"10","_links":{"self":[{"href":"https:\/\/volovape.com\/de\/wp-json\/wp\/v2\/product\/31950","targetHints":{"allow":["GET"]}}],"collection":[{"href":"https:\/\/volovape.com\/de\/wp-json\/wp\/v2\/product"}],"about":[{"href":"https:\/\/volovape.com\/de\/wp-json\/wp\/v2\/types\/product"}],"replies":[{"embeddable":true,"href":"https:\/\/volovape.com\/de\/wp-json\/wp\/v2\/comments?post=31950"}],"wp:featuredmedia":[{"embeddable":true,"href":"https:\/\/volovape.com\/de\/wp-json\/wp\/v2\/media\/32160"}],"wp:attachment":[{"href":"https:\/\/volovape.com\/de\/wp-json\/wp\/v2\/media?parent=31950"}],"wp:term":[{"taxonomy":"product_brand","embeddable":true,"href":"https:\/\/volovape.com\/de\/wp-json\/wp\/v2\/product_brand?post=31950"},{"taxonomy":"product_cat","embeddable":true,"href":"https:\/\/volovape.com\/de\/wp-json\/wp\/v2\/product_cat?post=31950"},{"taxonomy":"product_tag","embeddable":true,"href":"https:\/\/volovape.com\/de\/wp-json\/wp\/v2\/product_tag?post=31950"}],"curies":[{"name":"wp","href":"https:\/\/api.w.org\/{rel}","templated":true}]}}