{"id":31947,"date":"2025-07-02T03:28:56","date_gmt":"2025-07-02T03:28:56","guid":{"rendered":"https:\/\/volovape.com\/?post_type=product&#038;p=31947"},"modified":"2025-11-11T04:39:23","modified_gmt":"2025-11-11T04:39:23","slug":"vapme-digital-30000-zuge","status":"publish","type":"product","link":"https:\/\/volovape.com\/de\/product\/vapme-digital-30000-puffs\/","title":{"rendered":"Vapme Digital 30000 Puffs | 12 Aromen Mesh-Spule Bulk Einweg vape"},"content":{"rendered":"<h2>\u2728 Vapme Digital 30000: Der ultimative Einwegdampfer! \ud83d\ude80<\/h2>\n<p>Erleben Sie das Dampfen wie nie zuvor mit dem <strong>Vapme Digital 30000<\/strong>. Perfekt f\u00fcr Heavy Vaper und Gro\u00dfabnehmer, liefert dieses Ger\u00e4t eine unschlagbare <strong>30.000 Z\u00fcge<\/strong> mit gleichbleibendem, kr\u00e4ftigem Geschmack. Verabschieden Sie sich von st\u00e4ndigem Nachf\u00fcllen und schwachen Hits dank seiner massiven <strong>20mL e-Fl\u00fcssigkeit Kapazit\u00e4t<\/strong> und robust <strong>850mAh wiederaufladbarer Akku<\/strong> mit praktischen <strong>Typ-C-Laden<\/strong>. Sanft genie\u00dfen <strong>MTL-Wolken (Mouth-to-Lung)<\/strong> und reichhaltige D\u00e4mpfe aus dem fortgeschrittenen <strong>Spule mit 0,6\u03a9 Maschenweite<\/strong>. Bereit zu beeindrucken? Holen Sie sich Ihre in der Masse heute! \ud83d\udca8<\/p>\n<h3>\ud83d\udcca Wichtige Spezifikationen:<\/h3>\n<ul>\n<li><strong>Anzahl der Z\u00fcge:<\/strong> Bis zu 30.000 Z\u00fcge \ud83e\udd2f.<\/li>\n<li><strong>E-Liquid Kapazit\u00e4t:<\/strong> 20mL vorgef\u00fcllt<\/li>\n<li><strong>Spule:<\/strong> 0.6\u03a9 erweiterte Mesh-Spule f\u00fcr reiche Dampf<\/li>\n<li><strong>Batterie:<\/strong> 850mAh wiederaufladbar (Typ-C)<\/li>\n<li><strong>Nikotingehalt:<\/strong> 0%, 12%, 13%, 15%<\/li>\n<li><strong>Vaping-Stil:<\/strong> MTL (Mund-zu-Lunge)<\/li>\n<li><strong>Geschmacksoptionen:<\/strong> 12 unglaubliche Auswahlm\u00f6glichkeiten \ud83c\udf53\ud83e\uded0\ud83e\udd6d<\/li>\n<\/ul>\n<h3>\ud83c\udf08 Tauchen Sie ein in 12 k\u00f6stliche Geschmacksrichtungen:<\/h3>\n<p>Entdecken Sie Ihren neuen Favoriten mit unserer gro\u00dfen Auswahl an lebendigen Geschmacksrichtungen! Von saftig <strong>Heidelbeere Himbeere<\/strong> zur Belebung <strong>Energiegetr\u00e4nk<\/strong> und exotisch <strong>Kiwi, Passionsfrucht, Guave<\/strong>gibt es f\u00fcr jede Stimmung das passende Produkt. Rotierend zwischen <em>12 s\u00e4ttigende Geschmacksrichtungen<\/em> war noch nie so einfach! \ud83d\ude0b<\/p>\n<p>Entscheiden Sie sich f\u00fcr den Vapme Digital 30000 f\u00fcr intensive, lang anhaltende Zufriedenheit und lassen Sie Ihre Kunden immer wieder kommen!<\/p>","protected":false},"excerpt":{"rendered":"<p>\ud83d\ude80 <strong>Sind Sie bereit, Ihr Vape-Erlebnis zu verbessern?<\/strong> Lernen Sie den Vapme Digital 30000 kennen - einen Einwegdampfer mit hoher Kapazit\u00e4t, der f\u00fcr ernsthafte Geschmackssucher und Nikotinliebhaber gleicherma\u00dfen entwickelt wurde.<\/p>","protected":false},"featured_media":32103,"comment_status":"open","ping_status":"closed","template":"","meta":[],"product_brand":[234],"product_cat":[63,230,49],"product_tag":[],"class_list":{"0":"post-31947","1":"product","2":"type-product","3":"status-publish","4":"has-post-thumbnail","6":"product_brand-vapme","7":"product_cat-30000-puffs-disposable-vape","8":"product_cat-new","9":"product_cat-vapme","11":"first","12":"instock","13":"shipping-taxable","14":"purchasable","15":"product-type-variable","16":"has-default-attributes"},"jetpack_sharing_enabled":true,"tiered_pricing_type":"fixed","tiered_pricing_fixed_rules":{"30":8.6300000000000007815970093361102044582366943359375,"50":7.6500000000000003552713678800500929355621337890625,"100":7.04000000000000003552713678800500929355621337890625,"200":6.6699999999999999289457264239899814128875732421875,"400":6.230000000000000426325641456060111522674560546875},"tiered_pricing_product_settings":{"layout":"default","base_unit_name":{"singular":null,"plural":null},"default_variation":null},"tiered_pricing_minimum_quantity":10,"tiered_pricing_roles_data":[],"tiered_pricing_percentage_rules":[],"tiered_pricing_maximum_quantity":null,"tiered_pricing_quantity_step":"10","_links":{"self":[{"href":"https:\/\/volovape.com\/de\/wp-json\/wp\/v2\/product\/31947","targetHints":{"allow":["GET"]}}],"collection":[{"href":"https:\/\/volovape.com\/de\/wp-json\/wp\/v2\/product"}],"about":[{"href":"https:\/\/volovape.com\/de\/wp-json\/wp\/v2\/types\/product"}],"replies":[{"embeddable":true,"href":"https:\/\/volovape.com\/de\/wp-json\/wp\/v2\/comments?post=31947"}],"wp:featuredmedia":[{"embeddable":true,"href":"https:\/\/volovape.com\/de\/wp-json\/wp\/v2\/media\/32103"}],"wp:attachment":[{"href":"https:\/\/volovape.com\/de\/wp-json\/wp\/v2\/media?parent=31947"}],"wp:term":[{"taxonomy":"product_brand","embeddable":true,"href":"https:\/\/volovape.com\/de\/wp-json\/wp\/v2\/product_brand?post=31947"},{"taxonomy":"product_cat","embeddable":true,"href":"https:\/\/volovape.com\/de\/wp-json\/wp\/v2\/product_cat?post=31947"},{"taxonomy":"product_tag","embeddable":true,"href":"https:\/\/volovape.com\/de\/wp-json\/wp\/v2\/product_tag?post=31947"}],"curies":[{"name":"wp","href":"https:\/\/api.w.org\/{rel}","templated":true}]}}