{"id":31946,"date":"2025-07-02T03:28:55","date_gmt":"2025-07-02T03:28:55","guid":{"rendered":"https:\/\/volovape.com\/?post_type=product&#038;p=31946"},"modified":"2026-04-14T06:24:46","modified_gmt":"2026-04-14T06:24:46","slug":"okso-shisha-max-40000-puffs","status":"publish","type":"product","link":"https:\/\/volovape.com\/de\/product\/okso-shisha-max-40000-puffs\/","title":{"rendered":"OKSO Shisha Max 40K | Mesh-Spule, LED-Anzeige bulk Einweg vape"},"content":{"rendered":"<h2>\ud83d\udd25 Warum OKSO Shisha Max 40K w\u00e4hlen?<\/h2>\n<p>Erh\u00f6hen Sie Ihr Dampferlebnis mit dem <strong>OKSO Shisha Max 40K<\/strong>, entwickelt f\u00fcr ultimative Befriedigung und Kontrolle. Genie\u00dfen Sie eine erstaunliche <strong>40.000 Z\u00fcge<\/strong> von einem einzigen Ger\u00e4t aus! \ud83d\ude80 Seine erweiterte <strong>Netzspule<\/strong> Technologie sorgt f\u00fcr einen gleichbleibend reichen und weichen Geschmack, w\u00e4hrend die intuitive <strong>LED-Anzeige<\/strong> h\u00e4lt Dich \u00fcber die Akkulaufzeit und die Anzahl der Puffs auf dem Laufenden. Passen Sie Ihre Verdampfung mit einstellbarer Luftstrom und Leistungseinstellungen. Mit einem robusten <strong>800mAh wiederaufladbare Batterie<\/strong> und schnellem Typ-C-Laden sind Sie immer einsatzbereit. Au\u00dferdem ist eine integrierte <strong>Kindersicherung<\/strong> sorgt f\u00fcr zus\u00e4tzlichen Seelenfrieden. Perfekt f\u00fcr Dampfer, die Langlebigkeit, Geschmack und Flexibilit\u00e4t suchen, und eine ausgezeichnete Gro\u00dfhandelsoption f\u00fcr Einzelh\u00e4ndler!<\/p>\n<h2>\u2728 Produktspezifikationen:<\/h2>\n<ul>\n<li><strong>Anzahl der Z\u00fcge:<\/strong> Bis zu 40.000 Z\u00fcge<\/li>\n<li><strong>E-Liquid Kapazit\u00e4t:<\/strong> 36mL (vorgef\u00fcllt)<\/li>\n<li><strong>Spulentyp:<\/strong> Mesh Coil f\u00fcr hervorragenden Geschmack und Dampfproduktion<\/li>\n<li><strong>Anzeige:<\/strong> LED-Anzeige (Batterie und Puffanzahl)<\/li>\n<li><strong>Batterie:<\/strong> 800mAh wiederaufladbar<\/li>\n<li><strong>Aufladen:<\/strong> Typ-C-Schnellladung<\/li>\n<li><strong>Nikotinst\u00e4rken:<\/strong> 0%, 2%, 3%, 5% (nach Volumen)<\/li>\n<li><strong>Merkmale:<\/strong> Einstellbarer Luftstrom, einstellbare Leistung, Kindersicherung<\/li>\n<\/ul>\n<h2>\ud83c\udf53 Geschmacksliste:<\/h2>\n<ul>\n<li>Zwei \u00c4pfel \ud83c\udf4f\ud83c\udf4f<\/li>\n<li>Trauben-Minze \ud83c\udf47\ud83c\udf43<\/li>\n<li>Cherry Fiesta \ud83c\udf52\ud83c\udf89<\/li>\n<li>Pfirsich-Eis \ud83c\udf51\ud83e\uddca<\/li>\n<li>Magische Liebe \u2728\u2764\ufe0f<\/li>\n<li>Erdbeer-Punsch \ud83c\udf53\ud83d\udca5<\/li>\n<li>Blue Razz Ice \ud83d\udc99\ud83e\uddca<\/li>\n<li>Lush Ice \ud83c\udf49\u2744\ufe0f<\/li>\n<li>Erdbeer-Wassermelone \ud83c\udf53\ud83c\udf49<\/li>\n<li>Beeren-Minze \ud83c\udf53\ud83c\udf43<\/li>\n<\/ul>","protected":false},"excerpt":{"rendered":"<p>OKSO Shisha Max 40K Einwegdampfer liefert bis zu 40.000 Z\u00fcge mit Leistungsregelung, Luftstromanpassung und 10 reichhaltigen Geschmacksrichtungen - entwickelt f\u00fcr lang anhaltenden, anpassbaren und geschmackvollen Dampfgenuss.<\/p>","protected":false},"featured_media":32093,"comment_status":"open","ping_status":"closed","template":"","meta":[],"product_brand":[233],"product_cat":[74,230,229],"product_tag":[],"class_list":{"0":"post-31946","1":"product","2":"type-product","3":"status-publish","4":"has-post-thumbnail","6":"product_brand-okso","7":"product_cat-40000-puffs-disposable-vape","8":"product_cat-new","9":"product_cat-okso","11":"first","12":"instock","13":"shipping-taxable","14":"purchasable","15":"product-type-variable","16":"has-default-attributes"},"jetpack_sharing_enabled":true,"tiered_pricing_type":"fixed","tiered_pricing_fixed_rules":{"30":7.589999999999999857891452847979962825775146484375,"50":6.519999999999999573674358543939888477325439453125,"100":5.9000000000000003552713678800500929355621337890625,"200":5.53000000000000024868995751603506505489349365234375,"400":5.0999999999999996447286321199499070644378662109375},"tiered_pricing_product_settings":{"layout":"default","base_unit_name":{"singular":null,"plural":null},"default_variation":null},"tiered_pricing_minimum_quantity":10,"tiered_pricing_roles_data":[],"tiered_pricing_percentage_rules":[],"tiered_pricing_maximum_quantity":null,"tiered_pricing_quantity_step":"10","_links":{"self":[{"href":"https:\/\/volovape.com\/de\/wp-json\/wp\/v2\/product\/31946","targetHints":{"allow":["GET"]}}],"collection":[{"href":"https:\/\/volovape.com\/de\/wp-json\/wp\/v2\/product"}],"about":[{"href":"https:\/\/volovape.com\/de\/wp-json\/wp\/v2\/types\/product"}],"replies":[{"embeddable":true,"href":"https:\/\/volovape.com\/de\/wp-json\/wp\/v2\/comments?post=31946"}],"wp:featuredmedia":[{"embeddable":true,"href":"https:\/\/volovape.com\/de\/wp-json\/wp\/v2\/media\/32093"}],"wp:attachment":[{"href":"https:\/\/volovape.com\/de\/wp-json\/wp\/v2\/media?parent=31946"}],"wp:term":[{"taxonomy":"product_brand","embeddable":true,"href":"https:\/\/volovape.com\/de\/wp-json\/wp\/v2\/product_brand?post=31946"},{"taxonomy":"product_cat","embeddable":true,"href":"https:\/\/volovape.com\/de\/wp-json\/wp\/v2\/product_cat?post=31946"},{"taxonomy":"product_tag","embeddable":true,"href":"https:\/\/volovape.com\/de\/wp-json\/wp\/v2\/product_tag?post=31946"}],"curies":[{"name":"wp","href":"https:\/\/api.w.org\/{rel}","templated":true}]}}