{"id":31945,"date":"2025-07-02T03:28:55","date_gmt":"2025-07-02T03:28:55","guid":{"rendered":"https:\/\/volovape.com\/?post_type=product&#038;p=31945"},"modified":"2026-04-14T06:23:17","modified_gmt":"2026-04-14T06:23:17","slug":"okso-magic-mirror-50000-puffs","status":"publish","type":"product","link":"https:\/\/volovape.com\/de\/product\/okso-magic-mirror-50000-puffs\/","title":{"rendered":"OKSO Magic Mirror 50000 Puffs | RGB LED, Dual-Mesh, LED-Anzeige, lose Einweg-Vape"},"content":{"rendered":"<p>\ud83d\udd25 <strong>Erleben Sie Vaping neu definiert mit dem OKSO Magic Mirror 50K!<\/strong> \ud83d\udd25 Dies ist nicht einfach nur ein weiterer Einweg-Vaporisator; es ist ein Statement-St\u00fcck, das f\u00fcr ultimative Zufriedenheit entwickelt wurde. Erhalten Sie eine erstaunliche <strong>50.000 Z\u00fcge<\/strong>, eine massive <strong>40mL e-Fl\u00fcssigkeit Kapazit\u00e4t<\/strong>und die Bequemlichkeit eines <strong>wiederaufladbarer Typ-C-Akku<\/strong>. Seine auff\u00e4llige verspiegelte Oberfl\u00e4che und dynamische <strong>RGB-LED-Leuchten<\/strong> Sie auffallen, w\u00e4hrend <strong>Doppelte Mesh-Spulen<\/strong> garantieren intensiven Geschmack und massive Wolken jedes Mal. Perfekt f\u00fcr Geschmacksenthusiasten, Wolkenj\u00e4ger und Einzelh\u00e4ndler, die hochwertige Einwegverdampfer suchen.<\/p>\n<h3>\ud83d\udcca Technische Daten:<\/h3>\n<ul>\n<li>\ud83d\udca8 <strong>Puffs:<\/strong> Bis zu 50.000<\/li>\n<li>\ud83d\udca7 <strong>E-Fl\u00fcssigkeit:<\/strong> 40mL (Vorgef\u00fcllt)<\/li>\n<li>\u2728 <strong>Spule:<\/strong> Dual Mesh f\u00fcr hervorragenden Geschmack<\/li>\n<li>\ud83d\udd0b <strong>Batterie:<\/strong> 850mAh Wiederaufladbar (Typ-C)<\/li>\n<li>\ud83e\uddea <strong>Nikotinst\u00e4rken:<\/strong> 0%, 2%, 3%, 5% (verf\u00fcgbare Optionen)<\/li>\n<li>\ud83d\udda5\ufe0f <strong>Anzeige:<\/strong> LED-Anzeige f\u00fcr die Anzahl der Puffs und den Batteriestand<\/li>\n<li>\ud83d\udd12 <strong>Sicherheit:<\/strong> Integrierte Kindersicherungsfunktion<\/li>\n<li>\ud83c\udf1f <strong>Entwurf:<\/strong> Verspiegelte Oberfl\u00e4che mit RGB-LED-Effekten<\/li>\n<\/ul>\n<h3>\ud83c\udf6d Verf\u00fcgbare Geschmacksrichtungen:<\/h3>\n<ul>\n<li>Blaues Razz-Eis \ud83e\uded0\u2744\ufe0f<\/li>\n<li>Lush Ice \ud83c\udf49\u2744\ufe0f<\/li>\n<li>Erdbeereis \ud83c\udf53\u2744\ufe0f<\/li>\n<li>Traubeneis \ud83c\udf47\u2744\ufe0f<\/li>\n<li>LIEBE 66 \u2764\ufe0f\u200d\ud83d\udd25<\/li>\n<li>Lady Killa \ud83d\udc51.<\/li>\n<li>Minzeis \ud83c\udf43\u2744\ufe0f<\/li>\n<li>Erdbeer-Wassermelone \ud83c\udf53\ud83c\udf49<\/li>\n<li>Kiwi Passionsfrucht \ud83e\udd5d\ud83e\udd6d<\/li>\n<li>Gemischte Beeren \ud83c\udf53\ud83e\uded0\ud83c\udf47<\/li>\n<\/ul>","protected":false},"excerpt":{"rendered":"<p>\u2728 Machen Sie sich bereit, mit dem OKSO Magic Mirror 50K stilvoll zu dampfen: 50.000 Puffs, Dual-Mesh-Coils, RGB-LED und 40mL E-Liquid - der stilvolle, leistungsstarke Einwegdampfer f\u00fcr Gro\u00dfabnehmer.<\/p>","protected":false},"featured_media":32025,"comment_status":"open","ping_status":"closed","template":"","meta":[],"product_brand":[233],"product_cat":[74,230,229],"product_tag":[],"class_list":{"0":"post-31945","1":"product","2":"type-product","3":"status-publish","4":"has-post-thumbnail","6":"product_brand-okso","7":"product_cat-40000-puffs-disposable-vape","8":"product_cat-new","9":"product_cat-okso","11":"first","12":"instock","13":"shipping-taxable","14":"purchasable","15":"product-type-variable","16":"has-default-attributes"},"jetpack_sharing_enabled":true,"tiered_pricing_type":"fixed","tiered_pricing_fixed_rules":{"30":8.7400000000000002131628207280300557613372802734375,"60":8.699999999999999289457264239899814128875732421875,"100":8.300000000000000710542735760100185871124267578125,"200":7.9000000000000003552713678800500929355621337890625},"tiered_pricing_product_settings":{"layout":"default","base_unit_name":{"singular":null,"plural":null},"default_variation":null},"tiered_pricing_minimum_quantity":10,"tiered_pricing_roles_data":[],"tiered_pricing_percentage_rules":[],"tiered_pricing_maximum_quantity":null,"tiered_pricing_quantity_step":"10","_links":{"self":[{"href":"https:\/\/volovape.com\/de\/wp-json\/wp\/v2\/product\/31945","targetHints":{"allow":["GET"]}}],"collection":[{"href":"https:\/\/volovape.com\/de\/wp-json\/wp\/v2\/product"}],"about":[{"href":"https:\/\/volovape.com\/de\/wp-json\/wp\/v2\/types\/product"}],"replies":[{"embeddable":true,"href":"https:\/\/volovape.com\/de\/wp-json\/wp\/v2\/comments?post=31945"}],"wp:featuredmedia":[{"embeddable":true,"href":"https:\/\/volovape.com\/de\/wp-json\/wp\/v2\/media\/32025"}],"wp:attachment":[{"href":"https:\/\/volovape.com\/de\/wp-json\/wp\/v2\/media?parent=31945"}],"wp:term":[{"taxonomy":"product_brand","embeddable":true,"href":"https:\/\/volovape.com\/de\/wp-json\/wp\/v2\/product_brand?post=31945"},{"taxonomy":"product_cat","embeddable":true,"href":"https:\/\/volovape.com\/de\/wp-json\/wp\/v2\/product_cat?post=31945"},{"taxonomy":"product_tag","embeddable":true,"href":"https:\/\/volovape.com\/de\/wp-json\/wp\/v2\/product_tag?post=31945"}],"curies":[{"name":"wp","href":"https:\/\/api.w.org\/{rel}","templated":true}]}}