{"id":30895,"date":"2025-08-16T11:40:18","date_gmt":"2025-08-16T11:40:18","guid":{"rendered":"https:\/\/volovape.com\/?post_type=product&#038;p=30895"},"modified":"2026-03-16T08:50:06","modified_gmt":"2026-03-16T08:50:06","slug":"uwin-kristallzwillinge-40k","status":"publish","type":"product","link":"https:\/\/volovape.com\/de\/product\/uwin-crystal-twins-40k\/","title":{"rendered":"Uwin Crystal Twins 40K 40000 Puffs | dualen Geschmack Einweg vape whoelsale"},"content":{"rendered":"<h2><strong>Uwin Crystal Twins 40K - Dual Flavor Disposable Vape \ud83c\udf1f<\/strong><\/h2>\n<p>Wir stellen den Uwin Crystal Twins 40K vor, der den Markt f\u00fcr Einwegdampfer revolutionieren wird! Mit bis zu 40.000 Z\u00fcgen reinen Verdampfungsvergn\u00fcgens bietet dieses Ger\u00e4t ein einzigartiges Dual-Flavor-Design, das eine aufregende Kombination von Geschm\u00e4ckern in jedem Zug bietet. Egal, ob Sie ein Geschmackssucher oder ein intensiver Dampfer sind, dieses Ger\u00e4t bietet ein sanftes, befriedigendes Erlebnis, alles in einem schlanken, kristallklaren Geh\u00e4use. Verabschieden Sie sich vom Nachf\u00fcllen und genie\u00dfen Sie Komfort wie nie zuvor. \ud83d\udd25\ud83d\udca8<\/p>\n<h4><strong>Spezifikationen:<\/strong><\/h4>\n<table>\n<thead>\n<tr>\n<th><strong>Besonderheit<\/strong><\/th>\n<th><strong>Einzelheiten<\/strong><\/th>\n<\/tr>\n<\/thead>\n<tbody>\n<tr>\n<td><strong>Puffkapazit\u00e4t<\/strong><\/td>\n<td>40.000 Z\u00fcge<\/td>\n<\/tr>\n<tr>\n<td><strong>E-Liquid-Kapazit\u00e4t<\/strong><\/td>\n<td>8mL (pro Kammer)<\/td>\n<\/tr>\n<tr>\n<td><strong>Batterie<\/strong><\/td>\n<td>850mAh, Typ-C<\/td>\n<\/tr>\n<tr>\n<td><strong>Spule Typ<\/strong><\/td>\n<td>Spule mit 0,6\u03a9 Maschenweite<\/td>\n<\/tr>\n<tr>\n<td><strong>Nikotinoptionen<\/strong><\/td>\n<td>0%, 2%, 3%, 5%<\/td>\n<\/tr>\n<tr>\n<td><strong>Anzeige<\/strong><\/td>\n<td>Intelligenter Bildschirm<\/td>\n<\/tr>\n<tr>\n<td><strong>Design<\/strong><\/td>\n<td>Kristallklarer K\u00f6rper<\/td>\n<\/tr>\n<\/tbody>\n<\/table>\n<h4><strong>Geschmacks-Kombinationen:<\/strong><\/h4>\n<table>\n<thead>\n<tr>\n<th><strong>Geschmacksrichtung A<\/strong><\/th>\n<th><strong>Geschmacksrichtung B<\/strong><\/th>\n<\/tr>\n<\/thead>\n<tbody>\n<tr>\n<td>Blaubeere auf Eis<\/td>\n<td>Sommerliches Pfirsicheis<\/td>\n<\/tr>\n<tr>\n<td>Kiwi, Passionsfrucht, Guave<\/td>\n<td>Heidelbeere Himbeere<\/td>\n<\/tr>\n<tr>\n<td>Erdbeer-Kiwi<\/td>\n<td>Traubeneis<\/td>\n<\/tr>\n<tr>\n<td>Kiwi, Passionsfrucht, Guave<\/td>\n<td>Zwei \u00c4pfel<\/td>\n<\/tr>\n<tr>\n<td>Erdbeere Wassermelone<\/td>\n<td>Zitrone Limette<\/td>\n<\/tr>\n<tr>\n<td>Heidelbeere Himbeere<\/td>\n<td>Kirscheis<\/td>\n<\/tr>\n<tr>\n<td>Erdbeere Himbeere Kirsche<\/td>\n<td>Herr Blau<\/td>\n<\/tr>\n<tr>\n<td>Pfirsich Mango Ananas<\/td>\n<td>Red Bull<\/td>\n<\/tr>\n<tr>\n<td>Wassermeloneneis<\/td>\n<td>Beerenmischung<\/td>\n<\/tr>\n<tr>\n<td>Erdbeere Banane<\/td>\n<td>Liebe 66 (Passionsfrucht-Melonen-Eis)<\/td>\n<\/tr>\n<tr>\n<td>Drachenfrucht-Banane-Kirsche<\/td>\n<td>Rosa Limonade<\/td>\n<\/tr>\n<tr>\n<td>Pfirsich-Mango<\/td>\n<td>Kirsch-Cola<\/td>\n<\/tr>\n<tr>\n<td>Erdbeereis<\/td>\n<td>Mango auf Eis<\/td>\n<\/tr>\n<tr>\n<td>Blaues Razz-Eis<\/td>\n<td>Drachenfruchteis<\/td>\n<\/tr>\n<tr>\n<td>Erdbeer-Redbull<\/td>\n<td>Kirscheis<\/td>\n<\/tr>\n<\/tbody>\n<\/table>\n<h4><strong>Warum Uwin Crystal Twins 40K w\u00e4hlen?<\/strong><\/h4>\n<ul>\n<li><strong>Dual Flavor Design:<\/strong> Genie\u00dfen Sie zwei verschiedene Geschmacksrichtungen mit jedem Zug f\u00fcr ein dynamisches Dampferlebnis.<\/li>\n<li><strong>Massive Puffanzahl:<\/strong> Mit bis zu 40.000 Z\u00fcgen h\u00e4lt er l\u00e4nger als die meisten Einweg-Vapes.<\/li>\n<li><strong>Optionen mit hohem Nikotingehalt:<\/strong> Erh\u00e4ltlich in den Nikotinst\u00e4rken 0%, 2%, 3% und 5% f\u00fcr individuelle Zufriedenheit.<\/li>\n<li><strong>Premium-Mesh-Spule:<\/strong> Erleben Sie eine sanfte, gleichm\u00e4\u00dfige Dampfproduktion mit jedem Zug.<\/li>\n<li><strong>Tragbar und handlich:<\/strong> Das kristallklare Design des Geh\u00e4uses gew\u00e4hrleistet sowohl Langlebigkeit als auch ein elegantes Aussehen.<\/li>\n<li><strong>Smart Screen Display:<\/strong> Das leicht abzulesende Smart-Display h\u00e4lt Ihre Vape-Sessions im Blick.<\/li>\n<\/ul>\n<p>Uwin Crystal Twins 40K ist ideal f\u00fcr allt\u00e4gliche Nutzer und Gro\u00dfabnehmer, wie Vape-Shops und Distributoren. Mit seiner lang anhaltenden Leistung, den einzigartigen Dual-Flavor-Optionen und dem schlanken Design ist er die perfekte Wahl f\u00fcr alle, die ihr Dampferlebnis verbessern wollen. Egal, ob Sie ein Geschmacksliebhaber oder ein Gro\u00dfh\u00e4ndler sind, dieses Ger\u00e4t ist die perfekte Wahl f\u00fcr Ihre Bed\u00fcrfnisse.<\/p>\n<p><img data-recalc-dims=\"1\" loading=\"lazy\" decoding=\"async\" class=\"alignnone wp-image-31448 size-full\" src=\"https:\/\/i0.wp.com\/volovape.com\/wp-content\/uploads\/2025\/06\/%E8%81%94%E5%90%8D%E6%B5%B7%E6%8A%A5-2.jpg?resize=1480%2C1810&#038;ssl=1\" alt=\"\" width=\"1480\" height=\"1810\" title=\"\" srcset=\"https:\/\/i0.wp.com\/volovape.com\/wp-content\/uploads\/2025\/06\/%E8%81%94%E5%90%8D%E6%B5%B7%E6%8A%A5-2.jpg?w=1480&amp;ssl=1 1480w, https:\/\/i0.wp.com\/volovape.com\/wp-content\/uploads\/2025\/06\/%E8%81%94%E5%90%8D%E6%B5%B7%E6%8A%A5-2.jpg?resize=245%2C300&amp;ssl=1 245w, https:\/\/i0.wp.com\/volovape.com\/wp-content\/uploads\/2025\/06\/%E8%81%94%E5%90%8D%E6%B5%B7%E6%8A%A5-2.jpg?resize=837%2C1024&amp;ssl=1 837w, https:\/\/i0.wp.com\/volovape.com\/wp-content\/uploads\/2025\/06\/%E8%81%94%E5%90%8D%E6%B5%B7%E6%8A%A5-2.jpg?resize=768%2C939&amp;ssl=1 768w, https:\/\/i0.wp.com\/volovape.com\/wp-content\/uploads\/2025\/06\/%E8%81%94%E5%90%8D%E6%B5%B7%E6%8A%A5-2.jpg?resize=1256%2C1536&amp;ssl=1 1256w, https:\/\/i0.wp.com\/volovape.com\/wp-content\/uploads\/2025\/06\/%E8%81%94%E5%90%8D%E6%B5%B7%E6%8A%A5-2.jpg?resize=10%2C12&amp;ssl=1 10w, https:\/\/i0.wp.com\/volovape.com\/wp-content\/uploads\/2025\/06\/%E8%81%94%E5%90%8D%E6%B5%B7%E6%8A%A5-2.jpg?resize=800%2C978&amp;ssl=1 800w\" sizes=\"auto, (max-width: 1000px) 100vw, 1000px\" \/><\/p>\n<p><img data-recalc-dims=\"1\" loading=\"lazy\" decoding=\"async\" class=\"alignnone wp-image-31447 size-large\" src=\"https:\/\/i0.wp.com\/volovape.com\/wp-content\/uploads\/2025\/06\/40k%E5%8F%A3%E5%91%B3%E6%B5%B7%E6%8A%A5.jpg?resize=905%2C1024&#038;ssl=1\" alt=\"\" width=\"905\" height=\"1024\" title=\"\" srcset=\"https:\/\/i0.wp.com\/volovape.com\/wp-content\/uploads\/2025\/06\/40k%E5%8F%A3%E5%91%B3%E6%B5%B7%E6%8A%A5.jpg?resize=905%2C1024&amp;ssl=1 905w, https:\/\/i0.wp.com\/volovape.com\/wp-content\/uploads\/2025\/06\/40k%E5%8F%A3%E5%91%B3%E6%B5%B7%E6%8A%A5.jpg?resize=265%2C300&amp;ssl=1 265w, https:\/\/i0.wp.com\/volovape.com\/wp-content\/uploads\/2025\/06\/40k%E5%8F%A3%E5%91%B3%E6%B5%B7%E6%8A%A5.jpg?resize=768%2C869&amp;ssl=1 768w, https:\/\/i0.wp.com\/volovape.com\/wp-content\/uploads\/2025\/06\/40k%E5%8F%A3%E5%91%B3%E6%B5%B7%E6%8A%A5.jpg?resize=1358%2C1536&amp;ssl=1 1358w, https:\/\/i0.wp.com\/volovape.com\/wp-content\/uploads\/2025\/06\/40k%E5%8F%A3%E5%91%B3%E6%B5%B7%E6%8A%A5.jpg?resize=11%2C12&amp;ssl=1 11w, https:\/\/i0.wp.com\/volovape.com\/wp-content\/uploads\/2025\/06\/40k%E5%8F%A3%E5%91%B3%E6%B5%B7%E6%8A%A5.jpg?resize=800%2C905&amp;ssl=1 800w, https:\/\/i0.wp.com\/volovape.com\/wp-content\/uploads\/2025\/06\/40k%E5%8F%A3%E5%91%B3%E6%B5%B7%E6%8A%A5.jpg?w=1697&amp;ssl=1 1697w\" sizes=\"auto, (max-width: 905px) 100vw, 905px\" \/><\/p>\n<p><img data-recalc-dims=\"1\" loading=\"lazy\" decoding=\"async\" class=\"alignnone wp-image-31449 size-full\" src=\"https:\/\/i0.wp.com\/volovape.com\/wp-content\/uploads\/2025\/06\/%E7%BD%91%E7%AB%99-Banner-2.jpg?resize=1920%2C656&#038;ssl=1\" alt=\"\" width=\"1920\" height=\"656\" title=\"\" srcset=\"https:\/\/i0.wp.com\/volovape.com\/wp-content\/uploads\/2025\/06\/%E7%BD%91%E7%AB%99-Banner-2.jpg?w=1920&amp;ssl=1 1920w, https:\/\/i0.wp.com\/volovape.com\/wp-content\/uploads\/2025\/06\/%E7%BD%91%E7%AB%99-Banner-2.jpg?resize=300%2C103&amp;ssl=1 300w, https:\/\/i0.wp.com\/volovape.com\/wp-content\/uploads\/2025\/06\/%E7%BD%91%E7%AB%99-Banner-2.jpg?resize=1024%2C350&amp;ssl=1 1024w, https:\/\/i0.wp.com\/volovape.com\/wp-content\/uploads\/2025\/06\/%E7%BD%91%E7%AB%99-Banner-2.jpg?resize=768%2C262&amp;ssl=1 768w, https:\/\/i0.wp.com\/volovape.com\/wp-content\/uploads\/2025\/06\/%E7%BD%91%E7%AB%99-Banner-2.jpg?resize=1536%2C525&amp;ssl=1 1536w, https:\/\/i0.wp.com\/volovape.com\/wp-content\/uploads\/2025\/06\/%E7%BD%91%E7%AB%99-Banner-2.jpg?resize=18%2C6&amp;ssl=1 18w, https:\/\/i0.wp.com\/volovape.com\/wp-content\/uploads\/2025\/06\/%E7%BD%91%E7%AB%99-Banner-2.jpg?resize=800%2C273&amp;ssl=1 800w\" sizes=\"auto, (max-width: 1000px) 100vw, 1000px\" \/><\/p>","protected":false},"excerpt":{"rendered":"<p>Erleben Sie lang anhaltende Zufriedenheit mit Uwin Crystal Twins 40K Disposable Vape! 40.000 Z\u00fcge, Dual-Aroma-Optionen und erfrischende Aromen.<\/p>","protected":false},"featured_media":30896,"comment_status":"open","ping_status":"closed","template":"","meta":[],"product_brand":[],"product_cat":[16,224],"product_tag":[],"class_list":{"0":"post-30895","1":"product","2":"type-product","3":"status-publish","4":"has-post-thumbnail","6":"product_cat-volo-vape","7":"product_cat-uwin","9":"first","10":"instock","11":"shipping-taxable","12":"purchasable","13":"product-type-variable","14":"has-default-attributes"},"jetpack_sharing_enabled":true,"tiered_pricing_type":"fixed","tiered_pricing_fixed_rules":{"30":7.589999999999999857891452847979962825775146484375,"50":6.20999999999999996447286321199499070644378662109375,"100":5.88999999999999968025576890795491635799407958984375,"200":5.4900000000000002131628207280300557613372802734375,"400":5.04000000000000003552713678800500929355621337890625},"tiered_pricing_product_settings":{"layout":"default","base_unit_name":{"singular":null,"plural":null},"default_variation":null},"tiered_pricing_minimum_quantity":10,"tiered_pricing_roles_data":[],"tiered_pricing_percentage_rules":[],"tiered_pricing_maximum_quantity":null,"tiered_pricing_quantity_step":"10","_links":{"self":[{"href":"https:\/\/volovape.com\/de\/wp-json\/wp\/v2\/product\/30895","targetHints":{"allow":["GET"]}}],"collection":[{"href":"https:\/\/volovape.com\/de\/wp-json\/wp\/v2\/product"}],"about":[{"href":"https:\/\/volovape.com\/de\/wp-json\/wp\/v2\/types\/product"}],"replies":[{"embeddable":true,"href":"https:\/\/volovape.com\/de\/wp-json\/wp\/v2\/comments?post=30895"}],"wp:featuredmedia":[{"embeddable":true,"href":"https:\/\/volovape.com\/de\/wp-json\/wp\/v2\/media\/30896"}],"wp:attachment":[{"href":"https:\/\/volovape.com\/de\/wp-json\/wp\/v2\/media?parent=30895"}],"wp:term":[{"taxonomy":"product_brand","embeddable":true,"href":"https:\/\/volovape.com\/de\/wp-json\/wp\/v2\/product_brand?post=30895"},{"taxonomy":"product_cat","embeddable":true,"href":"https:\/\/volovape.com\/de\/wp-json\/wp\/v2\/product_cat?post=30895"},{"taxonomy":"product_tag","embeddable":true,"href":"https:\/\/volovape.com\/de\/wp-json\/wp\/v2\/product_tag?post=30895"}],"curies":[{"name":"wp","href":"https:\/\/api.w.org\/{rel}","templated":true}]}}