{"id":30869,"date":"2025-08-16T11:39:59","date_gmt":"2025-08-16T11:39:59","guid":{"rendered":"https:\/\/volovape.com\/?post_type=product&#038;p=30869"},"modified":"2025-10-28T04:51:04","modified_gmt":"2025-10-28T04:51:04","slug":"uwin-randm-tornado-beat-35k","status":"publish","type":"product","link":"https:\/\/volovape.com\/de\/product\/uwin-randm-tornado-beat-35k\/","title":{"rendered":"Uwin RandM Tornado beat 35K: langlebige Einweg-Vape Gro\u00dfhandel"},"content":{"rendered":"<h2>Uwin RandM Tornado Beat 35K \u00dcbersicht und Merkmale<\/h2>\n<p>Der Uwin RandM Tornado Beat 35K ist ein erstklassiger Einwegdampfer, der sowohl f\u00fcr Geschmacksenthusiasten als auch f\u00fcr Heavy User gemacht ist. Mit einer bemerkenswerten Kapazit\u00e4t von 35.000 Z\u00fcgen bietet er ein unvergleichliches Erlebnis bei jeder Verdampfungssitzung. Dieses Ger\u00e4t kombiniert leistungsstarke Funktionen mit einer Auswahl an k\u00f6stlichen Geschmacksrichtungen, egal ob Sie ein Fan von fruchtigen Mischungen oder erfrischenden eisigen Mischungen sind. Perfekt f\u00fcr alle, die sich nach lang anhaltender Befriedigung und sanften Hits sehnen.<\/p>\n<p>Spezifikationen:<\/p>\n<p>Puff-Kapazit\u00e4t: 35.000 Puffs<\/p>\n<p>E-Fl\u00fcssigkeit Kapazit\u00e4t: 12mL<\/p>\n<p>Akku: 800mAh, Typ-C<\/p>\n<p>Spule Typ: 0.8\u03a9 Masche Spule<\/p>\n<p>Nikotin-Optionen: 0%, 2%, 3%, 5%<\/p>\n<p>Anzeige: Intelligenter Bildschirm<\/p>\n<p>Design: Kompakt und ergonomisch<\/p>\n<h2>Uwin RandM Tornado Beat 35K Geschmacksrichtungen auf Lager:<\/h2>\n<p>Heidelbeer-Himbeer, Erdbeer-Wassermelone, Heidelbeer-Eis, Wassermelone-Eis, Sommerpfirsich-Eis, Kirsch-Eis, Erdbeer-Himbeer-Kirsch-Eis, Kiwi-Passionsfrucht-Guave, Erdbeer-Eis, Kirsch-Cola, gemischte Beeren, Mr. Blue<\/p>\n<p>Warum Uwin RandM Tornado Beat 35K w\u00e4hlen?<\/p>\n<p>Unerreichte Puffanzahl: Genie\u00dfen Sie bis zu 35.000 Z\u00fcge, die viel l\u00e4nger halten als herk\u00f6mmliche Einwegprodukte.<\/p>\n<p>Optionen f\u00fcr zwei Geschmacksrichtungen: Zwei einzigartige Geschmacksrichtungen in einem Ger\u00e4t bieten ein wirklich anpassbares Erlebnis.<\/p>\n<p>Optionen mit hohem Nikotingehalt: W\u00e4hlen Sie zwischen den Nikotinst\u00e4rken 0%, 2%, 3% und 5%, um Ihre Vorlieben zu erf\u00fcllen.<\/p>\n<p>Schlankes und kompaktes Design: Leicht zu tragen und stilvoll f\u00fcr unterwegs vaping.<\/p>\n<p>Erweiterte Funktionen: Intelligente Bildschirmanzeige und Typ-C-Aufladung f\u00fcr maximalen Komfort.<\/p>\n<p>Gro\u00dfe Auswahl an Geschmacksrichtungen: \u00dcber 12 lebendige, k\u00f6stliche Geschmacksrichtungen zur Auswahl.<\/p>\n<h2>Warum Uwin RandM Tornado Beat 35K perfekt f\u00fcr Sie ist:<\/h2>\n<p>Uwin RandM Tornado Beat 35K ist sowohl f\u00fcr Gelegenheitsdampfer als auch f\u00fcr Vielraucher perfekt geeignet. Seine lang anhaltenden Z\u00fcge, die vielseitigen Nikotinst\u00e4rken und die beeindruckende Geschmackspalette machen ihn ideal f\u00fcr Vape Shops, Distributoren und Gro\u00dfh\u00e4ndler. Genie\u00dfen Sie erstklassige Leistung und reiches Aroma bei jedem Zug.<\/p>","protected":false},"excerpt":{"rendered":"<p>Uwin RandM Tornado Beat 35K Einwegverdampfer liefert bis zu 35.000 Z\u00fcge unglaublichen Geschmacks mit einem schlanken Design. Genie\u00dfen Sie Premium-Aromen wie Blueberry Raspberry, Watermelon Ice und mehr!<\/p>","protected":false},"featured_media":30870,"comment_status":"open","ping_status":"closed","template":"","meta":[],"product_brand":[],"product_cat":[16,224],"product_tag":[],"class_list":{"0":"post-30869","1":"product","2":"type-product","3":"status-publish","4":"has-post-thumbnail","6":"product_cat-volo-vape","7":"product_cat-uwin","9":"first","10":"instock","11":"shipping-taxable","12":"purchasable","13":"product-type-variable","14":"has-default-attributes"},"jetpack_sharing_enabled":true,"tiered_pricing_type":"fixed","tiered_pricing_fixed_rules":{"30":8.21000000000000085265128291212022304534912109375,"50":6.36000000000000031974423109204508364200592041015625,"100":5.7400000000000002131628207280300557613372802734375,"200":5.37000000000000010658141036401502788066864013671875,"400":4.94000000000000039079850466805510222911834716796875},"tiered_pricing_product_settings":{"layout":"default","base_unit_name":{"singular":null,"plural":null},"default_variation":null},"tiered_pricing_minimum_quantity":10,"tiered_pricing_roles_data":[],"tiered_pricing_percentage_rules":[],"tiered_pricing_maximum_quantity":null,"tiered_pricing_quantity_step":"10","_links":{"self":[{"href":"https:\/\/volovape.com\/de\/wp-json\/wp\/v2\/product\/30869","targetHints":{"allow":["GET"]}}],"collection":[{"href":"https:\/\/volovape.com\/de\/wp-json\/wp\/v2\/product"}],"about":[{"href":"https:\/\/volovape.com\/de\/wp-json\/wp\/v2\/types\/product"}],"replies":[{"embeddable":true,"href":"https:\/\/volovape.com\/de\/wp-json\/wp\/v2\/comments?post=30869"}],"wp:featuredmedia":[{"embeddable":true,"href":"https:\/\/volovape.com\/de\/wp-json\/wp\/v2\/media\/30870"}],"wp:attachment":[{"href":"https:\/\/volovape.com\/de\/wp-json\/wp\/v2\/media?parent=30869"}],"wp:term":[{"taxonomy":"product_brand","embeddable":true,"href":"https:\/\/volovape.com\/de\/wp-json\/wp\/v2\/product_brand?post=30869"},{"taxonomy":"product_cat","embeddable":true,"href":"https:\/\/volovape.com\/de\/wp-json\/wp\/v2\/product_cat?post=30869"},{"taxonomy":"product_tag","embeddable":true,"href":"https:\/\/volovape.com\/de\/wp-json\/wp\/v2\/product_tag?post=30869"}],"curies":[{"name":"wp","href":"https:\/\/api.w.org\/{rel}","templated":true}]}}