{"id":29610,"date":"2025-04-24T08:23:07","date_gmt":"2025-04-24T08:23:07","guid":{"rendered":"https:\/\/volovape.com\/?post_type=product&#038;p=29610"},"modified":"2026-04-22T01:04:26","modified_gmt":"2026-04-22T01:04:26","slug":"knall-konig-50000-doppelten-geschmack-einweg-vape","status":"publish","type":"product","link":"https:\/\/volovape.com\/de\/product\/bang-king-50000-double-flavor-disposable-vape\/","title":{"rendered":"Bang King 50000 Puff doppelten Geschmack Einweg vape | 50ml Kapazit\u00e4t, weichen Geschmack, kompakt und tragbar"},"content":{"rendered":"<p><strong>Bang King 50000 Double Flavor Einweg-Vape<\/strong> - Maximale Kapazit\u00e4t. Maximale Zufriedenheit.<\/p>\n<p>Erleben Sie die <strong>Bang King 50000 Puffs<\/strong>ein leistungsstarker Einwegdampfer, der f\u00fcr ernsthafte Nutzer gebaut wurde. Mit einer massiven <strong>50mL vorgef\u00fcllter e-Fl\u00fcssigkeitstank<\/strong> und ein <strong>ausdauernder 850mAh-Akku<\/strong>liefert es bis zu <strong>50.000 weiche, geschmackvolle Puffs<\/strong>. Mit <em>Dual-Flavor-Technologie<\/em> in jedem Ger\u00e4t und <strong>einstellbare Nikotinst\u00e4rken (0%, 2%, 3%, 5%)<\/strong>bietet er f\u00fcr jede Vorliebe des Verdampfens etwas. Keine Kn\u00f6pfe, kein \u00c4rger - einfach greifen und dampfen.<\/p>\n<p>Egal, ob Sie sich einen Vorrat anlegen oder eine Gro\u00dfhandelsbestellung aufgeben, der Bang King 50000 ist die erste Wahl f\u00fcr erstklassiges Dampfen bei l\u00e4ngerem Gebrauch.<\/p>\n<h3><strong>Bang King 50000 Disposable Vape Eigenschaften:<\/strong><\/h3>\n<ul>\n<li>Puffs: Bis zu 50.000<\/li>\n<li>E-Fl\u00fcssigkeit Kapazit\u00e4t: 50mL (vorgef\u00fcllt)<\/li>\n<li>Akku: 850mAh (eingebaut)<\/li>\n<li>Aufladen: Nicht erforderlich<\/li>\n<li>Nikotinst\u00e4rken: 0%, 2%, 3%, 5%<\/li>\n<li>12 Zweifach-Geschmackskombinationen<\/li>\n<li>Tragbares, kompaktes Design<\/li>\n<\/ul>","protected":false},"excerpt":{"rendered":"<p>Setze die Grenzen mit dem Bang King 50000 Puffs Disposable Vape! Mit zwei Geschmacksrichtungen, massiven 50mL e-Fl\u00fcssigkeit, und bis zu 50.000 Puffs. Entwickelt f\u00fcr Power-User und Gro\u00dfabnehmer gleicherma\u00dfen.<\/p>","protected":false},"featured_media":29611,"comment_status":"open","ping_status":"closed","template":"","meta":[],"product_brand":[],"product_cat":[16],"product_tag":[],"class_list":{"0":"post-29610","1":"product","2":"type-product","3":"status-publish","4":"has-post-thumbnail","6":"product_cat-volo-vape","8":"first","9":"instock","10":"shipping-taxable","11":"purchasable","12":"product-type-variable","13":"has-default-attributes"},"jetpack_sharing_enabled":true,"tiered_pricing_type":"fixed","tiered_pricing_fixed_rules":{"30":7.37999999999999989341858963598497211933135986328125,"50":6.910000000000000142108547152020037174224853515625,"100":6.1699999999999999289457264239899814128875732421875,"200":5.79999999999999982236431605997495353221893310546875,"400":5.25},"tiered_pricing_product_settings":{"layout":"default","base_unit_name":{"singular":null,"plural":null},"default_variation":null},"tiered_pricing_minimum_quantity":10,"tiered_pricing_roles_data":[],"tiered_pricing_percentage_rules":[],"tiered_pricing_maximum_quantity":null,"tiered_pricing_quantity_step":"10","_links":{"self":[{"href":"https:\/\/volovape.com\/de\/wp-json\/wp\/v2\/product\/29610","targetHints":{"allow":["GET"]}}],"collection":[{"href":"https:\/\/volovape.com\/de\/wp-json\/wp\/v2\/product"}],"about":[{"href":"https:\/\/volovape.com\/de\/wp-json\/wp\/v2\/types\/product"}],"replies":[{"embeddable":true,"href":"https:\/\/volovape.com\/de\/wp-json\/wp\/v2\/comments?post=29610"}],"wp:featuredmedia":[{"embeddable":true,"href":"https:\/\/volovape.com\/de\/wp-json\/wp\/v2\/media\/29611"}],"wp:attachment":[{"href":"https:\/\/volovape.com\/de\/wp-json\/wp\/v2\/media?parent=29610"}],"wp:term":[{"taxonomy":"product_brand","embeddable":true,"href":"https:\/\/volovape.com\/de\/wp-json\/wp\/v2\/product_brand?post=29610"},{"taxonomy":"product_cat","embeddable":true,"href":"https:\/\/volovape.com\/de\/wp-json\/wp\/v2\/product_cat?post=29610"},{"taxonomy":"product_tag","embeddable":true,"href":"https:\/\/volovape.com\/de\/wp-json\/wp\/v2\/product_tag?post=29610"}],"curies":[{"name":"wp","href":"https:\/\/api.w.org\/{rel}","templated":true}]}}