{"id":28648,"date":"2025-03-21T06:47:18","date_gmt":"2025-03-21T06:47:18","guid":{"rendered":"https:\/\/volovape.com\/?post_type=product&#038;p=28648"},"modified":"2026-04-08T01:51:05","modified_gmt":"2026-04-08T01:51:05","slug":"waspe-60000-puffs-3-in-1-einweg-vape","status":"publish","type":"product","link":"https:\/\/volovape.com\/de\/product\/waspe-60000-puffs-3-in-1-disposable-vape\/","title":{"rendered":"WASPE 60K 3-in-1 Einweg-Vape | Dreifach-Aromen, 60.000 Puffs, Gro\u00dfhandel"},"content":{"rendered":"<p><strong>WASPE 60K 3-in-1 Einweg-Vape<\/strong> - Der dreifache Geschmack, der dreifache Spa\u00df, mit beispiellosen 60.000 Z\u00fcgen. Dieser revolution\u00e4re Einwegdampfer liefert eine erstaunliche <strong>60.000 Z\u00fcge<\/strong>und kombiniert <strong>drei verschiedene Geschmacksrichtungen<\/strong> in einem schlanken Ger\u00e4t. Inspiriert von der beliebten WASPE Crystal, bietet dieser Verdampfer <strong>12 einzigartige Geschmackstrios<\/strong>F\u00fcr jeden Geschmack ist etwas dabei. Dieses Ger\u00e4t ist perfekt f\u00fcr den Gro\u00dfhandel geeignet und sorgt daf\u00fcr, dass Ihre Kunden ein ausgedehntes Vaping-Vergn\u00fcgen und vielf\u00e4ltige Geschmackserlebnisse genie\u00dfen k\u00f6nnen. Sein tragbares Design und seine hohe Kapazit\u00e4t machen es zu einer herausragenden Wahl sowohl f\u00fcr den pers\u00f6nlichen Gebrauch als auch f\u00fcr den Gro\u00dfhandel.<\/p>\n<h3><strong>WASPE 60K 3-in-1 Merkmale:<\/strong><\/h3>\n<ul>\n<li>Puffs: 60.000 Puffs (54ml e-Fl\u00fcssigkeit)<\/li>\n<li>Geschmacksrichtungen: 3-in-1 Dreifach-Geschmacksrichtung<\/li>\n<li>Geschmacksoptionen: 12 einzigartige Geschmackstrios<\/li>\n<li>Design: Schlank und tragbar<\/li>\n<li>Ideal f\u00fcr: Gro\u00dfhandel<\/li>\n<\/ul>\n<h4>H\u00e4ufig gestellte Fragen<\/h4>\n<h5>Wie funktioniert der 3-in-1-Aromenwechselmechanismus?<\/h5>\n<p>Der WASPE 60K 3-in-1 verf\u00fcgt \u00fcber einen innovativen Mechanismus, der es dem Nutzer erm\u00f6glicht, nahtlos zwischen den drei enthaltenen Aromen zu wechseln. Eine einfache Einstellung am Ger\u00e4t aktiviert verschiedene Geschmackskammern und sorgt so f\u00fcr ein abwechslungsreiches und angenehmes Dampferlebnis, ohne dass mehrere Ger\u00e4te ben\u00f6tigt werden.<\/p>\n<h5>Gibt es einen Vorteil, wenn man den WASPE 60K 3-in-1 in gro\u00dfen Mengen einkauft?<\/h5>\n<p>Der Gro\u00dfhandel mit Gro\u00dfmengen sichert Ihnen den vorrangigen Zugang zu diesem stark nachgefragten Produkt und gew\u00e4hrleistet, dass Sie zu den ersten geh\u00f6ren, die es Ihren Kunden anbieten k\u00f6nnen. Au\u00dferdem k\u00f6nnen Sie so die Vorteile kosteng\u00fcnstiger Gro\u00dfhandelspreise nutzen und Ihre Rentabilit\u00e4t maximieren. Dadurch wird sichergestellt, dass Sie die anf\u00e4nglich hohe Nachfrage befriedigen und einen konstanten Bestand aufrechterhalten k\u00f6nnen.<\/p>\n<h5>Wie garantieren Sie die Qualit\u00e4t und Sicherheit eines solchen Hochleistungsger\u00e4ts?<\/h5>\n<p>Wir bauen auf den guten Ruf des WASPE Crystal und stellen sicher, dass der WASPE 60K 3-in-1 strenge Qualit\u00e4ts- und Sicherheitsstandards erf\u00fcllt. Jedes Ger\u00e4t wird gr\u00fcndlichen Tests unterzogen, um eine gleichbleibende Leistung und die Sicherheit der Benutzer zu gew\u00e4hrleisten. Wir unterst\u00fctzen auch PayPal-Zahlung und K\u00e4uferschutz-Service. Sie k\u00f6nnen auch unsere Rezensionen lesen auf <a href=\"https:\/\/www.trustpilot.com\/review\/volovape.com?utm_medium=trustbox&amp;utm_source=TrustBoxReviewCollector\">VertrauensPilot<\/a>.<\/p>","protected":false},"excerpt":{"rendered":"<p>Entfesseln Sie dreifache Geschmacksseligkeit mit dem WASPE 60K 3-in-1 Disposable Vape! Genie\u00dfen Sie 60.000 Z\u00fcge und 3 einzigartige Geschmacksrichtungen in einem schlanken Ger\u00e4t.<\/p>\n<p><strong>Gro\u00dfhandel<\/strong>\u00a0jetzt in gro\u00dfen Mengen kaufen und sich mit dieser verbesserten <a href=\"https:\/\/volovape.com\/de\/produkt\/waspe-40k-doppelgeschmack-zwillinge-40000-zuge\/\">WASPE 40k<\/a> inspiriertes Vape mit 12 Geschmacksrichtungen zur Auswahl.<\/p>","protected":false},"featured_media":37388,"comment_status":"open","ping_status":"closed","template":"","meta":[],"product_brand":[],"product_cat":[17],"product_tag":[],"class_list":{"0":"post-28648","1":"product","2":"type-product","3":"status-publish","4":"has-post-thumbnail","6":"product_cat-waspe","8":"first","9":"instock","10":"shipping-taxable","11":"purchasable","12":"product-type-variable","13":"has-default-attributes"},"jetpack_sharing_enabled":true,"tiered_pricing_type":"fixed","tiered_pricing_fixed_rules":{"30":8.17999999999999971578290569595992565155029296875,"50":7.78000000000000024868995751603506505489349365234375,"100":7.28000000000000024868995751603506505489349365234375,"200":6.6699999999999999289457264239899814128875732421875,"400":6.36000000000000031974423109204508364200592041015625},"tiered_pricing_product_settings":{"layout":"default","base_unit_name":{"singular":null,"plural":null},"default_variation":null},"tiered_pricing_minimum_quantity":10,"tiered_pricing_roles_data":[],"tiered_pricing_percentage_rules":[],"tiered_pricing_maximum_quantity":null,"tiered_pricing_quantity_step":"10","_links":{"self":[{"href":"https:\/\/volovape.com\/de\/wp-json\/wp\/v2\/product\/28648","targetHints":{"allow":["GET"]}}],"collection":[{"href":"https:\/\/volovape.com\/de\/wp-json\/wp\/v2\/product"}],"about":[{"href":"https:\/\/volovape.com\/de\/wp-json\/wp\/v2\/types\/product"}],"replies":[{"embeddable":true,"href":"https:\/\/volovape.com\/de\/wp-json\/wp\/v2\/comments?post=28648"}],"wp:featuredmedia":[{"embeddable":true,"href":"https:\/\/volovape.com\/de\/wp-json\/wp\/v2\/media\/37388"}],"wp:attachment":[{"href":"https:\/\/volovape.com\/de\/wp-json\/wp\/v2\/media?parent=28648"}],"wp:term":[{"taxonomy":"product_brand","embeddable":true,"href":"https:\/\/volovape.com\/de\/wp-json\/wp\/v2\/product_brand?post=28648"},{"taxonomy":"product_cat","embeddable":true,"href":"https:\/\/volovape.com\/de\/wp-json\/wp\/v2\/product_cat?post=28648"},{"taxonomy":"product_tag","embeddable":true,"href":"https:\/\/volovape.com\/de\/wp-json\/wp\/v2\/product_tag?post=28648"}],"curies":[{"name":"wp","href":"https:\/\/api.w.org\/{rel}","templated":true}]}}