{"id":28647,"date":"2025-03-21T06:47:18","date_gmt":"2025-03-21T06:47:18","guid":{"rendered":"https:\/\/volovape.com\/?post_type=product&#038;p=28647"},"modified":"2026-04-14T06:54:42","modified_gmt":"2026-04-14T06:54:42","slug":"gazzbar-rocket-20000-puffs-wegwerfbares-vape","status":"publish","type":"product","link":"https:\/\/volovape.com\/de\/product\/gazzbar-rocket-20000-puffs-disposable-vape\/","title":{"rendered":"Gazzbar Rocket 20000 Puffs Einweg-Vape | 14 Geschmacksrichtungen, 0-5% Nikotin, Bulk-Gro\u00dfhandel"},"content":{"rendered":"<p><strong>Gazzbar Rocket 20000 Puffs Einweg-Vape<\/strong> - Starten Sie Ihr Vaping-Erlebnis mit un\u00fcbertroffener Puff-Kapazit\u00e4t in die Umlaufbahn. Dieser Einwegdampfer mit hoher Kapazit\u00e4t liefert eine unglaubliche <strong>20.000 Z\u00fcge<\/strong>und sorgt f\u00fcr lang anhaltende Freude. Mit <strong>14 verschiedene Geschmacksrichtungen<\/strong> und Nikotinoptionen, die von <strong>0% bis 5%<\/strong>Der Gazzbar Rocket wird den unterschiedlichsten Vorlieben gerecht. Die <strong>wiederaufladbares USB-Design<\/strong> bietet zus\u00e4tzlichen Komfort, so dass es perfekt f\u00fcr den pers\u00f6nlichen Gebrauch und Einweg vape Gro\u00dfhandel. Jeder Hauch bietet konsistenten Geschmack und zuverl\u00e4ssige Leistung, ideal f\u00fcr Gro\u00dfauftragsbedarf mit 5 Einheiten pro Box und 200 Einheiten pro Karton.<\/p>\n<h3><strong>Gazzbar Rocket 20000 Merkmale:<\/strong><\/h3>\n<ul>\n<li>Puffs: 20.000 Puffs<\/li>\n<li>Nikotin: 0%\/2%\/3%\/5%<\/li>\n<li>Aufladen: USB Wiederaufladbar<\/li>\n<li>Geschmacksrichtungen: 14 einzigartige Geschmacksrichtungen<\/li>\n<li>Verpackung: 5 St\u00fcck\/Karton, 200 St\u00fcck\/Karton<\/li>\n<\/ul>\n<h4>H\u00e4ufig gestellte Fragen<\/h4>\n<h5>Wie stellen Sie sicher, dass die Aromen \u00fcber die 20.000 Z\u00fcge hinweg gleich bleiben?<\/h5>\n<p>Wir setzen fortschrittliche Technologie und hochwertige Materialien ein, um die Geschmackskonsistenz vom ersten bis zum letzten Zug zu erhalten. Unsere strenge Qualit\u00e4tskontrolle stellt sicher, dass jede Gazzbar Rocket ein befriedigendes und gleichm\u00e4\u00dfiges Dampferlebnis liefert, unabh\u00e4ngig davon, wie viele Z\u00fcge Du genommen hast.<\/p>\n<h5>Was ist der Vorteil von USB-aufladbaren Einwegvapes wie dem Gazzbar Rocket?<\/h5>\n<p>USB aufladbare Einwegdampfer bieten den Vorteil einer l\u00e4ngeren Nutzung ohne Leistungseinbu\u00dfen. Diese Funktion erm\u00f6glicht es Ihnen, die 20.000 Z\u00fcge voll auszunutzen, damit Sie jeden Tropfen E-Liquid genie\u00dfen k\u00f6nnen. Au\u00dferdem wird so der Abfall reduziert und eine nachhaltigere Option im Vergleich zu nicht wiederaufladbaren Einwegdampfern geboten.<\/p>\n<h5>Wie kann ich sicher sein, dass meine Gro\u00dfbestellung ohne Sch\u00e4den ankommt?<\/h5>\n<p>Die sichere Lieferung Ihrer Gro\u00dfbestellung hat f\u00fcr uns Priorit\u00e4t. Jeder Karton mit 200 Einheiten wird sorgf\u00e4ltig verpackt, um den Transport zu \u00fcberstehen und das Risiko von Sch\u00e4den zu minimieren. Wir arbeiten mit zuverl\u00e4ssigen Versandpartnern wie UPS, DHL, FedEx und DPD zusammen und w\u00e4hlen je nach Standort die beste Option aus, um sicherzustellen, dass Ihre Bestellung in perfektem Zustand ankommt. Wir unterst\u00fctzen auch PayPal-Zahlungen und den K\u00e4uferschutzservice. Sie k\u00f6nnen sich auch unsere Bewertungen auf <a href=\"https:\/\/www.trustpilot.com\/review\/volovape.com?utm_medium=trustbox&amp;utm_source=TrustBoxReviewCollector\">VertrauensPilot<\/a>.<\/p>","protected":false},"excerpt":{"rendered":"<p>Erlebe den Gazzbar Rocket 20000 Disposable Vape mit 20.000 Z\u00fcgen, 14 einzigartigen Geschmacksrichtungen und 0-5% Nikotinoptionen. Wiederaufladbar \u00fcber USB, bietet diese Bulk-ready vape un\u00fcbertroffene Langlebigkeit und Vielfalt. Bestellen Sie jetzt im Gro\u00dfhandel und genie\u00dfen Sie erstklassiges Dampferlebnis!<\/p>","protected":false},"featured_media":28711,"comment_status":"open","ping_status":"closed","template":"","meta":[],"product_brand":[],"product_cat":[225],"product_tag":[],"class_list":{"0":"post-28647","1":"product","2":"type-product","3":"status-publish","4":"has-post-thumbnail","6":"product_cat-gazzbar","8":"first","9":"instock","10":"shipping-taxable","11":"purchasable","12":"product-type-variable","13":"has-default-attributes"},"jetpack_sharing_enabled":true,"tiered_pricing_type":"fixed","tiered_pricing_fixed_rules":{"30":7.269999999999999573674358543939888477325439453125,"60":6.9000000000000003552713678800500929355621337890625,"100":6.5,"200":5.9000000000000003552713678800500929355621337890625},"tiered_pricing_product_settings":{"layout":"default","base_unit_name":{"singular":null,"plural":null},"default_variation":null},"tiered_pricing_minimum_quantity":10,"tiered_pricing_roles_data":[],"tiered_pricing_percentage_rules":[],"tiered_pricing_maximum_quantity":null,"tiered_pricing_quantity_step":"10","_links":{"self":[{"href":"https:\/\/volovape.com\/de\/wp-json\/wp\/v2\/product\/28647","targetHints":{"allow":["GET"]}}],"collection":[{"href":"https:\/\/volovape.com\/de\/wp-json\/wp\/v2\/product"}],"about":[{"href":"https:\/\/volovape.com\/de\/wp-json\/wp\/v2\/types\/product"}],"replies":[{"embeddable":true,"href":"https:\/\/volovape.com\/de\/wp-json\/wp\/v2\/comments?post=28647"}],"wp:featuredmedia":[{"embeddable":true,"href":"https:\/\/volovape.com\/de\/wp-json\/wp\/v2\/media\/28711"}],"wp:attachment":[{"href":"https:\/\/volovape.com\/de\/wp-json\/wp\/v2\/media?parent=28647"}],"wp:term":[{"taxonomy":"product_brand","embeddable":true,"href":"https:\/\/volovape.com\/de\/wp-json\/wp\/v2\/product_brand?post=28647"},{"taxonomy":"product_cat","embeddable":true,"href":"https:\/\/volovape.com\/de\/wp-json\/wp\/v2\/product_cat?post=28647"},{"taxonomy":"product_tag","embeddable":true,"href":"https:\/\/volovape.com\/de\/wp-json\/wp\/v2\/product_tag?post=28647"}],"curies":[{"name":"wp","href":"https:\/\/api.w.org\/{rel}","templated":true}]}}