{"id":28646,"date":"2025-03-21T06:47:18","date_gmt":"2025-03-21T06:47:18","guid":{"rendered":"https:\/\/volovape.com\/?post_type=product&#038;p=28646"},"modified":"2026-04-15T01:07:38","modified_gmt":"2026-04-15T01:07:38","slug":"uwin-crystal-10000-puffs-wegwerfbares-vape","status":"publish","type":"product","link":"https:\/\/volovape.com\/de\/product\/uwin-crystal-10000-puffs-disposable-vape\/","title":{"rendered":"Uwin Crystal 10000 Puffs wiederaufladbar Einweg vape | 15 Geschmacksrichtungen, 0-5% Nikotin, Gro\u00dfhandel"},"content":{"rendered":"<p><iframe title=\"VideoPress-Videoplayer\" aria-label='VideoPress-Videoplayer' width='421' height='750' src='https:\/\/videopress.com\/embed\/TT81Wr9Y?hd=0&amp;cover=1' frameborder='0' allowfullscreen allow='clipboard-write'><\/iframe><script src='https:\/\/v0.wordpress.com\/js\/next\/videopress-iframe.js?m=1739540970'><\/script><\/p>\n<p><strong>Uwin Crystal 10000 Puffs Wiederaufladbar Einweg Vape<\/strong> - Erleben Sie unvergleichlichen Geschmack und Langlebigkeit. Legen Sie sich einen Vorrat an diesem Einwegdampfer mit hoher Kapazit\u00e4t an, sowohl f\u00fcr den pers\u00f6nlichen Gebrauch als auch f\u00fcr lukrative Einwegdampfer-Gro\u00dfhandelsm\u00f6glichkeiten. Mit einer massiven <strong>10.000 Puffs Kapazit\u00e4t<\/strong> Und <strong>18ml hochwertiges E-Liquid<\/strong>Der Uwin Crystal bietet ein verl\u00e4ngertes Rauchvergn\u00fcgen. W\u00e4hlen Sie aus <strong>30 verschiedene Geschmacksrichtungen<\/strong> und Nikotinst\u00e4rken von <strong>0%, 2%, 3% oder 5%<\/strong> f\u00fcr jede Vorliebe. Ausgestattet mit einem <strong>650mAh wiederaufladbare Batterie<\/strong> Und <strong>Typ-C-Laden<\/strong>gew\u00e4hrleistet dieses Ger\u00e4t eine dauerhafte Leistung. Die <strong>0,8\u03a9 Maschenspule<\/strong> verbessert den Geschmack und die Dampferzeugung, w\u00e4hrend die lebendige <strong>RGB-Lichter<\/strong> verleihen eine stilvolle Note. Ideal f\u00fcr Gro\u00dfbestellungen, jede Schachtel enth\u00e4lt 10 St\u00fcck und jeder Karton 200 St\u00fcck.<\/p>\n<h3><strong>Uwin Crystal 10000 Puffs Eigenschaften:<\/strong><\/h3>\n<ul>\n<li>Puffs: 10.000 Puffs<\/li>\n<li>E-Fl\u00fcssigkeit Kapazit\u00e4t: 18ml<\/li>\n<li>Nikotinst\u00e4rke: 0%\/2%\/3%\/5%<\/li>\n<li>Akku: 650mAh Wiederaufladbar<\/li>\n<li>Aufladen: Typ-C-Schnellaufladung<\/li>\n<li>Spule: 0.8\u03a9 Masche Spule<\/li>\n<li>Lichter: RGB-Lichter<\/li>\n<li>Geschmacksrichtungen: 30 einzigartige Geschmacksrichtungen<\/li>\n<\/ul>\n<h4>H\u00e4ufig gestellte Fragen<\/h4>\n<h5>Wie schnell kann ich meine Gro\u00dfbestellung erhalten?<\/h5>\n<p>Wir legen Wert auf einen effizienten Versand und liefern in der Regel innerhalb von 7-15 Arbeitstagen. In Spitzenzeiten oder aufgrund unvorhergesehener Umst\u00e4nde wie Feiertage oder Unwetter kann sich die Lieferzeit jedoch auf bis zu 20 Werktage verl\u00e4ngern. Wir arbeiten mit renommierten Transportunternehmen wie UPS, DHL, FEDEX und DPD zusammen und w\u00e4hlen je nach Lieferort die beste Option f\u00fcr optimale Geschwindigkeit und Zuverl\u00e4ssigkeit.<\/p>\n<h5>Werden bei meiner Bestellung Zollprobleme oder zus\u00e4tzliche Geb\u00fchren anfallen?<\/h5>\n<p>Wir wickeln alle Zollabfertigungsprozesse ab und sorgen so f\u00fcr einen reibungslosen Ablauf f\u00fcr Sie. Wir garantieren, dass 100% unserer Produkte die Zollabfertigung erfolgreich durchlaufen und Sie keine unerwarteten Steuern oder zus\u00e4tzlichen Geb\u00fchren zahlen m\u00fcssen. Ihre Bestellung wird reibungslos und direkt an Ihren Bestimmungsort geliefert.<\/p>\n<h5>Sind die aufgef\u00fchrten Geschmacksrichtungen und die Anzahl der Puffs korrekt dargestellt?<\/h5>\n<p>Ja, alle Angaben zu den Geschmacksrichtungen und der Anzahl der Puffs sind garantiert korrekt. Wir w\u00e4hlen jedes Produkt sorgf\u00e4ltig aus und testen es, um sicherzustellen, dass es unsere strengen Standards erf\u00fcllt und genau das liefert, was beworben wird. Mit 30 einzigartigen Geschmacksrichtungen und einer best\u00e4tigten Kapazit\u00e4t von 10.000 Puffs erhalten Sie jedes Mal ein hochwertiges Produkt. Wir stehen auch hinter unserer Produktqualit\u00e4t, indem wir Ihnen erm\u00f6glichen, sichere K\u00e4ufe mit Zahlung \u00fcber Paypal zu t\u00e4tigen und indem wir Bewertungen auf <a href=\"https:\/\/www.trustpilot.com\/review\/volovape.com?utm_medium=trustbox&amp;utm_source=TrustBoxReviewCollector\">VertrauensPilot<\/a>.<\/p>","protected":false},"excerpt":{"rendered":"<p>Lernen Sie den Uwin Crystal 10000 Puffs Rechargeable Disposable Vape kennen - bis zu 10.000 Z\u00fcge, 15 gewagte Geschmacksrichtungen und 0-5% Nikotinoptionen. Ausgestattet mit einem 650mAh-Akku, Typ-C-Ladung und RGB-Licht, ist er perfekt f\u00fcr Gro\u00dfbestellungen bei VoloVape. Decken Sie sich jetzt ein!<\/p>","protected":false},"featured_media":28694,"comment_status":"open","ping_status":"closed","template":"","meta":[],"product_brand":[],"product_cat":[57,224],"product_tag":[],"class_list":{"0":"post-28646","1":"product","2":"type-product","3":"status-publish","4":"has-post-thumbnail","6":"product_cat-10000-puffs-disposable-vape","7":"product_cat-uwin","9":"first","10":"instock","11":"shipping-taxable","12":"purchasable","13":"product-type-variable","14":"has-default-attributes"},"jetpack_sharing_enabled":true,"tiered_pricing_type":"fixed","tiered_pricing_fixed_rules":{"30":5.28000000000000024868995751603506505489349365234375,"50":4.75,"100":4.160000000000000142108547152020037174224853515625,"200":3.979999999999999982236431605997495353221893310546875,"400":3.5800000000000000710542735760100185871124267578125},"tiered_pricing_product_settings":{"layout":"default","base_unit_name":{"singular":null,"plural":null},"default_variation":null},"tiered_pricing_minimum_quantity":10,"tiered_pricing_roles_data":[],"tiered_pricing_percentage_rules":[],"tiered_pricing_maximum_quantity":null,"tiered_pricing_quantity_step":"10","_links":{"self":[{"href":"https:\/\/volovape.com\/de\/wp-json\/wp\/v2\/product\/28646","targetHints":{"allow":["GET"]}}],"collection":[{"href":"https:\/\/volovape.com\/de\/wp-json\/wp\/v2\/product"}],"about":[{"href":"https:\/\/volovape.com\/de\/wp-json\/wp\/v2\/types\/product"}],"replies":[{"embeddable":true,"href":"https:\/\/volovape.com\/de\/wp-json\/wp\/v2\/comments?post=28646"}],"wp:featuredmedia":[{"embeddable":true,"href":"https:\/\/volovape.com\/de\/wp-json\/wp\/v2\/media\/28694"}],"wp:attachment":[{"href":"https:\/\/volovape.com\/de\/wp-json\/wp\/v2\/media?parent=28646"}],"wp:term":[{"taxonomy":"product_brand","embeddable":true,"href":"https:\/\/volovape.com\/de\/wp-json\/wp\/v2\/product_brand?post=28646"},{"taxonomy":"product_cat","embeddable":true,"href":"https:\/\/volovape.com\/de\/wp-json\/wp\/v2\/product_cat?post=28646"},{"taxonomy":"product_tag","embeddable":true,"href":"https:\/\/volovape.com\/de\/wp-json\/wp\/v2\/product_tag?post=28646"}],"curies":[{"name":"wp","href":"https:\/\/api.w.org\/{rel}","templated":true}]}}