{"id":1269,"date":"2024-11-21T03:39:32","date_gmt":"2024-11-21T03:39:32","guid":{"rendered":"https:\/\/volovape.com\/?post_type=product&#038;p=1269"},"modified":"2025-09-08T03:35:43","modified_gmt":"2025-09-08T03:35:43","slug":"waspe-30000-puffs-einweg-vape-groshandel","status":"publish","type":"product","link":"https:\/\/volovape.com\/de\/product\/waspe-30000-puffs-disposable-vape-wholesale\/","title":{"rendered":"WASPE 30000 Puffs Dual Mesh Einweg-Vape mit wiederaufladbarem 850mah-Akku"},"content":{"rendered":"<p>WASPE 30000 Puffs Dual Mesh Disposable Vape - 30.000 Puff z\u00e4hlen, wiederaufladbar<br \/>\n<strong>WASPE 30000 Puffs Dual Mesh Einweg Vape<\/strong> - Erleben Sie eine beispiellose Langlebigkeit und einen unvergleichlichen Geschmack.<\/p>\n<p>Erh\u00f6hen Sie Ihr Dampferlebnis mit dem <strong>WASPE 30000<\/strong>ist ein revolution\u00e4rer Einwegdampfer, der f\u00fcr maximale Leistung entwickelt wurde. Mit erstaunlichen 30.000 Puffs, einer gro\u00dfz\u00fcgigen 28ml E-Liquid-Kapazit\u00e4t und einem 850mAh-Akku mit Typ-C-Ladung sorgt dieses Ger\u00e4t f\u00fcr ausgedehnte Verdampfungssessions ohne Kompromisse. Die fortschrittliche Dual-Mesh-Spulen-Technologie liefert gleichbleibend reichhaltigen und geschmackvollen Dampf und ist damit perfekt f\u00fcr den pers\u00f6nlichen Genuss und f\u00fcr Gro\u00dfbestellungen von Einwegdampfern geeignet. Entdecken Sie 16 einzigartige Geschmacksoptionen, jede bis zur Perfektion gefertigt, und genie\u00dfen Sie die Bequemlichkeit eines gebrauchsfertigen, hochkapazitiven Ger\u00e4tes.<\/p>\n<h3><strong>WASPE 30000 Merkmale\uff1a<\/strong><\/h3>\n<ul>\n<li>Puffs: Bis zu 30.000 Z\u00fcge<\/li>\n<li>E-Fl\u00fcssigkeit Kapazit\u00e4t: 28ml<\/li>\n<li>Akku: 850mAh (wiederaufladbar)<\/li>\n<li>Aufladen: Typ-C<\/li>\n<li>Spule: Dual Mesh Spule<\/li>\n<li>16 einzigartige Geschmacksrichtungen<\/li>\n<li>Einwegger\u00e4t<\/li>\n<\/ul>\n<h4>H\u00e4ufig gestellte Fragen<\/h4>\n<h5>Welche Versandmethoden werden verwendet?<\/h5>\n<p>Wir arbeiten mit UPS\/DHL\/FEDEX\/DPD, etc. zusammen. Je nach Lieferland w\u00e4hlen wir die passende Versandoption, damit Sie Ihre Produkte so schnell wie m\u00f6glich erhalten.<\/p>\n<h5>Wie lange dauert es, bis es ankommt?<\/h5>\n<p>Dies dauert in der Regel 7-15 Arbeitstage und kann an Feiertagen oder bei schlechten Witterungsbedingungen bis zu 20 Arbeitstage in Anspruch nehmen.<\/p>\n<h5>Kann es durch den Zoll gehen und wird es mir irgendwelche Probleme bereiten?<\/h5>\n<p>Wir garantieren Ihnen, dass Sie keine Probleme haben werden, da wir uns um die Zollabfertigung k\u00fcmmern und keine Steuern oder Geb\u00fchren anfallen werden. Wir garantieren, dass 100% unserer Produkte den Zoll passieren werden.<\/p>\n<h5>Was ist das Besondere an der Dual Mesh Coil-Technologie?<\/h5>\n<p>Die Dual-Mesh-Spule im WASPE 30000 verbessert die Geschmacksabgabe und die Dampfproduktion und sorgt so f\u00fcr ein gleichbleibend sanftes und befriedigendes Dampferlebnis mit jedem Zug, wodurch das Potenzial jedes Geschmacks maximiert wird.<\/p>\n<h5>Kann ich ihr vertrauen?<\/h5>\n<p>Wir unterst\u00fctzen PayPal-Zahlung und K\u00e4uferschutz-Service.<br \/>\nSie k\u00f6nnen sich auch unsere Bewertungen auf <a href=\"https:\/\/www.trustpilot.com\/review\/volovape.com?utm_medium=trustbox&amp;utm_source=TrustBoxReviewCollector\">VertrauensPilot<\/a><\/p>","protected":false},"excerpt":{"rendered":"<p>Entfesseln Sie die Ausdauer beim Dampfen mit dem WASPE 30000 Puffs Disposable Vape. Verf\u00fcgt \u00fcber 28ml e-Fl\u00fcssigkeit, 850mAh Akku, Dual-Mesh-Coils und 16 Geschmacksrichtungen. Gro\u00dfhandel verf\u00fcgbar, Typ-C Aufladung.<\/p>","protected":false},"featured_media":1491,"comment_status":"open","ping_status":"closed","template":"","meta":[],"product_brand":[],"product_cat":[46,63,21,18,39,20,23,24,22,25,26,27,28,29,30,31,32,33,34,35,44,36,40,17],"product_tag":[],"class_list":{"0":"post-1269","1":"product","2":"type-product","3":"status-publish","4":"has-post-thumbnail","6":"product_cat-fihp","7":"product_cat-30000-puffs-disposable-vape","8":"product_cat-big-puffs-vapes","9":"product_cat-different-puffs-of-disposable-vapes","10":"product_cat-digital-box-vapes","11":"product_cat-disposable-vape-types","12":"product_cat-disposable-vapes-in-austria","13":"product_cat-disposable-vapes-in-belgium","14":"product_cat-disposable-vapes-in-europe","15":"product_cat-disposable-vapes-in-france","16":"product_cat-disposable-vapes-in-germany","17":"product_cat-disposable-vapes-in-hungary","18":"product_cat-disposable-vapes-in-ltaly","19":"product_cat-disposable-vapes-in-netherlands","20":"product_cat-disposable-vapes-in-norway","21":"product_cat-disposable-vapes-in-poland","22":"product_cat-disposable-vapes-in-portugal","23":"product_cat-disposable-vapes-in-spain","24":"product_cat-disposable-vapes-in-sweden","25":"product_cat-disposable-vapes-in-switzerland","26":"product_cat-dual-mesh-vapes","27":"product_cat-rechargeable-vapes","28":"product_cat-smart-screen-vapes","29":"product_cat-waspe","31":"first","32":"instock","33":"shipping-taxable","34":"purchasable","35":"product-type-variable","36":"has-default-attributes"},"jetpack_sharing_enabled":true,"tiered_pricing_type":"fixed","tiered_pricing_fixed_rules":{"2000":5.5},"tiered_pricing_product_settings":{"layout":"default","base_unit_name":{"singular":null,"plural":null},"default_variation":null},"tiered_pricing_minimum_quantity":1000,"tiered_pricing_roles_data":[],"tiered_pricing_percentage_rules":[],"tiered_pricing_maximum_quantity":null,"tiered_pricing_quantity_step":"10","_links":{"self":[{"href":"https:\/\/volovape.com\/de\/wp-json\/wp\/v2\/product\/1269","targetHints":{"allow":["GET"]}}],"collection":[{"href":"https:\/\/volovape.com\/de\/wp-json\/wp\/v2\/product"}],"about":[{"href":"https:\/\/volovape.com\/de\/wp-json\/wp\/v2\/types\/product"}],"replies":[{"embeddable":true,"href":"https:\/\/volovape.com\/de\/wp-json\/wp\/v2\/comments?post=1269"}],"wp:featuredmedia":[{"embeddable":true,"href":"https:\/\/volovape.com\/de\/wp-json\/wp\/v2\/media\/1491"}],"wp:attachment":[{"href":"https:\/\/volovape.com\/de\/wp-json\/wp\/v2\/media?parent=1269"}],"wp:term":[{"taxonomy":"product_brand","embeddable":true,"href":"https:\/\/volovape.com\/de\/wp-json\/wp\/v2\/product_brand?post=1269"},{"taxonomy":"product_cat","embeddable":true,"href":"https:\/\/volovape.com\/de\/wp-json\/wp\/v2\/product_cat?post=1269"},{"taxonomy":"product_tag","embeddable":true,"href":"https:\/\/volovape.com\/de\/wp-json\/wp\/v2\/product_tag?post=1269"}],"curies":[{"name":"wp","href":"https:\/\/api.w.org\/{rel}","templated":true}]}}