{"id":1242,"date":"2024-11-21T03:39:04","date_gmt":"2024-11-21T03:39:04","guid":{"rendered":"https:\/\/volovape.com\/?post_type=product&#038;p=1242"},"modified":"2025-11-11T03:20:43","modified_gmt":"2025-11-11T03:20:43","slug":"vapme-shisha-pro-max-20000-zuge","status":"publish","type":"product","link":"https:\/\/volovape.com\/de\/product\/vapme-shisha-pro-max-20000-puffs\/","title":{"rendered":"VAPME Shisha Pro Max 20000 Puffs Einweg-Vape - 28ml Shisha-inspiriertes Geschmackskraftpaket"},"content":{"rendered":"<p><strong>VAPME SHISHA PRO MAX 20000 Z\u00fcge Einweg Vape<\/strong> - Erleben Sie Shisha-inspirierte Aromen mit un\u00fcbertroffener Langlebigkeit.<\/p>\n<p>Tauchen Sie ein in die reiche, vielf\u00e4ltige Welt der Shisha-Aromen mit dem <strong>VAPME SHISHA PRO MAX 20000<\/strong>. Dieser Einwegdampfer mit hoher Kapazit\u00e4t liefert beeindruckende 20.000 Z\u00fcge, angetrieben von einem massiven 28ml E-Liquid-Reservoir und einem 650mAh-Akku mit Typ-C-Aufladung. Genie\u00dfen Sie ein lang anhaltendes, befriedigendes Dampferlebnis mit 24 einzigartigen Geschmacksoptionen, die den authentischen Geschmack der traditionellen Shisha nachahmen. Perfekt f\u00fcr den pers\u00f6nlichen Gebrauch oder Einweg-Vape-Gro\u00dfhandel, bietet dieses Ger\u00e4t sowohl Komfort und au\u00dfergew\u00f6hnliche Leistung.<\/p>\n<h3><strong>VAPME SHISHA PRO MAX 20000 Merkmale\uff1a<\/strong><\/h3>\n<ul>\n<li>Puffs: Bis zu 20.000 Z\u00fcge<\/li>\n<li>E-Fl\u00fcssigkeit Kapazit\u00e4t: 28ml<\/li>\n<li>Akku: 650mAh (wiederaufladbar)<\/li>\n<li>Aufladen: Typ-C<\/li>\n<li>24 einzigartige, von der Shisha inspirierte Geschmacksrichtungen<\/li>\n<li>Einwegger\u00e4t<\/li>\n<\/ul>\n<h4>H\u00e4ufig gestellte Fragen<\/h4>\n<h5>Welche Versandmethoden werden verwendet?<\/h5>\n<p>Wir arbeiten mit UPS\/DHL\/FEDEX\/DPD, etc. zusammen. Je nach Lieferland w\u00e4hlen wir die passende Versandoption, damit Sie Ihre Produkte so schnell wie m\u00f6glich erhalten.<\/p>\n<h5>Wie lange dauert es, bis es ankommt?<\/h5>\n<p>Dies dauert in der Regel 7-15 Arbeitstage und kann an Feiertagen oder bei schlechten Witterungsbedingungen bis zu 20 Arbeitstage in Anspruch nehmen.<\/p>\n<h5>Kann es durch den Zoll gehen und wird es mir irgendwelche Probleme bereiten?<\/h5>\n<p>Wir garantieren Ihnen, dass Sie keine Probleme haben werden, da wir uns um die Zollabfertigung k\u00fcmmern und keine Steuern oder Geb\u00fchren anfallen werden. Wir garantieren, dass 100% unserer Produkte den Zoll passieren werden.<\/p>\n<h5>Wie viele verschiedene Geschmacksrichtungen gibt es?<\/h5>\n<p>Die VAPME SHISHA PRO MAX bietet eine umfangreiche Auswahl von 24 einzigartigen Geschmacksrichtungen, von denen jede sorgf\u00e4ltig entwickelt wurde, um den reichen und vielf\u00e4ltigen Geschmack der traditionellen Shisha zu reproduzieren.<\/p>\n<h5>Kann ich ihr vertrauen?<\/h5>\n<p>Wir unterst\u00fctzen PayPal-Zahlung und K\u00e4uferschutz-Service.<br \/>\nSie k\u00f6nnen sich auch unsere Bewertungen auf <a href=\"https:\/\/www.trustpilot.com\/review\/volovape.com?utm_medium=trustbox&amp;utm_source=TrustBoxReviewCollector\">VertrauensPilot<\/a>.<\/p>","protected":false},"excerpt":{"rendered":"<p>Kaufen Sie VAPME SHISHA PRO MAX 20000 Puffs Einwegdampfer in gro\u00dfen Mengen. Genie\u00dfen Sie reichhaltige, von der Shisha inspirierte Aromen, 28ml E-Liquid, schnelle Aufladung. Perfekt f\u00fcr Gro\u00dfhandel Vape Lieferanten und Wiederverk\u00e4ufer.<\/p>","protected":false},"featured_media":1483,"comment_status":"open","ping_status":"closed","template":"","meta":[],"product_brand":[],"product_cat":[49,42,21,18,20,23,24,22,25,26,27,28,29,30,31,32,33,34,35,36,47,40],"product_tag":[],"class_list":{"0":"post-1242","1":"product","2":"type-product","3":"status-publish","4":"has-post-thumbnail","6":"product_cat-vapme","7":"product_cat-20000-puffs-disposable-vape","8":"product_cat-big-puffs-vapes","9":"product_cat-different-puffs-of-disposable-vapes","10":"product_cat-disposable-vape-types","11":"product_cat-disposable-vapes-in-austria","12":"product_cat-disposable-vapes-in-belgium","13":"product_cat-disposable-vapes-in-europe","14":"product_cat-disposable-vapes-in-france","15":"product_cat-disposable-vapes-in-germany","16":"product_cat-disposable-vapes-in-hungary","17":"product_cat-disposable-vapes-in-ltaly","18":"product_cat-disposable-vapes-in-netherlands","19":"product_cat-disposable-vapes-in-norway","20":"product_cat-disposable-vapes-in-poland","21":"product_cat-disposable-vapes-in-portugal","22":"product_cat-disposable-vapes-in-spain","23":"product_cat-disposable-vapes-in-sweden","24":"product_cat-disposable-vapes-in-switzerland","25":"product_cat-rechargeable-vapes","26":"product_cat-shisha-hookah-vapes","27":"product_cat-smart-screen-vapes","29":"first","30":"instock","31":"shipping-taxable","32":"purchasable","33":"product-type-variable","34":"has-default-attributes"},"jetpack_sharing_enabled":true,"tiered_pricing_type":"fixed","tiered_pricing_fixed_rules":{"2000":5.5999999999999996447286321199499070644378662109375},"tiered_pricing_product_settings":{"layout":"default","base_unit_name":{"singular":null,"plural":null},"default_variation":null},"tiered_pricing_minimum_quantity":1000,"tiered_pricing_roles_data":[],"tiered_pricing_percentage_rules":[],"tiered_pricing_maximum_quantity":null,"tiered_pricing_quantity_step":"10","_links":{"self":[{"href":"https:\/\/volovape.com\/de\/wp-json\/wp\/v2\/product\/1242","targetHints":{"allow":["GET"]}}],"collection":[{"href":"https:\/\/volovape.com\/de\/wp-json\/wp\/v2\/product"}],"about":[{"href":"https:\/\/volovape.com\/de\/wp-json\/wp\/v2\/types\/product"}],"replies":[{"embeddable":true,"href":"https:\/\/volovape.com\/de\/wp-json\/wp\/v2\/comments?post=1242"}],"wp:featuredmedia":[{"embeddable":true,"href":"https:\/\/volovape.com\/de\/wp-json\/wp\/v2\/media\/1483"}],"wp:attachment":[{"href":"https:\/\/volovape.com\/de\/wp-json\/wp\/v2\/media?parent=1242"}],"wp:term":[{"taxonomy":"product_brand","embeddable":true,"href":"https:\/\/volovape.com\/de\/wp-json\/wp\/v2\/product_brand?post=1242"},{"taxonomy":"product_cat","embeddable":true,"href":"https:\/\/volovape.com\/de\/wp-json\/wp\/v2\/product_cat?post=1242"},{"taxonomy":"product_tag","embeddable":true,"href":"https:\/\/volovape.com\/de\/wp-json\/wp\/v2\/product_tag?post=1242"}],"curies":[{"name":"wp","href":"https:\/\/api.w.org\/{rel}","templated":true}]}}