{"id":1240,"date":"2024-11-21T03:39:04","date_gmt":"2024-11-21T03:39:04","guid":{"rendered":"https:\/\/volovape.com\/?post_type=product&#038;p=1240"},"modified":"2025-08-07T08:19:48","modified_gmt":"2025-08-07T08:19:48","slug":"verlorene-mary-mo10000","status":"publish","type":"product","link":"https:\/\/volovape.com\/de\/product\/lost-mary-mo10000\/","title":{"rendered":"Lost Mary MO10000 Disposable Vape - 10.000 Puffs, Mesh Coil, Dry Hit Pr\u00e4vention"},"content":{"rendered":"<p><strong>Lost Mary MO10000 Einweg-Vape<\/strong> - Erleben Sie 10.000 Z\u00fcge reinen Geschmacks mit fortschrittlicher Dry Hit Prevention.<\/p>\n<p>Tauchen Sie ein in eine ausgedehnte Dampfreise mit dem Lost Mary MO10000, der bis zu 10.000 Z\u00fcge aus einer gro\u00dfz\u00fcgigen 18ml E-Liquid-Kapazit\u00e4t liefert. Dieser Einwegdampfer mit hoher Kapazit\u00e4t wird von einem 600mAh-Akku angetrieben, der sicherstellt, dass Sie den ganzen Tag \u00fcber mit Strom versorgt sind. Genie\u00dfen Sie dank der raffinierten Mesh-Coil-Technologie ein reichhaltiges, gleichm\u00e4\u00dfiges Aroma und machen Sie sich dank der innovativen Dry Hit Prevention-Funktion keine Sorgen \u00fcber verbrannte Z\u00fcge. Erh\u00e4ltlich in einer breiten Palette von 15 einzigartigen Geschmacksrichtungen, von Blue Dragon Fruit Peach bis Strawberry Grapefruit, bietet dieses Ger\u00e4t etwas f\u00fcr jeden Geschmack. Der Lost Mary MO10000 eignet sich perfekt f\u00fcr den pers\u00f6nlichen Gebrauch oder f\u00fcr Gro\u00dfbestellungen und verbindet Komfort mit \u00fcberlegener Leistung. Sein elegantes, schimmerndes Ripple-Design verleiht Ihrem Dampferlebnis einen Hauch von Eleganz. Ideal f\u00fcr alle, die einen hochwertigen Einwegdampfer mit lang anhaltender Leistung suchen.<\/p>\n<h3><strong>Lost Mary MO10000 Merkmale:<\/strong><\/h3>\n<ul>\n<li>Puffs: Bis zu 10.000<\/li>\n<li>E-Fl\u00fcssigkeit Kapazit\u00e4t: 18ml<\/li>\n<li>Akku: 600mAh (wiederaufladbar)<\/li>\n<li>Aufladen: Typ-C<\/li>\n<li>Spule: Veredelte Mesh-Spule<\/li>\n<li>Nikotinst\u00e4rke: 5% (20mg\/ml)<\/li>\n<li>Entwurf: Schimmernde Ripple<\/li>\n<li>Intelligente Dry Hit-Pr\u00e4vention<\/li>\n<\/ul>\n<h4>H\u00e4ufig gestellte Fragen<\/h4>\n<h5>Wie funktioniert der Trockengehschutz?<\/h5>\n<p>Der Lost Mary MO10000 ist mit einer intelligenten Technologie ausgestattet, die die Spule und den F\u00fcllstand des E-Liquids \u00fcberwacht. Dieses System passt die Leistungsabgabe automatisch an, um eine \u00dcberhitzung der Wicklung zu verhindern, um einen gleichm\u00e4\u00dfigen Geschmack zu gew\u00e4hrleisten und einen verbrannten Geschmack zu vermeiden, was jedes Mal einen sanften und angenehmen Zug erm\u00f6glicht.<\/p>\n<h5>Welche Versandmethoden werden verwendet?<\/h5>\n<p>Wir arbeiten mit UPS\/DHL\/FEDEX\/DPD, etc. zusammen. Je nach Lieferland w\u00e4hlen wir die passende Versandoption, damit Sie Ihre Produkte so schnell wie m\u00f6glich erhalten.<\/p>\n<h5>Wie lange dauert es, bis es ankommt?<\/h5>\n<p>Dies dauert in der Regel 7-15 Arbeitstage und kann an Feiertagen oder bei schlechten Witterungsbedingungen bis zu 20 Arbeitstage in Anspruch nehmen.<\/p>\n<h5>Kann es durch den Zoll gehen und wird es mir irgendwelche Probleme bereiten?<\/h5>\n<p>Wir garantieren Ihnen, dass Sie keine Probleme haben werden, da wir uns um die Zollabfertigung k\u00fcmmern und keine Steuern oder Geb\u00fchren anfallen werden. Wir garantieren, dass 100% unserer Produkte den Zoll passieren werden.<\/p>\n<h5>Kann ich ihr vertrauen?<\/h5>\n<p>Wir unterst\u00fctzen PayPal-Zahlung und K\u00e4uferschutz-Service. Sie k\u00f6nnen auch unsere Bewertungen \u00fcberpr\u00fcfen auf <a href=\"https:\/\/www.trustpilot.com\/review\/volovape.com?utm_medium=trustbox&amp;utm_source=TrustBoxReviewCollector\">VertrauensPilot<\/a>.<\/p>","protected":false},"excerpt":{"rendered":"<p>Erh\u00f6hen Sie das Dampfen mit dem Lost Mary MO10000 Disposable Vape. Bietet 18ml e-Fl\u00fcssigkeit, 600mAh Akku, Mesh-Spule, trocken Hit Pr\u00e4vention, 5% Nikotin. Bulk-Gro\u00dfhandel, mehrere Geschmacksrichtungen, Typ-C-Laden.<\/p>","protected":false},"featured_media":1437,"comment_status":"open","ping_status":"closed","template":"","meta":[],"product_brand":[],"product_cat":[73,57,21,18,20,23,24,22,25,26,27,28,29,30,31,32,33,34,35,36],"product_tag":[],"class_list":{"0":"post-1240","1":"product","2":"type-product","3":"status-publish","4":"has-post-thumbnail","6":"product_cat-lost-mary","7":"product_cat-10000-puffs-disposable-vape","8":"product_cat-big-puffs-vapes","9":"product_cat-different-puffs-of-disposable-vapes","10":"product_cat-disposable-vape-types","11":"product_cat-disposable-vapes-in-austria","12":"product_cat-disposable-vapes-in-belgium","13":"product_cat-disposable-vapes-in-europe","14":"product_cat-disposable-vapes-in-france","15":"product_cat-disposable-vapes-in-germany","16":"product_cat-disposable-vapes-in-hungary","17":"product_cat-disposable-vapes-in-ltaly","18":"product_cat-disposable-vapes-in-netherlands","19":"product_cat-disposable-vapes-in-norway","20":"product_cat-disposable-vapes-in-poland","21":"product_cat-disposable-vapes-in-portugal","22":"product_cat-disposable-vapes-in-spain","23":"product_cat-disposable-vapes-in-sweden","24":"product_cat-disposable-vapes-in-switzerland","25":"product_cat-rechargeable-vapes","27":"first","28":"instock","29":"shipping-taxable","30":"purchasable","31":"product-type-variable","32":"has-default-attributes"},"jetpack_sharing_enabled":true,"tiered_pricing_type":"fixed","tiered_pricing_fixed_rules":{"2000":6.5},"tiered_pricing_product_settings":{"layout":"default","base_unit_name":{"singular":null,"plural":null},"default_variation":null},"tiered_pricing_minimum_quantity":1000,"tiered_pricing_roles_data":[],"tiered_pricing_percentage_rules":[],"tiered_pricing_maximum_quantity":null,"tiered_pricing_quantity_step":"100","_links":{"self":[{"href":"https:\/\/volovape.com\/de\/wp-json\/wp\/v2\/product\/1240","targetHints":{"allow":["GET"]}}],"collection":[{"href":"https:\/\/volovape.com\/de\/wp-json\/wp\/v2\/product"}],"about":[{"href":"https:\/\/volovape.com\/de\/wp-json\/wp\/v2\/types\/product"}],"replies":[{"embeddable":true,"href":"https:\/\/volovape.com\/de\/wp-json\/wp\/v2\/comments?post=1240"}],"wp:featuredmedia":[{"embeddable":true,"href":"https:\/\/volovape.com\/de\/wp-json\/wp\/v2\/media\/1437"}],"wp:attachment":[{"href":"https:\/\/volovape.com\/de\/wp-json\/wp\/v2\/media?parent=1240"}],"wp:term":[{"taxonomy":"product_brand","embeddable":true,"href":"https:\/\/volovape.com\/de\/wp-json\/wp\/v2\/product_brand?post=1240"},{"taxonomy":"product_cat","embeddable":true,"href":"https:\/\/volovape.com\/de\/wp-json\/wp\/v2\/product_cat?post=1240"},{"taxonomy":"product_tag","embeddable":true,"href":"https:\/\/volovape.com\/de\/wp-json\/wp\/v2\/product_tag?post=1240"}],"curies":[{"name":"wp","href":"https:\/\/api.w.org\/{rel}","templated":true}]}}