{"id":1190,"date":"2024-11-21T03:38:19","date_gmt":"2024-11-21T03:38:19","guid":{"rendered":"https:\/\/volovape.com\/?post_type=product&#038;p=1190"},"modified":"2025-07-17T04:34:15","modified_gmt":"2025-07-17T04:34:15","slug":"vapsolo-feedbar-shisha-15000-zuge","status":"publish","type":"product","link":"https:\/\/volovape.com\/de\/product\/vapsolo-feed-bar-shisha-15000-puffs\/","title":{"rendered":"Vapsolo FEED BAR Shisha 15000 Puffs Einweg Vape - 0.6\u03a9 Mesh Coil, hohe Luftstrom"},"content":{"rendered":"<p><iframe title=\"VideoPress-Videoplayer\" aria-label='VideoPress-Videoplayer' width='421' height='750' src='https:\/\/videopress.com\/embed\/JWLYAsYP?hd=0&amp;cover=1' frameborder='0' allowfullscreen allow='clipboard-write'><\/iframe><script src='https:\/\/v0.wordpress.com\/js\/next\/videopress-iframe.js?m=1739540970'><\/script><\/p>\n<h2>Vapsolo FEED BAR Shisha 15000 Puffs Disposable Vape - Erleben Sie Shisha-inspirierte Vaping mit High Airflow.<\/h2>\n<p>Der <strong>Vapsolo FEED BAR Shisha 15000 Z\u00fcge<\/strong> bringt das reichhaltige, geschmacksintensive Erlebnis der Shisha in ein praktisches und tragbares Format. Mit einer beeindruckenden <strong>15.000 Pusteblumen<\/strong> Kapazit\u00e4t, eine massive <strong>25ml e-Fl\u00fcssigkeitsbeh\u00e4lter<\/strong>und eine robuste <strong>650mAh wiederaufladbare Batterie<\/strong>bietet dieses Ger\u00e4t eine lange Nutzungsdauer und einen hohen Wert. Die <strong>Spule mit 0,6\u03a9 Maschenweite<\/strong> ist f\u00fcr eine verbesserte Dampferzeugung optimiert, und die <strong>Design mit hohem Luftdurchsatz<\/strong> sorgt f\u00fcr einen weichen, luftigen Zug, der an die traditionelle Shisha erinnert. Ideal f\u00fcr den pers\u00f6nlichen Genuss und <strong>Einweg-Vape-Gro\u00dfhandel<\/strong>liefert dieses Ger\u00e4t ein erstklassiges Dampferlebnis. <strong>Sammelbestellung<\/strong> Optionen f\u00fcr Einzelh\u00e4ndler zur Verf\u00fcgung stehen.<\/p>\n<h3><strong>Vapsolo FEED BAR Shisha 15000 Z\u00fcge Eigenschaften:<\/strong><\/h3>\n<ul>\n<li>Puffs: Bis zu 15.000<\/li>\n<li>E-Fl\u00fcssigkeit Kapazit\u00e4t: 25ml<\/li>\n<li>Akku: 650mAh (wiederaufladbar)<\/li>\n<li>Aufladen: Typ-C<\/li>\n<li>Spule: 0.6\u03a9 Masche Spule<\/li>\n<li>Luftstrom: Design mit hohem Luftstrom<\/li>\n<li>Verf\u00fcgbare Geschmacksrichtungen: Two Apple, Blue Razz Lemonade, Peach Ice, Mango Ice, Lush Ice, Lemon Mint, Grape Mint, Strawberry Punch, Blueberry Gum.<\/li>\n<\/ul>\n<h4>H\u00e4ufig gestellte Fragen<\/h4>\n<h5>Wie verbessert die 0,6-\u03a9-Mesh-Spule das von der Shisha inspirierte Erlebnis?<\/h5>\n<p>Die 0.6\u03a9 Mesh Coil ist speziell entwickelt, um die Dampfproduktion und die Geschmacksintensit\u00e4t zu maximieren und eine dichte, geschmackvolle Wolke zu erzeugen, die das Erlebnis einer traditionellen Shisha sehr gut nachahmt. Diese Spule sorgt f\u00fcr eine gleichm\u00e4\u00dfige Erw\u00e4rmung und optimale Geschmacksabgabe.<\/p>\n<h5>Was sind die Vorteile des High-Airflow-Designs?<\/h5>\n<p>Das High-Airflow-Design erm\u00f6glicht einen sanften und luftigen Zug, der den offenen und entspannten Inhalationsstil der Shisha nachahmt. Diese Eigenschaft verbessert das gesamte Dampferlebnis und macht es komfortabler und angenehmer f\u00fcr diejenigen, die ein weniger eingeschr\u00e4nktes Dampfen bevorzugen.<\/p>\n<h5>Wie lange h\u00e4lt der Akku, und wie schnell wird er wieder aufgeladen?<\/h5>\n<p>Der 650mAh-Akku bietet lang anhaltende Leistung f\u00fcr bis zu 15.000 Z\u00fcge. Mit der Typ-C-Ladefunktion k\u00f6nnen Sie das Ger\u00e4t schnell und effizient aufladen, was die Ausfallzeiten minimiert und Ihren Verdampfungsgenuss maximiert.<\/p>\n<h5>Welche Versandmethoden werden verwendet?<\/h5>\n<p>Wir arbeiten mit renommierten Transportunternehmen wie UPS, DHL, FedEx und DPD zusammen, um eine zuverl\u00e4ssige und effiziente Lieferung zu gew\u00e4hrleisten. Je nach Standort w\u00e4hlen wir die beste Versandoption aus, um Ihre Bestellung so schnell wie m\u00f6glich zu Ihnen zu bringen.<\/p>\n<h5>Kann ich meinem Kauf vertrauen?<\/h5>\n<p>Wir legen gro\u00dfen Wert auf Kundenzufriedenheit und bieten sichere Zahlungsoptionen, einschlie\u00dflich PayPal mit K\u00e4uferschutz. Sie k\u00f6nnen auch die Bewertungen unserer zufriedenen Kunden auf TrustPilot lesen: <a href=\"https:\/\/www.trustpilot.com\/review\/volovape.com?utm_medium=trustbox&amp;utm_source=TrustBoxReviewCollector\">VertrauensPilot<\/a>.<\/p>","protected":false},"excerpt":{"rendered":"<p>Kaufen Sie Vapsolo FEED BAR Shisha 15000 Puffs Disposable Vape in gro\u00dfen Mengen. Genie\u00dfen Sie 25ml e-Fl\u00fcssigkeit, Mesh-Spule, glatte Luftstr\u00f6mung und reiche Wolken. Ideal f\u00fcr Gro\u00dfhandel Vape H\u00e4ndler und Wiederverk\u00e4ufer.<\/p>","protected":false},"featured_media":1426,"comment_status":"open","ping_status":"closed","template":"","meta":[],"product_brand":[],"product_cat":[72,41,21,18,20,23,24,22,25,26,27,28,29,30,31,32,33,34,35,36,47],"product_tag":[],"class_list":{"0":"post-1190","1":"product","2":"type-product","3":"status-publish","4":"has-post-thumbnail","6":"product_cat-vapsolo","7":"product_cat-15000-puffs-disposable-vape","8":"product_cat-big-puffs-vapes","9":"product_cat-different-puffs-of-disposable-vapes","10":"product_cat-disposable-vape-types","11":"product_cat-disposable-vapes-in-austria","12":"product_cat-disposable-vapes-in-belgium","13":"product_cat-disposable-vapes-in-europe","14":"product_cat-disposable-vapes-in-france","15":"product_cat-disposable-vapes-in-germany","16":"product_cat-disposable-vapes-in-hungary","17":"product_cat-disposable-vapes-in-ltaly","18":"product_cat-disposable-vapes-in-netherlands","19":"product_cat-disposable-vapes-in-norway","20":"product_cat-disposable-vapes-in-poland","21":"product_cat-disposable-vapes-in-portugal","22":"product_cat-disposable-vapes-in-spain","23":"product_cat-disposable-vapes-in-sweden","24":"product_cat-disposable-vapes-in-switzerland","25":"product_cat-rechargeable-vapes","26":"product_cat-shisha-hookah-vapes","28":"first","29":"instock","30":"shipping-taxable","31":"purchasable","32":"product-type-variable","33":"has-default-attributes"},"jetpack_sharing_enabled":true,"tiered_pricing_type":"fixed","tiered_pricing_fixed_rules":{"2000":6.5999999999999996447286321199499070644378662109375},"tiered_pricing_product_settings":{"layout":"default","base_unit_name":{"singular":null,"plural":null},"default_variation":null},"tiered_pricing_minimum_quantity":1000,"tiered_pricing_roles_data":[],"tiered_pricing_percentage_rules":[],"tiered_pricing_maximum_quantity":null,"tiered_pricing_quantity_step":"10","_links":{"self":[{"href":"https:\/\/volovape.com\/de\/wp-json\/wp\/v2\/product\/1190","targetHints":{"allow":["GET"]}}],"collection":[{"href":"https:\/\/volovape.com\/de\/wp-json\/wp\/v2\/product"}],"about":[{"href":"https:\/\/volovape.com\/de\/wp-json\/wp\/v2\/types\/product"}],"replies":[{"embeddable":true,"href":"https:\/\/volovape.com\/de\/wp-json\/wp\/v2\/comments?post=1190"}],"wp:featuredmedia":[{"embeddable":true,"href":"https:\/\/volovape.com\/de\/wp-json\/wp\/v2\/media\/1426"}],"wp:attachment":[{"href":"https:\/\/volovape.com\/de\/wp-json\/wp\/v2\/media?parent=1190"}],"wp:term":[{"taxonomy":"product_brand","embeddable":true,"href":"https:\/\/volovape.com\/de\/wp-json\/wp\/v2\/product_brand?post=1190"},{"taxonomy":"product_cat","embeddable":true,"href":"https:\/\/volovape.com\/de\/wp-json\/wp\/v2\/product_cat?post=1190"},{"taxonomy":"product_tag","embeddable":true,"href":"https:\/\/volovape.com\/de\/wp-json\/wp\/v2\/product_tag?post=1190"}],"curies":[{"name":"wp","href":"https:\/\/api.w.org\/{rel}","templated":true}]}}