{"id":1168,"date":"2024-11-21T03:37:57","date_gmt":"2024-11-21T03:37:57","guid":{"rendered":"https:\/\/volovape.com\/?post_type=product&#038;p=1168"},"modified":"2025-07-13T13:49:52","modified_gmt":"2025-07-13T13:49:52","slug":"vapsolo-tornado-pro-12000-zuge","status":"publish","type":"product","link":"https:\/\/volovape.com\/de\/product\/vapsolo-tornado-pro-12000-puffs\/","title":{"rendered":"Vapsolo Tornado Pro 12000 Puffs Einweg Vape - RGB, einstellbare Luftstrom, Mesh Coil"},"content":{"rendered":"<p><iframe title=\"VideoPress-Videoplayer\" aria-label='VideoPress-Videoplayer' width='421' height='750' src='https:\/\/videopress.com\/embed\/IQNVFUQ9?hd=0&amp;cover=1' frameborder='0' allowfullscreen allow='clipboard-write'><\/iframe><script src='https:\/\/v0.wordpress.com\/js\/next\/videopress-iframe.js?m=1739540970'><\/script><\/p>\n<p><strong>Vapsolo Tornado Pro 12000 Puffs Einweg Vape<\/strong> - Individuelles Dampfen mit RGB-Beleuchtung und einstellbarem Luftstrom.<\/p>\n<p>Der <strong>Vapsolo Tornado Pro 12000 Z\u00fcge<\/strong> Einweg-Dampfger\u00e4t bietet ein individuelles Dampferlebnis mit seinem <strong>4-stufig einstellbarer Luftstrom<\/strong> und lebendig <strong>RGB-Beleuchtung<\/strong>. Mit bis zu <strong>12.000 Z\u00fcge<\/strong>, a <strong>20ml e-Fl\u00fcssigkeitsbeh\u00e4lter<\/strong>und ein <strong>650mAh wiederaufladbare Batterie<\/strong>bietet dieses Ger\u00e4t eine au\u00dfergew\u00f6hnliche Langlebigkeit. Die <strong>Spule mit 0,9\u03a9 Maschenweite<\/strong> sorgt f\u00fcr sanften und geschmackvollen Dampf, w\u00e4hrend das umfassende Display Sie \u00fcber den Batterie- und E-Liquid-Stand informiert. Hinweis: Obwohl der Tornado Pro in erster Linie f\u00fcr den Einmalgebrauch gedacht ist, kann er aufgrund seiner gro\u00dfen Kapazit\u00e4t nach dem ersten Gebrauch 1-2 Mal nachgef\u00fcllt werden, obwohl die optimale Leistung mit dem vorgef\u00fcllten E-Liquid erzielt wird. Der Vapsolo Tornado Pro ist ideal f\u00fcr Dampfer, die Individualit\u00e4t und Stil suchen, und eignet sich perfekt f\u00fcr den pers\u00f6nlichen Gebrauch. <strong>Einweg-Vape-Gro\u00dfhandel<\/strong>. <strong>Sammelbestellung<\/strong> Optionen f\u00fcr Einzelh\u00e4ndler zur Verf\u00fcgung stehen.<\/p>\n<h3><strong>Vapsolo Tornado Pro 12000 Puffs Eigenschaften:<\/strong><\/h3>\n<ul>\n<li>Puffs: Bis zu 12.000<\/li>\n<li>E-Fl\u00fcssigkeit Kapazit\u00e4t: 20ml<\/li>\n<li>Akku: 650mAh (wiederaufladbar)<\/li>\n<li>Aufladen: Typ-C<\/li>\n<li>Spule: 0.9\u03a9 Masche Spule<\/li>\n<li>Luftstrom: 4-stufig einstellbar<\/li>\n<li>Beleuchtung: RGB<\/li>\n<li>Anzeige: Umfassend (Batterie- &amp; E-Liquid-St\u00e4nde)<\/li>\n<li>Verf\u00fcgbare Geschmacksrichtungen: Wassermelone Ice, Erdbeer-Kiwi, Blue Razz, Fizzy Cherry, Blueberry Ice, Erdbeer-Himbeer-Kirsch-Eis, Pfirsich-Mango-Ananas, Grape Ice, Himbeer-Wassermelone, Erdbeer-Banane.<\/li>\n<\/ul>\n<h4>H\u00e4ufig gestellte Fragen<\/h4>\n<h5>Wie verbessert der in 4 Stufen einstellbare Luftstrom das Dampferlebnis?<\/h5>\n<p>Der 4-stufig einstellbare Luftstrom erm\u00f6glicht es dem Nutzer, seinen Zug fein abzustimmen, indem er zwischen einem engen MTL-Stil (Mund-zu-Lunge) f\u00fcr einen konzentrierteren Geschmack und einem lockereren DTL-Stil (Direkt-zu-Lunge) f\u00fcr gr\u00f6\u00dfere Dampfwolken wechselt. Diese Vielseitigkeit kommt den individuellen Vorlieben entgegen und sorgt f\u00fcr ein individuelles und befriedigendes Dampferlebnis.<\/p>\n<h5>Was sind die Vorteile der RGB-Beleuchtung und der umfassenden Anzeige?<\/h5>\n<p>Die lebendige RGB-Beleuchtung f\u00fcgt ein stilvolles und anpassbares visuelles Element hinzu und verbessert das gesamte Dampferlebnis. Das umfassende Display bietet Echtzeit-Informationen \u00fcber den Batterie- und Fl\u00fcssigkeitsstand, so dass Sie immer \u00fcber den Status Ihres Ger\u00e4ts informiert sind.<\/p>\n<h5>Welche Bedeutung hat die 0,9-\u03a9-Maschenspule?<\/h5>\n<p>Die 0.9\u03a9 Mesh Coil wurde entwickelt, um eine konsistente und gleichm\u00e4\u00dfige Erw\u00e4rmung zu gew\u00e4hrleisten, was zu einer glatten, reichhaltigen und geschmackvollen Dampfproduktion f\u00fchrt. Diese Spule sorgt daf\u00fcr, dass jeder Zug befriedigend ist und maximiert den Geschmack Lieferung von der e-Fl\u00fcssigkeit.<\/p>\n<h5>Welche Versandmethoden werden verwendet?<\/h5>\n<p>Wir arbeiten mit zuverl\u00e4ssigen Transportunternehmen wie UPS, DHL, FedEx und DPD zusammen, um eine effiziente und sichere Lieferung zu gew\u00e4hrleisten. Wir w\u00e4hlen die f\u00fcr Ihren Standort am besten geeignete Versandmethode aus, um Ihre Bestellung so schnell wie m\u00f6glich zu Ihnen zu bringen.<\/p>\n<h5>Kann ich meinem Kauf vertrauen?<\/h5>\n<p>Wir legen gro\u00dfen Wert auf Kundenzufriedenheit und bieten sichere Zahlungsoptionen, einschlie\u00dflich PayPal mit K\u00e4uferschutz. Sie k\u00f6nnen auch Kundenrezensionen auf TrustPilot einsehen: <a href=\"https:\/\/www.trustpilot.com\/review\/volovape.com?utm_medium=trustbox&amp;utm_source=TrustBoxReviewCollector\">VertrauensPilot<\/a>.<\/p>","protected":false},"excerpt":{"rendered":"<p>Steigern Sie Ihre Vape-Verk\u00e4ufe mit Vapsolo Tornado Pro 12000 Puffs Gro\u00dfhandel! Einstellbare Luftstrom, RGB-Leuchten, 0.9\u03a9 Mesh-Spule, 20ml, wiederaufladbar. Stock lebendige, anpassbare vapes.<\/p>","protected":false},"featured_media":1407,"comment_status":"open","ping_status":"closed","template":"","meta":[],"product_brand":[],"product_cat":[72,38,21,18,39,20,23,24,22,25,26,27,28,29,30,31,32,33,34,35,36,40],"product_tag":[],"class_list":{"0":"post-1168","1":"product","2":"type-product","3":"status-publish","4":"has-post-thumbnail","6":"product_cat-vapsolo","7":"product_cat-12000-puffs-disposable-vape","8":"product_cat-big-puffs-vapes","9":"product_cat-different-puffs-of-disposable-vapes","10":"product_cat-digital-box-vapes","11":"product_cat-disposable-vape-types","12":"product_cat-disposable-vapes-in-austria","13":"product_cat-disposable-vapes-in-belgium","14":"product_cat-disposable-vapes-in-europe","15":"product_cat-disposable-vapes-in-france","16":"product_cat-disposable-vapes-in-germany","17":"product_cat-disposable-vapes-in-hungary","18":"product_cat-disposable-vapes-in-ltaly","19":"product_cat-disposable-vapes-in-netherlands","20":"product_cat-disposable-vapes-in-norway","21":"product_cat-disposable-vapes-in-poland","22":"product_cat-disposable-vapes-in-portugal","23":"product_cat-disposable-vapes-in-spain","24":"product_cat-disposable-vapes-in-sweden","25":"product_cat-disposable-vapes-in-switzerland","26":"product_cat-rechargeable-vapes","27":"product_cat-smart-screen-vapes","29":"first","30":"instock","31":"shipping-taxable","32":"purchasable","33":"product-type-variable","34":"has-default-attributes"},"jetpack_sharing_enabled":true,"tiered_pricing_type":"fixed","tiered_pricing_fixed_rules":{"2000":6.4900000000000002131628207280300557613372802734375},"tiered_pricing_product_settings":{"layout":"default","base_unit_name":{"singular":null,"plural":null},"default_variation":null},"tiered_pricing_minimum_quantity":1000,"tiered_pricing_roles_data":[],"tiered_pricing_percentage_rules":[],"tiered_pricing_maximum_quantity":null,"tiered_pricing_quantity_step":"10","_links":{"self":[{"href":"https:\/\/volovape.com\/de\/wp-json\/wp\/v2\/product\/1168","targetHints":{"allow":["GET"]}}],"collection":[{"href":"https:\/\/volovape.com\/de\/wp-json\/wp\/v2\/product"}],"about":[{"href":"https:\/\/volovape.com\/de\/wp-json\/wp\/v2\/types\/product"}],"replies":[{"embeddable":true,"href":"https:\/\/volovape.com\/de\/wp-json\/wp\/v2\/comments?post=1168"}],"wp:featuredmedia":[{"embeddable":true,"href":"https:\/\/volovape.com\/de\/wp-json\/wp\/v2\/media\/1407"}],"wp:attachment":[{"href":"https:\/\/volovape.com\/de\/wp-json\/wp\/v2\/media?parent=1168"}],"wp:term":[{"taxonomy":"product_brand","embeddable":true,"href":"https:\/\/volovape.com\/de\/wp-json\/wp\/v2\/product_brand?post=1168"},{"taxonomy":"product_cat","embeddable":true,"href":"https:\/\/volovape.com\/de\/wp-json\/wp\/v2\/product_cat?post=1168"},{"taxonomy":"product_tag","embeddable":true,"href":"https:\/\/volovape.com\/de\/wp-json\/wp\/v2\/product_tag?post=1168"}],"curies":[{"name":"wp","href":"https:\/\/api.w.org\/{rel}","templated":true}]}}