{"id":1167,"date":"2024-11-21T03:37:57","date_gmt":"2024-11-21T03:37:57","guid":{"rendered":"https:\/\/volovape.com\/?post_type=product&#038;p=1167"},"modified":"2025-07-13T13:48:06","modified_gmt":"2025-07-13T13:48:06","slug":"vapsolo-dg18000-zuge","status":"publish","type":"product","link":"https:\/\/volovape.com\/de\/product\/vapsolo-dg18000-puffs\/","title":{"rendered":"Vapsolo DG18000 Puffs Einweg Vape - 28ml Kapazit\u00e4t, 0.9\u03a9 Widerstand"},"content":{"rendered":"<p><iframe title=\"VideoPress-Videoplayer\" aria-label='VideoPress-Videoplayer' width='500' height='281' src='https:\/\/videopress.com\/embed\/ss3cmXiS?hd=0&amp;cover=1' frameborder='0' allowfullscreen allow='clipboard-write'><\/iframe><script src='https:\/\/v0.wordpress.com\/js\/next\/videopress-iframe.js?m=1739540970'><\/script><\/p>\n<p><strong>Vapsolo DG18000 Puffs Einweg-Vape<\/strong> - Unerreichte Langlebigkeit und gleichm\u00e4\u00dfiger Dampf in einem Ger\u00e4t mit hoher Kapazit\u00e4t.<\/p>\n<p>Der <strong>Vapsolo DG18000 Puffs<\/strong> Einwegdampfer wurde f\u00fcr Dampfer entwickelt, die eine lange Nutzungsdauer und \u00fcberragende Leistung erwarten. Mit einer beeindruckenden <strong>18.000 Pusteblumen<\/strong> Kapazit\u00e4t, eine massive <strong>28ml e-Fl\u00fcssigkeitsbeh\u00e4lter<\/strong>und ein <strong>650mAh wiederaufladbare Batterie<\/strong>bietet dieses Ger\u00e4t unvergleichliche Langlebigkeit und Komfort. Die optimierte <strong>0,9\u03a9 Widerstand<\/strong> sorgt f\u00fcr eine gleichbleibend weiche und geschmackvolle Dampfproduktion. W\u00e4hlen Sie zwischen <strong>2% und 5% Nikotinst\u00e4rke<\/strong>. Der Vapsolo DG18000 ist ideal f\u00fcr alle, die ein lang anhaltendes Vergn\u00fcgen suchen und ist perfekt f\u00fcr den pers\u00f6nlichen Gebrauch und <strong>Einweg-Vape-Gro\u00dfhandel<\/strong>. <strong>Sammelbestellung<\/strong> Optionen f\u00fcr Einzelh\u00e4ndler zur Verf\u00fcgung stehen.<\/p>\n<h3><strong>Vapsolo DG18000 Puffs Merkmale:<\/strong><\/h3>\n<ul>\n<li>Puffs: Bis zu 18.000<\/li>\n<li>E-Fl\u00fcssigkeit Kapazit\u00e4t: 28ml<\/li>\n<li>Akku: 650mAh (wiederaufladbar)<\/li>\n<li>Aufladen: Typ-C<\/li>\n<li>Widerstand: 0.9\u03a9<\/li>\n<li>Nikotinst\u00e4rken: 2%, 5%<\/li>\n<li>Verf\u00fcgbare Geschmacksrichtungen: Pfirsich-Mango-Ananas, Passionsfrucht-Kiwi-Eis, Blaubeere-Kirsche-Cranberry, Wassermelone-Eis, Erdbeer-Kiwi, Zitrone-Limette, Erdbeer-Banane, Red Bull, gemischte Beeren, Prime Strawberry Watermelon.<\/li>\n<\/ul>\n<h4>H\u00e4ufig gestellte Fragen<\/h4>\n<h5>Wie verbessert der 0,9\u03a9-Widerstand das Dampferlebnis?<\/h5>\n<p>Die 0,9\u03a9 Widerstand ist speziell entwickelt, um ein Gleichgewicht zwischen Geschmack und Dampfproduktion bieten. Dieser Widerstand sorgt f\u00fcr eine konsistente und glatte Dampf, liefert reiche und befriedigende Aromen mit jedem Zug. Es ist f\u00fcr eine komfortable und angenehme Verdampfungserfahrung optimiert.<\/p>\n<h5>Was sind die Vorteile der 18.000 Puff-Kapazit\u00e4t und des 28ml E-Liquid-Beh\u00e4lters?<\/h5>\n<p>Die 18.000 Puff-Kapazit\u00e4t und der 28-ml-E-Liquid-Beh\u00e4lter bieten eine lange Nutzungsdauer und minimieren die Notwendigkeit eines h\u00e4ufigen Austauschs. Dies macht den Vapsolo DG18000 ideal f\u00fcr Benutzer, die eine langlebige und bequeme Verdampferl\u00f6sung wollen, perfekt f\u00fcr Reisen oder den t\u00e4glichen Gebrauch.<\/p>\n<h5>Wie schnell l\u00e4sst sich der 650-mAh-Akku aufladen?<\/h5>\n<p>Der 650mAh-Akku unterst\u00fctzt lange Vaping-Sessions und l\u00e4dt sich schnell \u00fcber Typ-C-Ladung auf. Dies sorgt f\u00fcr minimale Ausfallzeiten, so dass Sie Ihr Ger\u00e4t ohne lange Wartezeiten genie\u00dfen k\u00f6nnen.<\/p>\n<h5>Welche Versandmethoden werden verwendet?<\/h5>\n<p>Wir arbeiten mit zuverl\u00e4ssigen Transportunternehmen wie UPS, DHL, FedEx und DPD zusammen, um eine effiziente und sichere Lieferung zu gew\u00e4hrleisten. Wir w\u00e4hlen die f\u00fcr Ihren Standort am besten geeignete Versandmethode aus, um Ihre Bestellung so schnell wie m\u00f6glich zu Ihnen zu bringen.<\/p>\n<h5>Kann ich meinem Kauf vertrauen?<\/h5>\n<p>Wir legen gro\u00dfen Wert auf Kundenzufriedenheit und bieten sichere Zahlungsoptionen, einschlie\u00dflich PayPal mit K\u00e4uferschutz. Sie k\u00f6nnen auch Kundenrezensionen auf TrustPilot einsehen: <a href=\"https:\/\/www.trustpilot.com\/review\/volovape.com?utm_medium=trustbox&amp;utm_source=TrustBoxReviewCollector\">VertrauensPilot<\/a>.<\/p>","protected":false},"excerpt":{"rendered":"<p>Decken Sie sich mit Vapsolo DG18000 Puffs Disposable Vape in gro\u00dfen Mengen ein. Mit 28ml e-Fl\u00fcssigkeit, 2% &amp; 5% Nikotin Optionen, und glatte Dampf, es ist ideal f\u00fcr Gro\u00dfhandel vape Lieferanten und Einzelh\u00e4ndler.<\/p>","protected":false},"featured_media":1388,"comment_status":"open","ping_status":"closed","template":"","meta":[],"product_brand":[],"product_cat":[72,50,21,18,39,20,23,24,22,25,26,27,28,29,30,31,32,33,34,35,36,40],"product_tag":[],"class_list":{"0":"post-1167","1":"product","2":"type-product","3":"status-publish","4":"has-post-thumbnail","6":"product_cat-vapsolo","7":"product_cat-18000-puffs-disposable-vape","8":"product_cat-big-puffs-vapes","9":"product_cat-different-puffs-of-disposable-vapes","10":"product_cat-digital-box-vapes","11":"product_cat-disposable-vape-types","12":"product_cat-disposable-vapes-in-austria","13":"product_cat-disposable-vapes-in-belgium","14":"product_cat-disposable-vapes-in-europe","15":"product_cat-disposable-vapes-in-france","16":"product_cat-disposable-vapes-in-germany","17":"product_cat-disposable-vapes-in-hungary","18":"product_cat-disposable-vapes-in-ltaly","19":"product_cat-disposable-vapes-in-netherlands","20":"product_cat-disposable-vapes-in-norway","21":"product_cat-disposable-vapes-in-poland","22":"product_cat-disposable-vapes-in-portugal","23":"product_cat-disposable-vapes-in-spain","24":"product_cat-disposable-vapes-in-sweden","25":"product_cat-disposable-vapes-in-switzerland","26":"product_cat-rechargeable-vapes","27":"product_cat-smart-screen-vapes","29":"first","30":"instock","31":"shipping-taxable","32":"purchasable","33":"product-type-variable","34":"has-default-attributes"},"jetpack_sharing_enabled":true,"tiered_pricing_type":"fixed","tiered_pricing_fixed_rules":{"2000":6.9900000000000002131628207280300557613372802734375},"tiered_pricing_product_settings":{"layout":"default","base_unit_name":{"singular":null,"plural":null},"default_variation":null},"tiered_pricing_minimum_quantity":1000,"tiered_pricing_roles_data":[],"tiered_pricing_percentage_rules":[],"tiered_pricing_maximum_quantity":null,"tiered_pricing_quantity_step":"10","_links":{"self":[{"href":"https:\/\/volovape.com\/de\/wp-json\/wp\/v2\/product\/1167","targetHints":{"allow":["GET"]}}],"collection":[{"href":"https:\/\/volovape.com\/de\/wp-json\/wp\/v2\/product"}],"about":[{"href":"https:\/\/volovape.com\/de\/wp-json\/wp\/v2\/types\/product"}],"replies":[{"embeddable":true,"href":"https:\/\/volovape.com\/de\/wp-json\/wp\/v2\/comments?post=1167"}],"wp:featuredmedia":[{"embeddable":true,"href":"https:\/\/volovape.com\/de\/wp-json\/wp\/v2\/media\/1388"}],"wp:attachment":[{"href":"https:\/\/volovape.com\/de\/wp-json\/wp\/v2\/media?parent=1167"}],"wp:term":[{"taxonomy":"product_brand","embeddable":true,"href":"https:\/\/volovape.com\/de\/wp-json\/wp\/v2\/product_brand?post=1167"},{"taxonomy":"product_cat","embeddable":true,"href":"https:\/\/volovape.com\/de\/wp-json\/wp\/v2\/product_cat?post=1167"},{"taxonomy":"product_tag","embeddable":true,"href":"https:\/\/volovape.com\/de\/wp-json\/wp\/v2\/product_tag?post=1167"}],"curies":[{"name":"wp","href":"https:\/\/api.w.org\/{rel}","templated":true}]}}