{"id":1166,"date":"2024-11-21T03:37:57","date_gmt":"2024-11-21T03:37:57","guid":{"rendered":"https:\/\/volovape.com\/?post_type=product&#038;p=1166"},"modified":"2025-08-07T08:19:46","modified_gmt":"2025-08-07T08:19:46","slug":"vapsolo-viking-12000-zuge","status":"publish","type":"product","link":"https:\/\/volovape.com\/de\/product\/vapsolo-viking-12000-puffs\/","title":{"rendered":"VapSolo Viking 12000 Puffs Einweg Vape - Einstellbare Luftstrom, Mesh Coil, LCD"},"content":{"rendered":"<p><iframe title=\"VideoPress-Videoplayer\" aria-label='VideoPress-Videoplayer' width='500' height='281' src='https:\/\/videopress.com\/embed\/ngfVq1VJ?hd=0&amp;cover=1' frameborder='0' allowfullscreen allow='clipboard-write'><\/iframe><script src='https:\/\/v0.wordpress.com\/js\/next\/videopress-iframe.js?m=1739540970'><\/script><\/p>\n<p><strong>VapSolo Viking 12000 Puffs Einweg-Vape<\/strong> - Personalisierte Vaping mit einstellbarer Luftstrom und LCD-Display.<\/p>\n<p>Der <strong>VapSolo Viking 12000 Z\u00fcge<\/strong> Einweg-Dampfger\u00e4t bietet ein individuell anpassbares Dampferlebnis mit seinem <strong>4-stufig einstellbarer Luftstrom<\/strong>So k\u00f6nnen Sie zwischen MTL- und DTL-Stilen wechseln. Mit bis zu <strong>12.000 Z\u00fcge<\/strong>eine gro\u00dfz\u00fcgige <strong>22ml e-Fl\u00fcssigkeitsbeh\u00e4lter<\/strong>und ein <strong>650mAh wiederaufladbare Batterie<\/strong>bietet dieses Ger\u00e4t au\u00dfergew\u00f6hnlichen Wert und Langlebigkeit. Die <strong>1.0\u03a9 Maschenspule<\/strong> sorgt f\u00fcr gleichm\u00e4\u00dfig weichen und geschmackvollen Dampf, w\u00e4hrend die <strong>LCD-Anzeige<\/strong> bietet eine Echtzeit-\u00dcberwachung der Akkulaufzeit und des Vape-Status. Der VapSolo Viking ist ideal f\u00fcr Vaporizer, die eine pers\u00f6nliche Kontrolle suchen. <strong>Einweg-Vape-Gro\u00dfhandel<\/strong>. <strong>Sammelbestellung<\/strong> Optionen f\u00fcr Einzelh\u00e4ndler zur Verf\u00fcgung stehen.<\/p>\n<h3><strong>VapSolo Viking 12000 Puffs Eigenschaften:<\/strong><\/h3>\n<ul>\n<li>Puffs: Bis zu 12.000<\/li>\n<li>E-Fl\u00fcssigkeit Kapazit\u00e4t: 22ml<\/li>\n<li>Akku: 650mAh (wiederaufladbar)<\/li>\n<li>Aufladen: Typ-C<\/li>\n<li>Spule: 1.0\u03a9 Mesh Spule<\/li>\n<li>Luftstrom: 4-stufig einstellbar<\/li>\n<li>Anzeige: LCD (Akku &amp; Vape-Status)<\/li>\n<li>Verf\u00fcgbare Geschmacksrichtungen: Blaubeere-Himbeere, Blaubeere, Kirsche, Wassermelone Ice, Erdbeere-Kiwi, Erdbeere-Wassermelone, Blaubeere-Kirsche-Cranberry, Zitrone-Limette, Gummib\u00e4rchen, Erdbeere-Banane, Frische Minze, Erdbeere-Himbeere Ice, Zitrone-Pfirsich, Roter Apfel Ice.<\/li>\n<\/ul>\n<h4>H\u00e4ufig gestellte Fragen<\/h4>\n<h5>Wie verbessert der in 4 Stufen einstellbare Luftstrom das Dampferlebnis?<\/h5>\n<p>Der 4-stufig einstellbare Luftstrom erm\u00f6glicht es dem Nutzer, seinen Zug fein abzustimmen, indem er zwischen einem engen MTL-Stil (Mund-zu-Lunge) f\u00fcr einen konzentrierteren Geschmack und einem lockereren DTL-Stil (Direkt-zu-Lunge) f\u00fcr gr\u00f6\u00dfere Dampfwolken wechselt. Diese Vielseitigkeit kommt den individuellen Vorlieben entgegen und sorgt f\u00fcr ein individuelles und befriedigendes Dampferlebnis.<\/p>\n<h5>Was sind die Vorteile des LCD-Displays?<\/h5>\n<p>Das LCD-Display informiert in Echtzeit \u00fcber die Akkulaufzeit und den Verdampfungsstatus, so dass der Benutzer den Zustand seines Ger\u00e4ts leicht \u00fcberwachen kann. Diese Funktion stellt sicher, dass Sie immer informiert sind und Ihre Verdampfungssitzungen entsprechend planen k\u00f6nnen, was den Komfort erh\u00f6ht und unerwartete Unterbrechungen verhindert.<\/p>\n<h5>Wie tr\u00e4gt die 1.0\u03a9 Mesh-Spule zu Geschmack und Dampfproduktion bei?<\/h5>\n<p>Die 1.0\u03a9 Mesh Coil wurde entwickelt, um eine konsistente und gleichm\u00e4\u00dfige Erw\u00e4rmung zu gew\u00e4hrleisten, was zu einer glatten, reichhaltigen und geschmackvollen Dampfproduktion f\u00fchrt. Diese Spule sorgt daf\u00fcr, dass jeder Zug befriedigend ist und maximiert den Geschmack Lieferung von der e-Fl\u00fcssigkeit.<\/p>\n<h5>Welche Versandmethoden werden verwendet?<\/h5>\n<p>Wir arbeiten mit zuverl\u00e4ssigen Transportunternehmen wie UPS, DHL, FedEx und DPD zusammen, um eine effiziente und sichere Lieferung zu gew\u00e4hrleisten. Wir w\u00e4hlen die f\u00fcr Ihren Standort am besten geeignete Versandmethode aus, um Ihre Bestellung so schnell wie m\u00f6glich zu Ihnen zu bringen.<\/p>\n<h5>Kann ich meinem Kauf vertrauen?<\/h5>\n<p>Wir legen gro\u00dfen Wert auf Kundenzufriedenheit und bieten sichere Zahlungsoptionen, einschlie\u00dflich PayPal mit K\u00e4uferschutz. Sie k\u00f6nnen auch Kundenrezensionen auf TrustPilot einsehen: <a href=\"https:\/\/www.trustpilot.com\/review\/volovape.com?utm_medium=trustbox&amp;utm_source=TrustBoxReviewCollector\">VertrauensPilot<\/a>.<\/p>","protected":false},"excerpt":{"rendered":"<p>Bestellen Sie VapSolo Viking 12000 Puffs Disposable Vape in gro\u00dfen Mengen. Die einstellbare Luftstr\u00f6mung, der LCD-Bildschirm und der sanfte Geschmack machen ihn perfekt f\u00fcr Vape-Gro\u00dfh\u00e4ndler und Wiederverk\u00e4ufer, die nach leistungsstarken Optionen suchen.<\/p>","protected":false},"featured_media":1373,"comment_status":"open","ping_status":"closed","template":"","meta":[],"product_brand":[],"product_cat":[72,38,21,18,39,20,23,24,22,25,26,27,28,29,30,31,32,33,34,35,36,40],"product_tag":[],"class_list":{"0":"post-1166","1":"product","2":"type-product","3":"status-publish","4":"has-post-thumbnail","6":"product_cat-vapsolo","7":"product_cat-12000-puffs-disposable-vape","8":"product_cat-big-puffs-vapes","9":"product_cat-different-puffs-of-disposable-vapes","10":"product_cat-digital-box-vapes","11":"product_cat-disposable-vape-types","12":"product_cat-disposable-vapes-in-austria","13":"product_cat-disposable-vapes-in-belgium","14":"product_cat-disposable-vapes-in-europe","15":"product_cat-disposable-vapes-in-france","16":"product_cat-disposable-vapes-in-germany","17":"product_cat-disposable-vapes-in-hungary","18":"product_cat-disposable-vapes-in-ltaly","19":"product_cat-disposable-vapes-in-netherlands","20":"product_cat-disposable-vapes-in-norway","21":"product_cat-disposable-vapes-in-poland","22":"product_cat-disposable-vapes-in-portugal","23":"product_cat-disposable-vapes-in-spain","24":"product_cat-disposable-vapes-in-sweden","25":"product_cat-disposable-vapes-in-switzerland","26":"product_cat-rechargeable-vapes","27":"product_cat-smart-screen-vapes","29":"first","30":"instock","31":"shipping-taxable","32":"purchasable","33":"product-type-variable","34":"has-default-attributes"},"jetpack_sharing_enabled":true,"tiered_pricing_type":"fixed","tiered_pricing_fixed_rules":{"2000":5.6500000000000003552713678800500929355621337890625},"tiered_pricing_product_settings":{"layout":"default","base_unit_name":{"singular":null,"plural":null},"default_variation":null},"tiered_pricing_minimum_quantity":1000,"tiered_pricing_roles_data":[],"tiered_pricing_percentage_rules":[],"tiered_pricing_maximum_quantity":null,"tiered_pricing_quantity_step":"10","_links":{"self":[{"href":"https:\/\/volovape.com\/de\/wp-json\/wp\/v2\/product\/1166","targetHints":{"allow":["GET"]}}],"collection":[{"href":"https:\/\/volovape.com\/de\/wp-json\/wp\/v2\/product"}],"about":[{"href":"https:\/\/volovape.com\/de\/wp-json\/wp\/v2\/types\/product"}],"replies":[{"embeddable":true,"href":"https:\/\/volovape.com\/de\/wp-json\/wp\/v2\/comments?post=1166"}],"wp:featuredmedia":[{"embeddable":true,"href":"https:\/\/volovape.com\/de\/wp-json\/wp\/v2\/media\/1373"}],"wp:attachment":[{"href":"https:\/\/volovape.com\/de\/wp-json\/wp\/v2\/media?parent=1166"}],"wp:term":[{"taxonomy":"product_brand","embeddable":true,"href":"https:\/\/volovape.com\/de\/wp-json\/wp\/v2\/product_brand?post=1166"},{"taxonomy":"product_cat","embeddable":true,"href":"https:\/\/volovape.com\/de\/wp-json\/wp\/v2\/product_cat?post=1166"},{"taxonomy":"product_tag","embeddable":true,"href":"https:\/\/volovape.com\/de\/wp-json\/wp\/v2\/product_tag?post=1166"}],"curies":[{"name":"wp","href":"https:\/\/api.w.org\/{rel}","templated":true}]}}