{"id":1121,"date":"2024-11-21T03:37:34","date_gmt":"2024-11-21T03:37:34","guid":{"rendered":"https:\/\/volovape.com\/?post_type=product&#038;p=1121"},"modified":"2025-07-24T07:11:26","modified_gmt":"2025-07-24T07:11:26","slug":"vapsolo-super-15000-zuge","status":"publish","type":"product","link":"https:\/\/volovape.com\/de\/product\/vapsolo-super-15000-puffs\/","title":{"rendered":"Vapsolo Super 15000 Puffs 4-stufig einstellbaren Luftstrom Einweg vape - wiederaufladbar mit Typ-C (2%\/5% Nikotin)"},"content":{"rendered":"<p><iframe title=\"VideoPress-Videoplayer\" aria-label='VideoPress-Videoplayer' width='421' height='750' src='https:\/\/videopress.com\/embed\/pTqryXkY?hd=0&amp;cover=1' frameborder='0' allowfullscreen allow='clipboard-write'><\/iframe><script src='https:\/\/v0.wordpress.com\/js\/next\/videopress-iframe.js?m=1739540970'><\/script><\/p>\n<p><strong>Vapsolo Super 15000 Puffs Einweg Vape<\/strong> - Personalisiertes Vaping mit 4-stufig einstellbarer Airflow.<\/p>\n<p>Der <strong>Vapsolo Super 15000 Z\u00fcge<\/strong> Einweg-Vape bietet ein individuell anpassbares Vaping-Erlebnis mit seinem <strong>4-stufig einstellbarer Luftstrom<\/strong>So k\u00f6nnen Sie zwischen MTL- und DTL-Stilen wechseln. Mit bis zu <strong>15.000 Z\u00fcge<\/strong>eine gro\u00dfz\u00fcgige <strong>25ml e-Fl\u00fcssigkeitsbeh\u00e4lter<\/strong>und ein <strong>650mAh wiederaufladbare Batterie<\/strong>bietet dieses Ger\u00e4t au\u00dfergew\u00f6hnliche Langlebigkeit und Komfort. Die <strong>1.0\u03a9 Maschenspule<\/strong> sorgt f\u00fcr gleichm\u00e4\u00dfig weichen und geschmackvollen Dampf. W\u00e4hlen Sie zwischen <strong>2% und 5% Nikotinst\u00e4rke<\/strong>. Der Vapsolo Super ist ideal f\u00fcr Dampfer, die gerne individuelles Dampfen genie\u00dfen und ist perfekt f\u00fcr den pers\u00f6nlichen Gebrauch und <strong>Einweg-Vape-Gro\u00dfhandel<\/strong>. <strong>Sammelbestellung<\/strong> Optionen f\u00fcr Einzelh\u00e4ndler zur Verf\u00fcgung stehen.<\/p>\n<h3><strong>Vapsolo Super 15000 Puffs Eigenschaften:<\/strong><\/h3>\n<ul>\n<li>Puffs: Bis zu 15.000<\/li>\n<li>E-Fl\u00fcssigkeit Kapazit\u00e4t: 25ml<\/li>\n<li>Akku: 650mAh (wiederaufladbar)<\/li>\n<li>Aufladen: Typ-C<\/li>\n<li>Spule: 1.0\u03a9 Mesh Spule<\/li>\n<li>Luftstrom: 4-stufig einstellbar<\/li>\n<li>Nikotinst\u00e4rken: 2%, 5%<\/li>\n<li>Verf\u00fcgbare Geschmacksrichtungen: Blue Razz, Blueberry Ice, Double Apple, Watermelon Ice, Strawberry Kiwi, Mixed Berry, Red Bull, Blueberry Cherry Cranberry, Lemon Lime, Skittles, Strawberry Banana, Raspberry Watermelon, Blueberry Cherry Cola, Black Ice Dragonfruit Strawberry.<\/li>\n<\/ul>\n<h4>H\u00e4ufig gestellte Fragen<\/h4>\n<h5>Wie verbessert der in 4 Stufen einstellbare Luftstrom das Dampferlebnis?<\/h5>\n<p>Der 4-stufig einstellbare Luftstrom erm\u00f6glicht es dem Nutzer, seinen Zug individuell zu gestalten, indem er zwischen einem engen MTL-Stil (Mund-zu-Lunge) f\u00fcr einen konzentrierteren Geschmack und einem lockereren DTL-Stil (Direkt-zu-Lunge) f\u00fcr gr\u00f6\u00dfere Dampfwolken wechselt. Diese Vielseitigkeit kommt den individuellen Vorlieben entgegen und sorgt f\u00fcr ein individuelles und befriedigendes Dampferlebnis.<\/p>\n<h5>Was sind die Vorteile der 1,0-\u03a9-Mesh-Spule?<\/h5>\n<p>Die 1.0\u03a9 Mesh Coil wurde entwickelt, um eine konsistente und gleichm\u00e4\u00dfige Erw\u00e4rmung zu gew\u00e4hrleisten, was zu einer glatten, reichhaltigen und geschmackvollen Dampfproduktion f\u00fchrt. Diese Spule sorgt daf\u00fcr, dass jeder Zug befriedigend ist und maximiert den Geschmack Lieferung von der e-Fl\u00fcssigkeit.<\/p>\n<h5>Wie lange h\u00e4lt der Akku, und wie schnell wird er wieder aufgeladen?<\/h5>\n<p>Der 650mAh-Akku ist f\u00fcr eine lang anhaltende Leistung ausgelegt und unterst\u00fctzt bis zu 15.000 Z\u00fcge. Durch das Typ-C-Ladeverfahren wird das Ger\u00e4t schnell aufgeladen, was die Ausfallzeit minimiert und sicherstellt, dass Sie Ihr Vape ohne lange Wartezeiten genie\u00dfen k\u00f6nnen.<\/p>\n<h5>Welche Versandmethoden werden verwendet?<\/h5>\n<p>Wir arbeiten mit zuverl\u00e4ssigen Transportunternehmen wie UPS, DHL, FedEx und DPD zusammen, um eine effiziente und sichere Lieferung zu gew\u00e4hrleisten. Wir w\u00e4hlen die f\u00fcr Ihren Standort am besten geeignete Versandmethode aus, um Ihre Bestellung so schnell wie m\u00f6glich zu Ihnen zu bringen.<\/p>\n<h5>Kann ich meinem Kauf vertrauen?<\/h5>\n<p>Wir legen gro\u00dfen Wert auf Kundenzufriedenheit und bieten sichere Zahlungsoptionen, einschlie\u00dflich PayPal mit K\u00e4uferschutz. Sie k\u00f6nnen auch Kundenrezensionen auf TrustPilot einsehen: <a href=\"https:\/\/www.trustpilot.com\/review\/volovape.com?utm_medium=trustbox&amp;utm_source=TrustBoxReviewCollector\">VertrauensPilot<\/a>.<\/p>","protected":false},"excerpt":{"rendered":"<p>Genie\u00dfen Sie personalisierte vaping mit dem Vapsolo Super 15000 Puffs Disposable Vape. 15.000 Puffs, 25ml, einstellbare Airflow, 1.0\u03a9 Mesh Coil. 2% &amp; 5% Nikotin. 15 Geschmacksrichtungen.<\/p>","protected":false},"featured_media":1364,"comment_status":"open","ping_status":"closed","template":"","meta":[],"product_brand":[],"product_cat":[72,41,21,18,20,23,24,22,25,26,27,28,29,30,31,32,33,34,35,36],"product_tag":[],"class_list":{"0":"post-1121","1":"product","2":"type-product","3":"status-publish","4":"has-post-thumbnail","6":"product_cat-vapsolo","7":"product_cat-15000-puffs-disposable-vape","8":"product_cat-big-puffs-vapes","9":"product_cat-different-puffs-of-disposable-vapes","10":"product_cat-disposable-vape-types","11":"product_cat-disposable-vapes-in-austria","12":"product_cat-disposable-vapes-in-belgium","13":"product_cat-disposable-vapes-in-europe","14":"product_cat-disposable-vapes-in-france","15":"product_cat-disposable-vapes-in-germany","16":"product_cat-disposable-vapes-in-hungary","17":"product_cat-disposable-vapes-in-ltaly","18":"product_cat-disposable-vapes-in-netherlands","19":"product_cat-disposable-vapes-in-norway","20":"product_cat-disposable-vapes-in-poland","21":"product_cat-disposable-vapes-in-portugal","22":"product_cat-disposable-vapes-in-spain","23":"product_cat-disposable-vapes-in-sweden","24":"product_cat-disposable-vapes-in-switzerland","25":"product_cat-rechargeable-vapes","27":"first","28":"instock","29":"shipping-taxable","30":"purchasable","31":"product-type-variable","32":"has-default-attributes"},"jetpack_sharing_enabled":true,"tiered_pricing_type":"fixed","tiered_pricing_fixed_rules":{"2000":5.9900000000000002131628207280300557613372802734375},"tiered_pricing_product_settings":{"layout":"default","base_unit_name":{"singular":null,"plural":null},"default_variation":null},"tiered_pricing_minimum_quantity":1000,"tiered_pricing_roles_data":[],"tiered_pricing_percentage_rules":[],"tiered_pricing_maximum_quantity":null,"tiered_pricing_quantity_step":"10","_links":{"self":[{"href":"https:\/\/volovape.com\/de\/wp-json\/wp\/v2\/product\/1121","targetHints":{"allow":["GET"]}}],"collection":[{"href":"https:\/\/volovape.com\/de\/wp-json\/wp\/v2\/product"}],"about":[{"href":"https:\/\/volovape.com\/de\/wp-json\/wp\/v2\/types\/product"}],"replies":[{"embeddable":true,"href":"https:\/\/volovape.com\/de\/wp-json\/wp\/v2\/comments?post=1121"}],"wp:featuredmedia":[{"embeddable":true,"href":"https:\/\/volovape.com\/de\/wp-json\/wp\/v2\/media\/1364"}],"wp:attachment":[{"href":"https:\/\/volovape.com\/de\/wp-json\/wp\/v2\/media?parent=1121"}],"wp:term":[{"taxonomy":"product_brand","embeddable":true,"href":"https:\/\/volovape.com\/de\/wp-json\/wp\/v2\/product_brand?post=1121"},{"taxonomy":"product_cat","embeddable":true,"href":"https:\/\/volovape.com\/de\/wp-json\/wp\/v2\/product_cat?post=1121"},{"taxonomy":"product_tag","embeddable":true,"href":"https:\/\/volovape.com\/de\/wp-json\/wp\/v2\/product_tag?post=1121"}],"curies":[{"name":"wp","href":"https:\/\/api.w.org\/{rel}","templated":true}]}}