{"id":1120,"date":"2024-11-21T03:37:34","date_gmt":"2024-11-21T03:37:34","guid":{"rendered":"https:\/\/volovape.com\/?post_type=product&#038;p=1120"},"modified":"2025-09-08T03:35:10","modified_gmt":"2025-09-08T03:35:10","slug":"vapsolo-twins-20000-zuge-dual-flavour-einweg-groshandel","status":"publish","type":"product","link":"https:\/\/volovape.com\/de\/product\/vapsolo-twins-20000-puffs-dual-flavor-disposable-wholesale\/","title":{"rendered":"VapSolo Twins 20000 Puffs Dual-Geschmack Einweg-Vape - Doppel-Geschmack wiederaufladbar mit Display"},"content":{"rendered":"<p><iframe title=\"VideoPress-Videoplayer\" aria-label='VideoPress-Videoplayer' width='421' height='750' src='https:\/\/videopress.com\/embed\/q9MmvkxP?hd=0&amp;cover=1' frameborder='0' allowfullscreen allow='clipboard-write'><\/iframe><script src='https:\/\/v0.wordpress.com\/js\/next\/videopress-iframe.js?m=1739540970'><\/script><\/p>\n<p><strong>VapSolo Twins 20000 Puffs Doppelgeschmack Einweg Vape<\/strong> - Erleben Sie den doppelten Geschmack, die doppelte Befriedigung.<\/p>\n<p>Der <strong>VapSolo Zwillinge 20000 Z\u00fcge<\/strong> Einwegdampfer f\u00fchrt ein revolution\u00e4res Dual-Flavor-Design ein, das es Ihnen erm\u00f6glicht, zwischen zwei verschiedenen Geschmacksrichtungen in einem praktischen, wiederaufladbaren Ger\u00e4t zu wechseln. Mit bis zu <strong>20.000 Z\u00fcge<\/strong>eine gro\u00dfz\u00fcgige <strong>25ml e-Fl\u00fcssigkeit Kapazit\u00e4t<\/strong>und ein <strong>650mAh wiederaufladbare Batterie<\/strong>bietet dieses Ger\u00e4t eine au\u00dfergew\u00f6hnliche Langlebigkeit und Vielfalt. Das integrierte Display bietet eine Echtzeit-\u00dcberwachung des Fl\u00fcssigkeits- und Akkustandes, w\u00e4hrend die <strong>1\u03a9-Maschenspule<\/strong> sorgt f\u00fcr weichen, geschmackvollen Dampf. W\u00e4hlen Sie zwischen <strong>2% und 5% Nikotinst\u00e4rke<\/strong>. Ideal f\u00fcr Dampfer, die Abwechslung und lang anhaltende Leistung suchen, ist der VapSolo Twins perfekt f\u00fcr den pers\u00f6nlichen Gebrauch und <strong>Einweg-Vape-Gro\u00dfhandel<\/strong>. <strong>Sammelbestellung<\/strong> Optionen f\u00fcr Einzelh\u00e4ndler zur Verf\u00fcgung stehen.<\/p>\n<h3><strong>VapSolo Twins 20000 Puffs Eigenschaften:<\/strong><\/h3>\n<ul>\n<li>Puffs: Bis zu 20.000<\/li>\n<li>E-Fl\u00fcssigkeit Kapazit\u00e4t: 25ml<\/li>\n<li>Akku: 650mAh (wiederaufladbar)<\/li>\n<li>Aufladen: Typ-C<\/li>\n<li>Spule: Masche Spule (1\u03a9)<\/li>\n<li>Nikotinst\u00e4rken: 2%, 5%<\/li>\n<li>Anzeige: E-Fl\u00fcssigkeit und Batteriestand<\/li>\n<li>Geschmacksrichtung: Zweifach-Geschmack<\/li>\n<li>Verf\u00fcgbare Geschmackskombinationen: Lemon Lime &amp; Watermelon Ice, Grape Ice &amp; Strawberry Kiwi, Pineapple Coconut &amp; Strawberry Banana, Orange Mango Watermelon &amp; Red Bull, Blueberry Ice &amp; Fizzy Cherry, Watermelon Ice &amp; Mixed Berry, Strawberry Banana &amp; Fizzy Cherry, Strawberry Raspberry Cherry Ice &amp; Grape Ice, Blue Razz Lemonade &amp; Lemon Lime, Watermelon Ice &amp; Strawberry Mango.<\/li>\n<\/ul>\n<h4>H\u00e4ufig gestellte Fragen<\/h4>\n<h5>Wie verbessert das Dual-Flavor-Design das Dampferlebnis?<\/h5>\n<p>Das Dual-Flavor-Design des VapSolo Twins erm\u00f6glicht es dem Nutzer, zwischen zwei verschiedenen Geschmacksrichtungen zu wechseln, ohne dass er mehrere Ger\u00e4te ben\u00f6tigt. Dies sorgt f\u00fcr Abwechslung und verhindert eine Erm\u00fcdung des Geschmacks, was ihn perfekt f\u00fcr Verdampfer macht, die gerne verschiedene Geschmacksrichtungen ausprobieren.<\/p>\n<h5>Was sind die Vorteile der integrierten Anzeige?<\/h5>\n<p>Das integrierte Display erm\u00f6glicht die \u00dcberwachung des Liquid- und Akkustandes in Echtzeit, so dass Sie immer \u00fcber den Status Ihres Ger\u00e4tes informiert sind. Diese Funktion erh\u00f6ht den Komfort und verhindert unerwartete Unterbrechungen, so dass ein nahtloses Dampferlebnis m\u00f6glich ist.<\/p>\n<h5>Wie tr\u00e4gt die 1\u03a9 Mesh-Spule zum Geschmack und zur Dampfproduktion bei?<\/h5>\n<p>Die 1\u03a9 Mesh-Spule wurde entwickelt, um glatten, konsistenten und geschmackvollen Dampf zu liefern. Sie optimiert die W\u00e4rmeverteilung und die Verdampfung des E-Liquids und sorgt daf\u00fcr, dass jeder Zug reichhaltig und befriedigend ist.<\/p>\n<h5>Welche Versandmethoden werden verwendet?<\/h5>\n<p>Wir arbeiten mit zuverl\u00e4ssigen Transportunternehmen wie UPS, DHL, FedEx und DPD zusammen, um eine effiziente und sichere Lieferung zu gew\u00e4hrleisten. Wir w\u00e4hlen die f\u00fcr Ihren Standort am besten geeignete Versandmethode aus, um Ihre Bestellung so schnell wie m\u00f6glich zu Ihnen zu bringen.<\/p>\n<h5>Kann ich meinem Kauf vertrauen?<\/h5>\n<p>Wir legen gro\u00dfen Wert auf Kundenzufriedenheit und bieten sichere Zahlungsoptionen, einschlie\u00dflich PayPal mit K\u00e4uferschutz. Sie k\u00f6nnen auch Kundenrezensionen auf TrustPilot einsehen: <a href=\"https:\/\/www.trustpilot.com\/review\/volovape.com?utm_medium=trustbox&amp;utm_source=TrustBoxReviewCollector\">VertrauensPilot<\/a>.<\/p>","protected":false},"excerpt":{"rendered":"<p>Maximieren Sie Ihre Vape-Verk\u00e4ufe mit dem VapSolo Twins 20000 Puffs Gro\u00dfhandel! Dual-Aromen, 25ml, Display, 1\u03a9 Mesh-Spule. Stock up auf diese einzigartige, wiederaufladbare Einweg heute.<\/p>","protected":false},"featured_media":1330,"comment_status":"open","ping_status":"closed","template":"","meta":[],"product_brand":[],"product_cat":[72,42,21,18,39,20,23,24,22,25,26,27,28,29,30,31,32,33,34,35,64,36,40],"product_tag":[],"class_list":{"0":"post-1120","1":"product","2":"type-product","3":"status-publish","4":"has-post-thumbnail","6":"product_cat-vapsolo","7":"product_cat-20000-puffs-disposable-vape","8":"product_cat-big-puffs-vapes","9":"product_cat-different-puffs-of-disposable-vapes","10":"product_cat-digital-box-vapes","11":"product_cat-disposable-vape-types","12":"product_cat-disposable-vapes-in-austria","13":"product_cat-disposable-vapes-in-belgium","14":"product_cat-disposable-vapes-in-europe","15":"product_cat-disposable-vapes-in-france","16":"product_cat-disposable-vapes-in-germany","17":"product_cat-disposable-vapes-in-hungary","18":"product_cat-disposable-vapes-in-ltaly","19":"product_cat-disposable-vapes-in-netherlands","20":"product_cat-disposable-vapes-in-norway","21":"product_cat-disposable-vapes-in-poland","22":"product_cat-disposable-vapes-in-portugal","23":"product_cat-disposable-vapes-in-spain","24":"product_cat-disposable-vapes-in-sweden","25":"product_cat-disposable-vapes-in-switzerland","26":"product_cat-dual-flavor-vapes","27":"product_cat-rechargeable-vapes","28":"product_cat-smart-screen-vapes","30":"first","31":"instock","32":"shipping-taxable","33":"purchasable","34":"product-type-variable","35":"has-default-attributes"},"jetpack_sharing_enabled":true,"tiered_pricing_type":"fixed","tiered_pricing_fixed_rules":{"2000":7.20000000000000017763568394002504646778106689453125},"tiered_pricing_product_settings":{"layout":"default","base_unit_name":{"singular":null,"plural":null},"default_variation":null},"tiered_pricing_minimum_quantity":1000,"tiered_pricing_roles_data":[],"tiered_pricing_percentage_rules":[],"tiered_pricing_maximum_quantity":null,"tiered_pricing_quantity_step":"10","_links":{"self":[{"href":"https:\/\/volovape.com\/de\/wp-json\/wp\/v2\/product\/1120","targetHints":{"allow":["GET"]}}],"collection":[{"href":"https:\/\/volovape.com\/de\/wp-json\/wp\/v2\/product"}],"about":[{"href":"https:\/\/volovape.com\/de\/wp-json\/wp\/v2\/types\/product"}],"replies":[{"embeddable":true,"href":"https:\/\/volovape.com\/de\/wp-json\/wp\/v2\/comments?post=1120"}],"wp:featuredmedia":[{"embeddable":true,"href":"https:\/\/volovape.com\/de\/wp-json\/wp\/v2\/media\/1330"}],"wp:attachment":[{"href":"https:\/\/volovape.com\/de\/wp-json\/wp\/v2\/media?parent=1120"}],"wp:term":[{"taxonomy":"product_brand","embeddable":true,"href":"https:\/\/volovape.com\/de\/wp-json\/wp\/v2\/product_brand?post=1120"},{"taxonomy":"product_cat","embeddable":true,"href":"https:\/\/volovape.com\/de\/wp-json\/wp\/v2\/product_cat?post=1120"},{"taxonomy":"product_tag","embeddable":true,"href":"https:\/\/volovape.com\/de\/wp-json\/wp\/v2\/product_tag?post=1120"}],"curies":[{"name":"wp","href":"https:\/\/api.w.org\/{rel}","templated":true}]}}