{"id":5962,"date":"2024-11-28T05:15:59","date_gmt":"2024-11-28T05:15:59","guid":{"rendered":"https:\/\/volovape.com\/?page_id=5962"},"modified":"2025-08-10T19:24:03","modified_gmt":"2025-08-10T19:24:03","slug":"das-sagen-unsere-kunden","status":"publish","type":"page","link":"https:\/\/volovape.com\/de\/what-our-customers-say\/","title":{"rendered":"Was sagen unsere Kunden?"},"content":{"rendered":"<h3>Warum die Leute VOLO Vape lieben: Hier ist die Neuigkeit<\/h3>\n<p>Okay, ich habe viel dar\u00fcber geh\u00f6rt, <strong>VOLO Vape<\/strong> in letzter Zeit, und nachdem ich mir einige Kundenrezensionen angesehen habe, muss ich sagen, dass die Leute wirklich von ihnen schw\u00e4rmen. Im Ernst, es ist schwer, die Liebe zu ignorieren, die sie bekommen. Wenn Sie also auf Vaping stehen (oder auch nur neugierig sind), hier ist der Grund <strong>VOLO Vape<\/strong> bekommt all diese Aufmerksamkeit.<\/p>\n<p><strong>1. Qualit\u00e4t, die nicht aufgibt<\/strong><br \/>\nErstens kommen die Leute nicht mehr davon los, wie solide <strong>VOLO Vape<\/strong> Ger\u00e4te sind. Wir sprechen hier von langlebigen, hochwertigen Produkten. Rezensenten sagen immer wieder, dass ihre Vapes l\u00e4nger halten und besser funktionieren als viele andere auf dem Markt. Ich wei\u00df, wie frustrierend es sein kann, wenn man etwas Geld f\u00fcr einen Vape ausgibt und er nach ein paar Monaten den Geist aufgibt, aber mit <a href=\"https:\/\/volovape.com\/de\/\"><strong>VOLO Vape<\/strong><\/a>, das scheint kein Problem zu sein. Die Kunden sind von der Zuverl\u00e4ssigkeit ihrer Ger\u00e4te beeindruckt, was ein gro\u00dfer Vorteil ist, wenn Sie etwas suchen, das lange h\u00e4lt.<\/p>\n<p><strong>2. Sanfte Hits, jedes Mal<\/strong><br \/>\nWas die Leute au\u00dferdem so lieben? Wie sanft das Dampferlebnis ist. Kennen Sie den harten Krampf, den manche Vapes verursachen? <strong>VOLO Vape<\/strong> scheint diese Balance gefunden zu haben. Kritiker sagen, dass der Dampf super weich ist und der Geschmack genau richtig ist. Egal, ob Sie neu beim Dampfen sind oder ein erfahrener Profi, es klingt wie <strong>VOLO Vape<\/strong> gibt Ihnen jedes Mal den perfekten, zufriedenstellenden Hit.<\/p>\n<p><strong>3. Optionen f\u00fcr jeden Dampfertyp<\/strong><br \/>\nFolgendes ist aufgefallen: <strong>VOLO Vape<\/strong> hat eine Menge verschiedener Produkte. Egal, ob Sie jemand sind, der nur einen kompakten, leicht zu tragenden Vape m\u00f6chte oder ein robustes, langlebiges Ger\u00e4t sucht, <strong>VOLO Vape<\/strong> hat etwas f\u00fcr Sie. Und die Leute lieben diese Flexibilit\u00e4t \u2013 die M\u00f6glichkeit, das richtige Ger\u00e4t f\u00fcr ihren Stil und ihre Bed\u00fcrfnisse auszuw\u00e4hlen, ist ein riesiges Plus.<\/p>\n<p><strong>4. Kundenservice, der sich wirklich k\u00fcmmert<\/strong><br \/>\nIch habe viele Bewertungen gesehen, in denen Leute den Kundenservice loben. Und ehrlich gesagt, das ist etwas, wor\u00fcber man nicht immer etwas h\u00f6rt. Viele Unternehmen k\u00f6nnen beim Support mal gut, mal schlecht sein, aber <strong>VOLO Vape<\/strong> hat Lob f\u00fcr seine super Reaktionsschnelligkeit bekommen. Wenn es jemals ein Problem mit einer Bestellung oder einem Produkt gibt, beheben sie es schnell. Es ist, als ob sie sich wirklich daf\u00fcr einsetzen, dass Sie gut aufgehoben sind, und das z\u00e4hlt viel.<\/p>\n<p><strong>5. Erschwinglich, aber dennoch erstklassig<\/strong><br \/>\nSie wissen, wie das ist \u2013 manchmal m\u00f6chte man das Beste, aber der Geldbeutel ist nicht immer einverstanden. Nun, hier ist das Coole daran: Die Leute sagen, dass <strong>VOLO Vape<\/strong> bietet gro\u00dfartige Produkte ohne den wahnsinnig hohen Preis. Es ist eine dieser Marken, die Ihnen ein gutes Preis-Leistungs-Verh\u00e4ltnis bietet, weshalb so viele Kunden immer wieder zur\u00fcckkommen. Sie erhalten Premiumqualit\u00e4t, ohne das Gef\u00fchl zu haben, dass Sie daf\u00fcr Ihr Konto sprengen.<\/p>\n<p><strong>6. Schnelle Lieferung, die Sie nicht warten l\u00e4sst<\/strong><br \/>\nWenn Sie so sind wie ich, hassen Sie es, auf Pakete zu warten. Es ist fast wie ein Spiel von \u201eWird es heute ankommen?\u201c Aber mit <strong>VOLO Vape<\/strong>, sagen die Leute, dass sie schnell mit dem Versand sind und ihre Bestellungen manchmal sogar fr\u00fcher als erwartet erhalten. Wenn Sie also Lust haben, etwas Neues auszuprobieren, scheint es, als ob <strong>VOLO Vape<\/strong> l\u00e4sst Sie nicht zu lange h\u00e4ngen.<\/p>\n<p><strong>7. Die Leute kommen immer wieder zur\u00fcck, um mehr zu erfahren<\/strong><br \/>\nEine der wichtigsten Erkenntnisse aus diesen Bewertungen? Menschen sind loyal. Sobald sie es versuchen <strong>VOLO Vape<\/strong>, sie bleiben dabei. Viele Benutzer haben gesagt, sie seien von anderen Marken zu ihnen gewechselt und h\u00e4tten es nicht bereut. Ihre Produkte haben etwas an sich \u2013 vielleicht ist es die Qualit\u00e4t, vielleicht ist es die Konsistenz \u2013, das die Leute immer wieder zur\u00fcckkommen l\u00e4sst. Und ehrlich gesagt, wenn eine Marke sich diese Art von Loyalit\u00e4t verdient, sagt das viel aus.<\/p>\n<hr \/>\n<p><strong>Fazit:<\/strong><br \/>\nAlso ja, es sieht aus wie <strong>VOLO Vape<\/strong> macht wirklich etwas richtig. Ihre Produkte, ihr Kundenservice, ihre Preise und ihr Versand werden von den Benutzern sehr gesch\u00e4tzt. Wenn Sie auf der Suche nach einem soliden Vape sind, k\u00f6nnte es sich lohnen, sie auszuprobieren. Das Feedback spricht f\u00fcr sich selbst und ich sch\u00e4tze, Sie werden sehen, warum so viele Leute Fans sind.<\/p>","protected":false},"excerpt":{"rendered":"<p>Why People Are Loving VOLO Vape: Here&#8217;s the Scoop Okay, so I\u2019ve been hearing a lot of buzz about VOLO Vape lately, and after checking out some customer reviews, I gotta say, people are really raving about them. Seriously, it\u2019s hard to ignore the love they\u2019re getting. So, if you\u2019re into vaping (or even if [&hellip;]<\/p>\n","protected":false},"author":1,"featured_media":0,"parent":0,"menu_order":0,"comment_status":"closed","ping_status":"closed","template":"","meta":{"footnotes":""},"class_list":["post-5962","page","type-page","status-publish","hentry"],"jetpack_sharing_enabled":true,"_links":{"self":[{"href":"https:\/\/volovape.com\/de\/wp-json\/wp\/v2\/pages\/5962","targetHints":{"allow":["GET"]}}],"collection":[{"href":"https:\/\/volovape.com\/de\/wp-json\/wp\/v2\/pages"}],"about":[{"href":"https:\/\/volovape.com\/de\/wp-json\/wp\/v2\/types\/page"}],"author":[{"embeddable":true,"href":"https:\/\/volovape.com\/de\/wp-json\/wp\/v2\/users\/1"}],"replies":[{"embeddable":true,"href":"https:\/\/volovape.com\/de\/wp-json\/wp\/v2\/comments?post=5962"}],"version-history":[{"count":3,"href":"https:\/\/volovape.com\/de\/wp-json\/wp\/v2\/pages\/5962\/revisions"}],"predecessor-version":[{"id":35706,"href":"https:\/\/volovape.com\/de\/wp-json\/wp\/v2\/pages\/5962\/revisions\/35706"}],"wp:attachment":[{"href":"https:\/\/volovape.com\/de\/wp-json\/wp\/v2\/media?parent=5962"}],"curies":[{"name":"wp","href":"https:\/\/api.w.org\/{rel}","templated":true}]}}